{"id":3556,"date":"2025-10-07T18:09:59","date_gmt":"2025-10-07T23:09:59","guid":{"rendered":"https:\/\/etagro.com\/new\/?post_type=product&#038;p=3556"},"modified":"2025-10-07T18:10:40","modified_gmt":"2025-10-07T23:10:40","slug":"despulpadora-horizontal-dh-3-%c2%bd-cobre","status":"publish","type":"product","link":"https:\/\/etagro.com\/?product=despulpadora-horizontal-dh-3-%c2%bd-cobre","title":{"rendered":"Despulpadora Horizontal DH-3 \u00bd Cobre"},"content":{"rendered":"<p>Eficiencia y durabilidad al alcance de todos<\/p>\n<p>Nuestros modelos tradicionales son amigables con el medio ambiente y despulpan el caf\u00e9 cereza maduro con la mejor eficiencia.<br \/>\nLas despulpadoras 3 1\/2 Penagos son m\u00e1quinas cuyos componentes principales como son, costados, pechero, cilindro volante y pi\u00f1ones del alimentador, son fabricadas en hierro gris, esta fundici\u00f3n hace que las despulpadoras sean muy resistentes a las condiciones ambientales y tengan una larga vida \u00fatil. Sus componentes son fabricados en equipos de \u00faltima generaci\u00f3n logrando ajustes precisos y garantizando un recambio de repuestos que facilita el mantenimiento de la m\u00e1quina.<\/p>\n","protected":false},"excerpt":{"rendered":"<p>Despulpadora horizontal para 700-1.000 kgs. de caf\u00e9 cereza\/hora, costados y cilindro en<br \/>\nfundici\u00f3n. Camisa en cobre. 3 chorros.<\/p>\n","protected":false},"featured_media":2042,"comment_status":"open","ping_status":"closed","template":"","meta":{"_joinchat":[]},"product_brand":[],"product_cat":[30],"product_tag":[],"class_list":{"0":"post-3556","1":"product","2":"type-product","3":"status-publish","4":"has-post-thumbnail","6":"product_cat-cafe-y-panela","8":"first","9":"instock","10":"taxable","11":"shipping-taxable","12":"purchasable","13":"product-type-simple"},"_links":{"self":[{"href":"https:\/\/etagro.com\/index.php?rest_route=\/wp\/v2\/product\/3556","targetHints":{"allow":["GET"]}}],"collection":[{"href":"https:\/\/etagro.com\/index.php?rest_route=\/wp\/v2\/product"}],"about":[{"href":"https:\/\/etagro.com\/index.php?rest_route=\/wp\/v2\/types\/product"}],"replies":[{"embeddable":true,"href":"https:\/\/etagro.com\/index.php?rest_route=%2Fwp%2Fv2%2Fcomments&post=3556"}],"wp:featuredmedia":[{"embeddable":true,"href":"https:\/\/etagro.com\/index.php?rest_route=\/wp\/v2\/media\/2042"}],"wp:attachment":[{"href":"https:\/\/etagro.com\/index.php?rest_route=%2Fwp%2Fv2%2Fmedia&parent=3556"}],"wp:term":[{"taxonomy":"product_brand","embeddable":true,"href":"https:\/\/etagro.com\/index.php?rest_route=%2Fwp%2Fv2%2Fproduct_brand&post=3556"},{"taxonomy":"product_cat","embeddable":true,"href":"https:\/\/etagro.com\/index.php?rest_route=%2Fwp%2Fv2%2Fproduct_cat&post=3556"},{"taxonomy":"product_tag","embeddable":true,"href":"https:\/\/etagro.com\/index.php?rest_route=%2Fwp%2Fv2%2Fproduct_tag&post=3556"}],"curies":[{"name":"wp","href":"https:\/\/api.w.org\/{rel}","templated":true}]}}