{"id":3551,"date":"2025-10-07T18:08:02","date_gmt":"2025-10-07T23:08:02","guid":{"rendered":"https:\/\/etagro.com\/new\/?post_type=product&#038;p=3551"},"modified":"2025-10-07T18:09:21","modified_gmt":"2025-10-07T23:09:21","slug":"despulpadora-horizontal-dh-2-%c2%be-inox","status":"publish","type":"product","link":"https:\/\/etagro.com\/?product=despulpadora-horizontal-dh-2-%c2%be-inox","title":{"rendered":"Despulpadora Horizontal DH 2 \u00be  Inox"},"content":{"rendered":"<p>Nuestros modelos tradicionales son amigables con el medio ambiente y despulpan el caf\u00e9 cereza maduro con la mejor eficiencia.<br \/>\nLas despulpadoras 2 3\/4 Penagos son m\u00e1quinas cuyos componentes principales como son, costados, pechero, cilindro volante y pi\u00f1ones del alimentador, son fabricadas en hierro gris, esta fundici\u00f3n hace que las despulpadoras sean muy resistentes a las condiciones ambientales y tengan una larga vida \u00fatil. Sus componentes son fabricados en equipos de \u00faltima generaci\u00f3n logrando ajustes precisos y garantizando un recambio de repuestos que facilita el mantenimiento de la m\u00e1quina.<\/p>\n<p>&nbsp;<\/p>\n<p>-M\u00e1ximo rendimiento por su alta eficiencia de despulpe.<br \/>\n-Despulpan sin usar agua.<br \/>\n-F\u00e1cil calibraci\u00f3n, mantenimiento y operaci\u00f3n.<br \/>\n-Posibilidad de operar de forma manual o con motor.<br \/>\n-Pintura con mayor durabilidad para exposici\u00f3n en ambientes corrosivos.<\/p>\n<p>*Base no incluida.<\/p>\n","protected":false},"excerpt":{"rendered":"<p>Despulpadora horizontal para 450-550 kgs. de caf\u00e9 cereza\/hora, costados y cilindro en<br \/>\nfundici\u00f3n. Camisa en acero inoxidable. 2 chorros.<\/p>\n","protected":false},"featured_media":2037,"comment_status":"open","ping_status":"closed","template":"","meta":{"_joinchat":[]},"product_brand":[],"product_cat":[30],"product_tag":[],"class_list":{"0":"post-3551","1":"product","2":"type-product","3":"status-publish","4":"has-post-thumbnail","6":"product_cat-cafe-y-panela","8":"first","9":"instock","10":"taxable","11":"shipping-taxable","12":"purchasable","13":"product-type-simple"},"_links":{"self":[{"href":"https:\/\/etagro.com\/index.php?rest_route=\/wp\/v2\/product\/3551","targetHints":{"allow":["GET"]}}],"collection":[{"href":"https:\/\/etagro.com\/index.php?rest_route=\/wp\/v2\/product"}],"about":[{"href":"https:\/\/etagro.com\/index.php?rest_route=\/wp\/v2\/types\/product"}],"replies":[{"embeddable":true,"href":"https:\/\/etagro.com\/index.php?rest_route=%2Fwp%2Fv2%2Fcomments&post=3551"}],"wp:featuredmedia":[{"embeddable":true,"href":"https:\/\/etagro.com\/index.php?rest_route=\/wp\/v2\/media\/2037"}],"wp:attachment":[{"href":"https:\/\/etagro.com\/index.php?rest_route=%2Fwp%2Fv2%2Fmedia&parent=3551"}],"wp:term":[{"taxonomy":"product_brand","embeddable":true,"href":"https:\/\/etagro.com\/index.php?rest_route=%2Fwp%2Fv2%2Fproduct_brand&post=3551"},{"taxonomy":"product_cat","embeddable":true,"href":"https:\/\/etagro.com\/index.php?rest_route=%2Fwp%2Fv2%2Fproduct_cat&post=3551"},{"taxonomy":"product_tag","embeddable":true,"href":"https:\/\/etagro.com\/index.php?rest_route=%2Fwp%2Fv2%2Fproduct_tag&post=3551"}],"curies":[{"name":"wp","href":"https:\/\/api.w.org\/{rel}","templated":true}]}}