{"id":3545,"date":"2025-10-07T18:01:47","date_gmt":"2025-10-07T23:01:47","guid":{"rendered":"https:\/\/etagro.com\/new\/?post_type=product&#038;p=3545"},"modified":"2025-10-07T18:01:47","modified_gmt":"2025-10-07T23:01:47","slug":"trapiche-th-8","status":"publish","type":"product","link":"https:\/\/etagro.com\/?product=trapiche-th-8","title":{"rendered":"Trapiche TH-8"},"content":{"rendered":"<p>La industria panelera necesitaba un trapiche con el m\u00e1ximo de rendimiento del mercado.<\/p>\n<p>Los trapiches Penagos est\u00e1n dise\u00f1ados para conseguir el mayor rendimiento tanto de extracci\u00f3n como de potencia, los cuales se obtienen con la combinaci\u00f3n di\u00e1metro, velocidad y rayado de las mazas. Partes principales son en fundici\u00f3n gris de alta resistencia y mecanizadas bajo normas de calidad y precisi\u00f3n que no solo garantizan la vida \u00fatil del molino, sino la facilidad de los recambios.<\/p>\n<p>\u2013 Equipo de alto rendimiento<br \/>\n\u2013 Se utiliza en la extracci\u00f3n del jugo de la ca\u00f1a para la elaboraci\u00f3n de mieles y panela.<br \/>\n\u2013 Se garantiza la extracci\u00f3n del 60% de la ca\u00f1a.<br \/>\n\u2013 Puede ser accionados con motores el\u00e9ctricos o motores di\u00e9sel de bajas revoluciones.<\/p>\n<table width=\"350\">\n<tbody>\n<tr>\n<td width=\"225\">Modelo<\/td>\n<td width=\"125\">TH-8<\/td>\n<\/tr>\n<tr>\n<td width=\"225\">Producci\u00f3n Ca\u00f1a<\/td>\n<td width=\"125\">800 \u2013 1000* kg\/h<\/td>\n<\/tr>\n<tr>\n<td width=\"225\">Potencia requerida motor el\u00e9ctrico<\/td>\n<td width=\"125\">8 HP<\/td>\n<\/tr>\n<tr>\n<td width=\"225\">Potencia requerida motor estacionario<\/td>\n<td width=\"125\">12 HP<\/td>\n<\/tr>\n<tr>\n<td width=\"225\">Velocidad Maza Mayor R.P.M.<\/td>\n<td width=\"125\">12<\/td>\n<\/tr>\n<tr>\n<td width=\"225\">Velocidad Polea R.P.M.<\/td>\n<td width=\"125\">197<\/td>\n<\/tr>\n<tr>\n<td width=\"225\">Peso aproximado<\/td>\n<td width=\"125\">930 kilos<\/td>\n<\/tr>\n<\/tbody>\n<\/table>\n","protected":false},"excerpt":{"rendered":"<p>Los trapiches Penagos est\u00e1n dise\u00f1ados para conseguir el mayor rendimiento tanto de extracci\u00f3n como de potencia, los cuales se obtienen con la combinaci\u00f3n di\u00e1metro, velocidad y rayado de las mazas. Partes principales son en fundici\u00f3n gris de alta resistencia y mecanizadas bajo normas de calidad y precisi\u00f3n que no solo garantizan la vida \u00fatil del molino, sino la facilidad de los recambios.<\/p>\n","protected":false},"featured_media":3546,"comment_status":"open","ping_status":"closed","template":"","meta":{"_joinchat":[]},"product_brand":[],"product_cat":[30],"product_tag":[],"class_list":{"0":"post-3545","1":"product","2":"type-product","3":"status-publish","4":"has-post-thumbnail","6":"product_cat-cafe-y-panela","8":"first","9":"instock","10":"taxable","11":"shipping-taxable","12":"purchasable","13":"product-type-simple"},"_links":{"self":[{"href":"https:\/\/etagro.com\/index.php?rest_route=\/wp\/v2\/product\/3545","targetHints":{"allow":["GET"]}}],"collection":[{"href":"https:\/\/etagro.com\/index.php?rest_route=\/wp\/v2\/product"}],"about":[{"href":"https:\/\/etagro.com\/index.php?rest_route=\/wp\/v2\/types\/product"}],"replies":[{"embeddable":true,"href":"https:\/\/etagro.com\/index.php?rest_route=%2Fwp%2Fv2%2Fcomments&post=3545"}],"wp:featuredmedia":[{"embeddable":true,"href":"https:\/\/etagro.com\/index.php?rest_route=\/wp\/v2\/media\/3546"}],"wp:attachment":[{"href":"https:\/\/etagro.com\/index.php?rest_route=%2Fwp%2Fv2%2Fmedia&parent=3545"}],"wp:term":[{"taxonomy":"product_brand","embeddable":true,"href":"https:\/\/etagro.com\/index.php?rest_route=%2Fwp%2Fv2%2Fproduct_brand&post=3545"},{"taxonomy":"product_cat","embeddable":true,"href":"https:\/\/etagro.com\/index.php?rest_route=%2Fwp%2Fv2%2Fproduct_cat&post=3545"},{"taxonomy":"product_tag","embeddable":true,"href":"https:\/\/etagro.com\/index.php?rest_route=%2Fwp%2Fv2%2Fproduct_tag&post=3545"}],"curies":[{"name":"wp","href":"https:\/\/api.w.org\/{rel}","templated":true}]}}