{"id":3517,"date":"2025-10-07T17:29:16","date_gmt":"2025-10-07T22:29:16","guid":{"rendered":"https:\/\/etagro.com\/new\/?product=tp-28"},"modified":"2025-10-23T14:18:45","modified_gmt":"2025-10-23T19:18:45","slug":"tp-28","status":"publish","type":"product","link":"https:\/\/etagro.com\/?product=tp-28","title":{"rendered":"Triturador Picador PENAGOS TP-28"},"content":{"rendered":"<p>Este triturador tiene buen desempe\u00f1o en el picado de pasto<\/p>\n<p>Dise\u00f1ado para triturar granos y picar forrajes (pastos verdes y secos, ca\u00f1a dulce, mazorca de ma\u00edz, tusas etc.). Al trabajar como picapastos brindan la mezcla ideal de forraje, grano concentrado, y ca\u00f1a de az\u00facar que garantiza la completa ingesti\u00f3n para el ganado.<\/p>\n<ul>\n<li aria-level=\"1\"><b>Tritura:<\/b>\u00a0tub\u00e9rculos (papa, pl\u00e1tano, yuca)<\/li>\n<li aria-level=\"1\"><b>Muele:<\/b>\u00a0granos de ma\u00edz, sorgo, soya, arroz, trigo, cebada, frijol, cereales secos o hueso de pescado, produciendo harinas gruesas o finas seg\u00fan la criba utilizada.<\/li>\n<li aria-level=\"1\"><b>Pica:<\/b>\u00a0todo tipo de pastos, ca\u00f1as, leguminosas y especies forrajeras.<\/li>\n<\/ul>\n<p>Los productos procesados podr\u00e1n ser utilizados para hacer concentrados y como ingredientes de\u00a0 bloques multi-nutricionales<\/p>\n<p>Nuevo accesorio impulsor que se puede usar como limpiador de polvillo cuando se tritura con la criba de 3 mm, separando las part\u00edculas y polvo del grano seco, logrando as\u00ed un producto final m\u00e1s limpio<\/p>\n<p>*El cicl\u00f3n de almacenamiento, impulsor y acople a tractor se venden por separado<\/p>\n","protected":false},"excerpt":{"rendered":"<p>Triturador picador No. 28 con base para motor el?ctrico y\/o combusti?n, 28 martillos,<br \/>\n4 cuchillas. No Incluye Motor<\/p>\n","protected":false},"featured_media":3521,"comment_status":"open","ping_status":"closed","template":"","meta":{"_joinchat":[]},"product_brand":[],"product_cat":[111,15],"product_tag":[],"class_list":{"0":"post-3517","1":"product","2":"type-product","3":"status-publish","4":"has-post-thumbnail","6":"product_cat-picapasto","7":"product_cat-tienda","9":"first","10":"instock","11":"taxable","12":"shipping-taxable","13":"purchasable","14":"product-type-simple"},"_links":{"self":[{"href":"https:\/\/etagro.com\/index.php?rest_route=\/wp\/v2\/product\/3517","targetHints":{"allow":["GET"]}}],"collection":[{"href":"https:\/\/etagro.com\/index.php?rest_route=\/wp\/v2\/product"}],"about":[{"href":"https:\/\/etagro.com\/index.php?rest_route=\/wp\/v2\/types\/product"}],"replies":[{"embeddable":true,"href":"https:\/\/etagro.com\/index.php?rest_route=%2Fwp%2Fv2%2Fcomments&post=3517"}],"wp:featuredmedia":[{"embeddable":true,"href":"https:\/\/etagro.com\/index.php?rest_route=\/wp\/v2\/media\/3521"}],"wp:attachment":[{"href":"https:\/\/etagro.com\/index.php?rest_route=%2Fwp%2Fv2%2Fmedia&parent=3517"}],"wp:term":[{"taxonomy":"product_brand","embeddable":true,"href":"https:\/\/etagro.com\/index.php?rest_route=%2Fwp%2Fv2%2Fproduct_brand&post=3517"},{"taxonomy":"product_cat","embeddable":true,"href":"https:\/\/etagro.com\/index.php?rest_route=%2Fwp%2Fv2%2Fproduct_cat&post=3517"},{"taxonomy":"product_tag","embeddable":true,"href":"https:\/\/etagro.com\/index.php?rest_route=%2Fwp%2Fv2%2Fproduct_tag&post=3517"}],"curies":[{"name":"wp","href":"https:\/\/api.w.org\/{rel}","templated":true}]}}