{"id":3516,"date":"2025-10-07T17:29:16","date_gmt":"2025-10-07T22:29:16","guid":{"rendered":"https:\/\/etagro.com\/new\/?product=tp-24b"},"modified":"2025-10-23T14:18:56","modified_gmt":"2025-10-23T19:18:56","slug":"tp-24b","status":"publish","type":"product","link":"https:\/\/etagro.com\/?product=tp-24b","title":{"rendered":"Triturador Picador PENAGOS TP-24B"},"content":{"rendered":"<p><em>Eficiente para moler, picar y triturar variedad de productos.<\/em><\/p>\n<p>El TP \u2013 24 es una combinaci\u00f3n de triturador y picapastos ideal para hacer ensilaje. Est\u00e1 dise\u00f1ado para triturar granos y forrajes (pastos verdes y secos, ca\u00f1a dulce, mazorca de ma\u00edz, tusas etc.). Al trabajar como picapastos brinda la mezcla ideal de forraje, grano concentrado, y ca\u00f1a de az\u00facar que garantiza la completa ingesti\u00f3n por el ganado.<\/p>\n<p>-Tritura: tub\u00e9rculos, ramas de productos vegetales, entre otros.<br \/>\n-Muele: granos de ma\u00edz, sorgo, soya, arroz, trigo, cebada, frijol, cereales secos o hueso de pescado, produciendo harinas gruesas o finas seg\u00fan la criba utilizada.<br \/>\n-Pica todo tipo de pastos, ca\u00f1as, leguminosas y especies forrajeras.<br \/>\n-Dise\u00f1ada para motor el\u00e9ctrico, contando como accesorio adicional con una base para motores gasolina o di\u00e9sel.<br \/>\n-Posee una tolva para granos con puerta de dosificaci\u00f3n, que facilita ajustar la alimentaci\u00f3n seg\u00fan la potencia usada en el equipo.<\/p>\n<p><strong>No es recomendable para utilizar solo como picadora de pasto<\/p>\n<p><\/strong><\/p>\n<table width=\"414\">\n<tbody>\n<tr>\n<td width=\"212\">Modelo<\/td>\n<td width=\"202\">TP-24<\/td>\n<\/tr>\n<tr>\n<td width=\"212\">Producci\u00f3n desintegrando cereales secos*<\/td>\n<td width=\"202\">150-900 kg\/h<\/td>\n<\/tr>\n<tr>\n<td width=\"212\">Producci\u00f3n picando forrajes **<\/td>\n<td width=\"202\">1000-2500 kg\/h<\/td>\n<\/tr>\n<tr>\n<td width=\"212\">N\u00famero de martillos<\/td>\n<td width=\"202\">24<\/td>\n<\/tr>\n<tr>\n<td width=\"212\">N\u00famero de cuchillas<\/td>\n<td width=\"202\">4<\/td>\n<\/tr>\n<tr>\n<td width=\"212\">N\u00famero de contracuchillas<\/td>\n<td width=\"202\">1<\/td>\n<\/tr>\n<tr>\n<td width=\"212\">Cribas (agujeros en mil\u00edmetros)<\/td>\n<td width=\"202\">2, 3, 5, 14 y lisa<\/td>\n<\/tr>\n<tr>\n<td width=\"212\">Revoluciones del rotor<\/td>\n<td width=\"202\">3500 \u2013 3600 R.P.M<\/td>\n<\/tr>\n<tr>\n<td width=\"212\">Potencia motor el\u00e9ctrico<\/td>\n<td width=\"202\">7.5-10 H.P<\/td>\n<\/tr>\n<tr>\n<td width=\"212\">Potencia motor gasolina o di\u00e9sel<\/td>\n<td width=\"202\">10 \u2013 13 H.P<\/td>\n<\/tr>\n<tr>\n<td width=\"212\">Dimensiones (LxAxH)<\/td>\n<td width=\"202\">660 x 550 x 1.200mm<\/td>\n<\/tr>\n<\/tbody>\n<\/table>\n<p>&nbsp;<\/p>\n","protected":false},"excerpt":{"rendered":"<p>Triturador picador No. 24 con base para motor el\u00e9ctrico y\/o gasolina, 24 martillos, 4<br \/>\ncuchillas.<\/p>\n","protected":false},"featured_media":3530,"comment_status":"open","ping_status":"closed","template":"","meta":{"_joinchat":[]},"product_brand":[],"product_cat":[111,15],"product_tag":[],"class_list":{"0":"post-3516","1":"product","2":"type-product","3":"status-publish","4":"has-post-thumbnail","6":"product_cat-picapasto","7":"product_cat-tienda","9":"first","10":"instock","11":"taxable","12":"shipping-taxable","13":"purchasable","14":"product-type-simple"},"_links":{"self":[{"href":"https:\/\/etagro.com\/index.php?rest_route=\/wp\/v2\/product\/3516","targetHints":{"allow":["GET"]}}],"collection":[{"href":"https:\/\/etagro.com\/index.php?rest_route=\/wp\/v2\/product"}],"about":[{"href":"https:\/\/etagro.com\/index.php?rest_route=\/wp\/v2\/types\/product"}],"replies":[{"embeddable":true,"href":"https:\/\/etagro.com\/index.php?rest_route=%2Fwp%2Fv2%2Fcomments&post=3516"}],"wp:featuredmedia":[{"embeddable":true,"href":"https:\/\/etagro.com\/index.php?rest_route=\/wp\/v2\/media\/3530"}],"wp:attachment":[{"href":"https:\/\/etagro.com\/index.php?rest_route=%2Fwp%2Fv2%2Fmedia&parent=3516"}],"wp:term":[{"taxonomy":"product_brand","embeddable":true,"href":"https:\/\/etagro.com\/index.php?rest_route=%2Fwp%2Fv2%2Fproduct_brand&post=3516"},{"taxonomy":"product_cat","embeddable":true,"href":"https:\/\/etagro.com\/index.php?rest_route=%2Fwp%2Fv2%2Fproduct_cat&post=3516"},{"taxonomy":"product_tag","embeddable":true,"href":"https:\/\/etagro.com\/index.php?rest_route=%2Fwp%2Fv2%2Fproduct_tag&post=3516"}],"curies":[{"name":"wp","href":"https:\/\/api.w.org\/{rel}","templated":true}]}}