{"id":3512,"date":"2025-10-07T17:18:00","date_gmt":"2025-10-07T22:18:00","guid":{"rendered":"https:\/\/etagro.com\/new\/?post_type=product&#038;p=3512"},"modified":"2025-10-23T14:19:09","modified_gmt":"2025-10-23T19:19:09","slug":"tp-8-amg","status":"publish","type":"product","link":"https:\/\/etagro.com\/?product=tp-8-amg","title":{"rendered":"Triturador Picador PENAGOS TP-8 AMG"},"content":{"rendered":"<p>Nuevo triturador Picador TP8 AMG con motor gasolina de 6.5 HP acoplado.<\/p>\n<p>El nuevo TP-8AMG est\u00e1 listo para operar gracias a su acople directo que le permitir\u00e1 ahorrar espacio porque no necesita base motor; ahorre dinero ya que no necesitar\u00e1 protector, ni poleas, ni correas; y ahorrar tiempo porque no necesita instalar motor, ni base, ni correas.<\/p>\n<p>-Es eficiente para moler, picar y triturar variedad de productos.<br \/>\n-Pica todo tipo de pastos, ca\u00f1as, leguminosas y especies forrajeras.<br \/>\n-Muele: granos de ma\u00edz, sorgo, soya, arroz, trigo, cebada, frijol y cereales secos en general, produciendo harinas gruesas o finas seg\u00fan la criba utilizada.<br \/>\n-Tritura: tub\u00e9rculos, ramas de productos vegetales, entre otros<\/p>\n","protected":false},"excerpt":{"rendered":"<p>Triturador picador No. 8. Incluye motor gasolina de 6.5 HP acoplado<\/p>\n","protected":false},"featured_media":3514,"comment_status":"open","ping_status":"closed","template":"","meta":{"_joinchat":[]},"product_brand":[],"product_cat":[111,15],"product_tag":[],"class_list":{"0":"post-3512","1":"product","2":"type-product","3":"status-publish","4":"has-post-thumbnail","6":"product_cat-picapasto","7":"product_cat-tienda","9":"first","10":"instock","11":"taxable","12":"shipping-taxable","13":"purchasable","14":"product-type-simple"},"_links":{"self":[{"href":"https:\/\/etagro.com\/index.php?rest_route=\/wp\/v2\/product\/3512","targetHints":{"allow":["GET"]}}],"collection":[{"href":"https:\/\/etagro.com\/index.php?rest_route=\/wp\/v2\/product"}],"about":[{"href":"https:\/\/etagro.com\/index.php?rest_route=\/wp\/v2\/types\/product"}],"replies":[{"embeddable":true,"href":"https:\/\/etagro.com\/index.php?rest_route=%2Fwp%2Fv2%2Fcomments&post=3512"}],"wp:featuredmedia":[{"embeddable":true,"href":"https:\/\/etagro.com\/index.php?rest_route=\/wp\/v2\/media\/3514"}],"wp:attachment":[{"href":"https:\/\/etagro.com\/index.php?rest_route=%2Fwp%2Fv2%2Fmedia&parent=3512"}],"wp:term":[{"taxonomy":"product_brand","embeddable":true,"href":"https:\/\/etagro.com\/index.php?rest_route=%2Fwp%2Fv2%2Fproduct_brand&post=3512"},{"taxonomy":"product_cat","embeddable":true,"href":"https:\/\/etagro.com\/index.php?rest_route=%2Fwp%2Fv2%2Fproduct_cat&post=3512"},{"taxonomy":"product_tag","embeddable":true,"href":"https:\/\/etagro.com\/index.php?rest_route=%2Fwp%2Fv2%2Fproduct_tag&post=3512"}],"curies":[{"name":"wp","href":"https:\/\/api.w.org\/{rel}","templated":true}]}}