{"id":3495,"date":"2025-10-07T16:26:43","date_gmt":"2025-10-07T21:26:43","guid":{"rendered":"https:\/\/etagro.com\/new\/?product=pe-1200b"},"modified":"2025-10-23T14:20:27","modified_gmt":"2025-10-23T19:20:27","slug":"pe-1200b","status":"publish","type":"product","link":"https:\/\/etagro.com\/?product=pe-1200b","title":{"rendered":"Picadora PE-1200B"},"content":{"rendered":"<p>Gran capacidad para raci\u00f3n diaria y ensilaje<\/p>\n<p>Ideal para picar y ensilar: Pasto, Ca\u00f1a, Ma\u00edz, Sorgo, leguminosas y otras especies forrajeras, poseen alimentaci\u00f3n mec\u00e1nica por medio de rodillos alimentadores y ofrecen diferentes opciones de tama\u00f1os de longitud de corte.<\/p>\n<p>\u2013 Protector de correas met\u00e1lico<br \/>\n\u2013 Cuello de ganso que permite direccionar el material<br \/>\nPuede ser accionada a tractor, para esto requiere un accesorio adicional<br \/>\nTiene sistema de retroceso en la alimentaci\u00f3n en caso de atascamiento por sobrealimentaci\u00f3n o entrada de objetos extra\u00f1os<br \/>\n*Si la PE-1200 va a ser accionada con tractor se debe solicitar un aditamento o acople al tractor el cual se vende como un accesorio adicional. Si un usuario tiene la PE-1200 accionada con motor puede convertirla f\u00e1cilmente a accionamiento con tractor y viceversa; para esto solicitar\u00e1 el acople al tractor.<\/p>\n","protected":false},"excerpt":{"rendered":"<p>Picadora No. 1.200B, 3 cuchillas m\u00f3viles, base para motor el\u00e9ctrico, gasolina o di\u00e9sel.<\/p>\n","protected":false},"featured_media":3501,"comment_status":"open","ping_status":"closed","template":"","meta":{"_joinchat":[]},"product_brand":[],"product_cat":[60,15,39],"product_tag":[],"class_list":{"0":"post-3495","1":"product","2":"type-product","3":"status-publish","4":"has-post-thumbnail","6":"product_cat-cortacesped","7":"product_cat-tienda","8":"product_cat-zonas-verdes","10":"first","11":"instock","12":"taxable","13":"shipping-taxable","14":"purchasable","15":"product-type-simple"},"_links":{"self":[{"href":"https:\/\/etagro.com\/index.php?rest_route=\/wp\/v2\/product\/3495","targetHints":{"allow":["GET"]}}],"collection":[{"href":"https:\/\/etagro.com\/index.php?rest_route=\/wp\/v2\/product"}],"about":[{"href":"https:\/\/etagro.com\/index.php?rest_route=\/wp\/v2\/types\/product"}],"replies":[{"embeddable":true,"href":"https:\/\/etagro.com\/index.php?rest_route=%2Fwp%2Fv2%2Fcomments&post=3495"}],"wp:featuredmedia":[{"embeddable":true,"href":"https:\/\/etagro.com\/index.php?rest_route=\/wp\/v2\/media\/3501"}],"wp:attachment":[{"href":"https:\/\/etagro.com\/index.php?rest_route=%2Fwp%2Fv2%2Fmedia&parent=3495"}],"wp:term":[{"taxonomy":"product_brand","embeddable":true,"href":"https:\/\/etagro.com\/index.php?rest_route=%2Fwp%2Fv2%2Fproduct_brand&post=3495"},{"taxonomy":"product_cat","embeddable":true,"href":"https:\/\/etagro.com\/index.php?rest_route=%2Fwp%2Fv2%2Fproduct_cat&post=3495"},{"taxonomy":"product_tag","embeddable":true,"href":"https:\/\/etagro.com\/index.php?rest_route=%2Fwp%2Fv2%2Fproduct_tag&post=3495"}],"curies":[{"name":"wp","href":"https:\/\/api.w.org\/{rel}","templated":true}]}}