{"id":3494,"date":"2025-10-07T16:26:43","date_gmt":"2025-10-07T21:26:43","guid":{"rendered":"https:\/\/etagro.com\/new\/?product=pe-800b"},"modified":"2025-10-23T14:20:10","modified_gmt":"2025-10-23T19:20:10","slug":"pe-800b","status":"publish","type":"product","link":"https:\/\/etagro.com\/?product=pe-800b","title":{"rendered":"Picadora PE-800B"},"content":{"rendered":"<p>Gran capacidad para raci\u00f3n diaria y ensilaje<\/p>\n<p>Ideal para picar y ensilar: Pasto, Ca\u00f1a, Ma\u00edz, Sorgo, leguminosas y otras especies forrajeras, poseen alimentaci\u00f3n mec\u00e1nica por medio de rodillos alimentadores y ofrecen diferentes opciones de tama\u00f1os de longitud de corte.<\/p>\n<p>\u2013 Protector de correas met\u00e1lico<br \/>\n\u2013 Cuello de ganso que permite direccionar el material<\/p>\n","protected":false},"excerpt":{"rendered":"<p>Picadora No. 800, 3 cuchillas m\u00f3viles, cuello giratorio, base para motor el\u00e9ctrico,<br \/>\ndi\u00e9sel o gasolina.<\/p>\n<p>Ideal para picar y ensilar: Pasto, Ca\u00f1a, Ma\u00edz, Sorgo, leguminosas y otras especies forrajeras, poseen alimentaci\u00f3n mec\u00e1nica por medio de rodillos alimentadores y ofrecen diferentes opciones de tama\u00f1os de longitud de corte.<\/p>\n","protected":false},"featured_media":3505,"comment_status":"open","ping_status":"closed","template":"","meta":{"_joinchat":[]},"product_brand":[],"product_cat":[60,15,39],"product_tag":[],"class_list":{"0":"post-3494","1":"product","2":"type-product","3":"status-publish","4":"has-post-thumbnail","6":"product_cat-cortacesped","7":"product_cat-tienda","8":"product_cat-zonas-verdes","10":"first","11":"instock","12":"taxable","13":"shipping-taxable","14":"purchasable","15":"product-type-simple"},"_links":{"self":[{"href":"https:\/\/etagro.com\/index.php?rest_route=\/wp\/v2\/product\/3494","targetHints":{"allow":["GET"]}}],"collection":[{"href":"https:\/\/etagro.com\/index.php?rest_route=\/wp\/v2\/product"}],"about":[{"href":"https:\/\/etagro.com\/index.php?rest_route=\/wp\/v2\/types\/product"}],"replies":[{"embeddable":true,"href":"https:\/\/etagro.com\/index.php?rest_route=%2Fwp%2Fv2%2Fcomments&post=3494"}],"wp:featuredmedia":[{"embeddable":true,"href":"https:\/\/etagro.com\/index.php?rest_route=\/wp\/v2\/media\/3505"}],"wp:attachment":[{"href":"https:\/\/etagro.com\/index.php?rest_route=%2Fwp%2Fv2%2Fmedia&parent=3494"}],"wp:term":[{"taxonomy":"product_brand","embeddable":true,"href":"https:\/\/etagro.com\/index.php?rest_route=%2Fwp%2Fv2%2Fproduct_brand&post=3494"},{"taxonomy":"product_cat","embeddable":true,"href":"https:\/\/etagro.com\/index.php?rest_route=%2Fwp%2Fv2%2Fproduct_cat&post=3494"},{"taxonomy":"product_tag","embeddable":true,"href":"https:\/\/etagro.com\/index.php?rest_route=%2Fwp%2Fv2%2Fproduct_tag&post=3494"}],"curies":[{"name":"wp","href":"https:\/\/api.w.org\/{rel}","templated":true}]}}