{"id":3459,"date":"2025-10-07T15:07:06","date_gmt":"2025-10-07T20:07:06","guid":{"rendered":"https:\/\/etagro.com\/new\/?product=pp-9mrb"},"modified":"2025-10-23T14:01:20","modified_gmt":"2025-10-23T19:01:20","slug":"pp-9mrb","status":"publish","type":"product","link":"https:\/\/etagro.com\/?product=pp-9mrb","title":{"rendered":"Picapasto PENAGOS PP-9MRB"},"content":{"rendered":"<p>La picapasto ideal para grandes capacidades de producci\u00f3n y con bajos consumos de potencia.<\/p>\n<p>Est\u00e1 equipada con un sistema de embrague (adelante, neutro y retroceso) que permite mec\u00e1nicamente detener o retroceder la alimentaci\u00f3n del pasto sin necesidad de parar el motor, tambi\u00e9n cuenta con una unidad recolectora que brinda seguridad para el operario y el direccionamiento del material picado, facilitando as\u00ed la recolecci\u00f3n del mismo.<\/p>\n<p>\u2013 Pica sorgo, ma\u00edz y todas las especies forrajeras de tallo mediano \/ largo.<br \/>\n\u2013 Ideal para raci\u00f3n diaria, gracias a su picado en rodajas completas<br \/>\n\u2013 Excelente calidad de corte entregando un tama\u00f1o uniforme<br \/>\n\u2013 Ideal para alimentar equinos, caprinos y ovinos<br \/>\n\u2013 M\u00e1quina de alta producci\u00f3n, con sistema de corte tradicional.<\/p>\n<p>Puede solicitar base para motor di\u00e9sel\/gasolina.<\/p>\n<table width=\"510\">\n<tbody>\n<tr>\n<td width=\"261\">Modelo<\/td>\n<td width=\"249\">PP-9MR<\/td>\n<\/tr>\n<tr>\n<td width=\"261\">Producci\u00f3n Kg\/h<\/td>\n<td width=\"249\">2000 \u2013 2500*<\/td>\n<\/tr>\n<tr>\n<td width=\"261\">Boca de alimentaci\u00f3n en pulgadas<\/td>\n<td width=\"249\">9\u201d<\/td>\n<\/tr>\n<tr>\n<td width=\"261\">Longitud de corte mil\u00edmetros<\/td>\n<td width=\"249\">10<\/td>\n<\/tr>\n<tr>\n<td width=\"261\">Velocidad del Eje Principal R.P.M.<\/td>\n<td width=\"249\">300 \u2013 350<\/td>\n<\/tr>\n<tr>\n<td width=\"261\">Potencia requerida para motor el\u00e9ctrico<\/td>\n<td width=\"249\">3.0 HP a 1750 RPM<\/td>\n<\/tr>\n<tr>\n<td width=\"261\">Potencia requerida para motor a combusti\u00f3n**<\/td>\n<td width=\"249\">5 \u2013 6.5 HP<\/td>\n<\/tr>\n<tr>\n<td width=\"261\">N\u00famero de Cuchillas<\/td>\n<td width=\"249\">3<\/td>\n<\/tr>\n<tr>\n<td width=\"261\">Di\u00e1metro de la polea motriz en pulgadas<\/td>\n<td width=\"249\">22\u201d\u00d8<\/td>\n<\/tr>\n<tr>\n<td width=\"261\">Di\u00e1metro polea motor el\u00e9ctrico A 1750 R.P.M. pulgadas<\/td>\n<td width=\"249\">4.1\/4\u201d \u00d8<\/td>\n<\/tr>\n<tr>\n<td width=\"261\">Peso aproximado<\/td>\n<td width=\"249\">145 kg<\/td>\n<\/tr>\n<\/tbody>\n<\/table>\n","protected":false},"excerpt":{"rendered":"<p>La picapasto ideal para grandes capacidades de producci\u00f3n y con bajos consumos de potencia.<\/p>\n<p>Est\u00e1 equipada con un sistema de embrague (adelante, neutro y retroceso) que permite mec\u00e1nicamente detener o retroceder la alimentaci\u00f3n del pasto sin necesidad de parar el motor, tambi\u00e9n cuenta con una unidad recolectora que brinda seguridad para el operario y el direccionamiento del material picado, facilitando as\u00ed la recolecci\u00f3n del mismo.<\/p>\n","protected":false},"featured_media":3483,"comment_status":"open","ping_status":"closed","template":"","meta":{"_joinchat":[]},"product_brand":[],"product_cat":[60,39],"product_tag":[],"class_list":{"0":"post-3459","1":"product","2":"type-product","3":"status-publish","4":"has-post-thumbnail","6":"product_cat-cortacesped","7":"product_cat-zonas-verdes","9":"first","10":"instock","11":"taxable","12":"shipping-taxable","13":"purchasable","14":"product-type-simple"},"_links":{"self":[{"href":"https:\/\/etagro.com\/index.php?rest_route=\/wp\/v2\/product\/3459","targetHints":{"allow":["GET"]}}],"collection":[{"href":"https:\/\/etagro.com\/index.php?rest_route=\/wp\/v2\/product"}],"about":[{"href":"https:\/\/etagro.com\/index.php?rest_route=\/wp\/v2\/types\/product"}],"replies":[{"embeddable":true,"href":"https:\/\/etagro.com\/index.php?rest_route=%2Fwp%2Fv2%2Fcomments&post=3459"}],"wp:featuredmedia":[{"embeddable":true,"href":"https:\/\/etagro.com\/index.php?rest_route=\/wp\/v2\/media\/3483"}],"wp:attachment":[{"href":"https:\/\/etagro.com\/index.php?rest_route=%2Fwp%2Fv2%2Fmedia&parent=3459"}],"wp:term":[{"taxonomy":"product_brand","embeddable":true,"href":"https:\/\/etagro.com\/index.php?rest_route=%2Fwp%2Fv2%2Fproduct_brand&post=3459"},{"taxonomy":"product_cat","embeddable":true,"href":"https:\/\/etagro.com\/index.php?rest_route=%2Fwp%2Fv2%2Fproduct_cat&post=3459"},{"taxonomy":"product_tag","embeddable":true,"href":"https:\/\/etagro.com\/index.php?rest_route=%2Fwp%2Fv2%2Fproduct_tag&post=3459"}],"curies":[{"name":"wp","href":"https:\/\/api.w.org\/{rel}","templated":true}]}}