{"id":3455,"date":"2025-10-07T14:55:32","date_gmt":"2025-10-07T19:55:32","guid":{"rendered":"https:\/\/etagro.com\/new\/?product=pp-7m-3cp"},"modified":"2025-10-23T14:32:38","modified_gmt":"2025-10-23T19:32:38","slug":"pp-7m-3cp","status":"publish","type":"product","link":"https:\/\/etagro.com\/?product=pp-7m-3cp","title":{"rendered":"Picapasto PENAGOS PP-7M 3CP"},"content":{"rendered":"<p>Ideal para fincas donde las necesidades de pasto picado son bajas. Su bastidor en lamina de acero permite unos mejores lineamientos entre los ejes y los pi\u00f1ones, traduci\u00e9ndose en suavidad en el funcionamiento.<\/p>\n<p>Cuenta con un protector de cuchillas que brinda seguridad para el operario y para un material final direccionado. El eje principal montado en rodamientos, pi\u00f1oner\u00eda y sinf\u00edn en ba\u00f1o de aceite garantizan una gran durabilidad.<\/p>\n<ul>\n<li>\u00a0Ideal para raci\u00f3n diaria, gracias a su picado en rodajas completas<\/li>\n<li>\u00a0Ideal para racionar hasta 20 novillos de 180 kilos de peso.<\/li>\n<li>\u00a0Ideal para alimentar equinos, caprinos y ovinos<\/li>\n<li>\u00a0Opci\u00f3n de operaci\u00f3n manual<\/li>\n<\/ul>\n","protected":false},"excerpt":{"rendered":"<p>Picapasto No. 7, met\u00e1lica, base para motor el\u00e9ctrico, 3 cuchillas con protector en<br \/>\nlamina.<\/p>\n","protected":false},"featured_media":3456,"comment_status":"open","ping_status":"closed","template":"","meta":{"_joinchat":[]},"product_brand":[],"product_cat":[60],"product_tag":[],"class_list":{"0":"post-3455","1":"product","2":"type-product","3":"status-publish","4":"has-post-thumbnail","6":"product_cat-cortacesped","8":"first","9":"instock","10":"taxable","11":"shipping-taxable","12":"purchasable","13":"product-type-simple"},"_links":{"self":[{"href":"https:\/\/etagro.com\/index.php?rest_route=\/wp\/v2\/product\/3455","targetHints":{"allow":["GET"]}}],"collection":[{"href":"https:\/\/etagro.com\/index.php?rest_route=\/wp\/v2\/product"}],"about":[{"href":"https:\/\/etagro.com\/index.php?rest_route=\/wp\/v2\/types\/product"}],"replies":[{"embeddable":true,"href":"https:\/\/etagro.com\/index.php?rest_route=%2Fwp%2Fv2%2Fcomments&post=3455"}],"wp:featuredmedia":[{"embeddable":true,"href":"https:\/\/etagro.com\/index.php?rest_route=\/wp\/v2\/media\/3456"}],"wp:attachment":[{"href":"https:\/\/etagro.com\/index.php?rest_route=%2Fwp%2Fv2%2Fmedia&parent=3455"}],"wp:term":[{"taxonomy":"product_brand","embeddable":true,"href":"https:\/\/etagro.com\/index.php?rest_route=%2Fwp%2Fv2%2Fproduct_brand&post=3455"},{"taxonomy":"product_cat","embeddable":true,"href":"https:\/\/etagro.com\/index.php?rest_route=%2Fwp%2Fv2%2Fproduct_cat&post=3455"},{"taxonomy":"product_tag","embeddable":true,"href":"https:\/\/etagro.com\/index.php?rest_route=%2Fwp%2Fv2%2Fproduct_tag&post=3455"}],"curies":[{"name":"wp","href":"https:\/\/api.w.org\/{rel}","templated":true}]}}