{"id":3434,"date":"2025-10-07T05:33:33","date_gmt":"2025-10-07T10:33:33","guid":{"rendered":"https:\/\/etagro.com\/new\/?post_type=product&#038;p=3434"},"modified":"2025-10-07T05:33:33","modified_gmt":"2025-10-07T10:33:33","slug":"kit-hidrolavadora-w921-dx","status":"publish","type":"product","link":"https:\/\/etagro.com\/?product=kit-hidrolavadora-w921-dx","title":{"rendered":"Kit Hidrolavadora W921 DX"},"content":{"rendered":"<p>Hidrolavadora de \u00e9mbolos cer\u00e1micos que proporcionan mayor resistencia a la temperatura y al desgaste adecuadas para trabajar con agua dulce y limpia a una temperatura m\u00e1xima de 40\u00b0C, y solo durante breves instantes de tiempo, hasta 60\u00b0C. Fabricadas con ma<\/p>\n<p>Hidrolavadora de trabajo profesional y bajo consumo de agua para m\u00faltiples aplicaciones en labores de limpieza y mantenimiento en sectores como construcci\u00f3n, agr\u00edcola, comercio.<\/p>\n","protected":false},"excerpt":{"rendered":"<p>Interpump\u00a0<strong>Caudal m\u00e1ximo (lpm):<\/strong>\u00a015\u00a0<strong>Velocidad (rpm):<\/strong>\u00a01750\u00a0<strong>Tipo de acople:<\/strong>\u00a0Polea\u00a0<strong>Di\u00e1metro eje:<\/strong>\u00a024mm<\/p>\n","protected":false},"featured_media":3435,"comment_status":"open","ping_status":"closed","template":"","meta":{"_joinchat":[]},"product_brand":[],"product_cat":[92,25],"product_tag":[],"class_list":{"0":"post-3434","1":"product","2":"type-product","3":"status-publish","4":"has-post-thumbnail","6":"product_cat-hidrolavadoras","7":"product_cat-motobombas","9":"first","10":"instock","11":"taxable","12":"shipping-taxable","13":"purchasable","14":"product-type-simple"},"_links":{"self":[{"href":"https:\/\/etagro.com\/index.php?rest_route=\/wp\/v2\/product\/3434","targetHints":{"allow":["GET"]}}],"collection":[{"href":"https:\/\/etagro.com\/index.php?rest_route=\/wp\/v2\/product"}],"about":[{"href":"https:\/\/etagro.com\/index.php?rest_route=\/wp\/v2\/types\/product"}],"replies":[{"embeddable":true,"href":"https:\/\/etagro.com\/index.php?rest_route=%2Fwp%2Fv2%2Fcomments&post=3434"}],"wp:featuredmedia":[{"embeddable":true,"href":"https:\/\/etagro.com\/index.php?rest_route=\/wp\/v2\/media\/3435"}],"wp:attachment":[{"href":"https:\/\/etagro.com\/index.php?rest_route=%2Fwp%2Fv2%2Fmedia&parent=3434"}],"wp:term":[{"taxonomy":"product_brand","embeddable":true,"href":"https:\/\/etagro.com\/index.php?rest_route=%2Fwp%2Fv2%2Fproduct_brand&post=3434"},{"taxonomy":"product_cat","embeddable":true,"href":"https:\/\/etagro.com\/index.php?rest_route=%2Fwp%2Fv2%2Fproduct_cat&post=3434"},{"taxonomy":"product_tag","embeddable":true,"href":"https:\/\/etagro.com\/index.php?rest_route=%2Fwp%2Fv2%2Fproduct_tag&post=3434"}],"curies":[{"name":"wp","href":"https:\/\/api.w.org\/{rel}","templated":true}]}}