{"id":3419,"date":"2025-10-07T05:17:14","date_gmt":"2025-10-07T10:17:14","guid":{"rendered":"https:\/\/etagro.com\/new\/?post_type=product&#038;p=3419"},"modified":"2025-10-07T05:17:14","modified_gmt":"2025-10-07T10:17:14","slug":"hidrolavadora-diesel-md418e-3wz-3000d","status":"publish","type":"product","link":"https:\/\/etagro.com\/?product=hidrolavadora-diesel-md418e-3wz-3000d","title":{"rendered":"Hidrolavadora Di\u00e9sel MD418E-3WZ-3000D"},"content":{"rendered":"<p>Motor Di\u00e9sel Ecomax de inyecci\u00f3n directa, balanceado para evitar vibraciones y con sistema de inyecci\u00f3n optimizado para asegurar una combusti\u00f3n eficiente y un bajo nivel de consumo de combustible, el mejor balance entre desempe\u00f1o y econom\u00eda. Kit de Hidro<\/p>\n<p>Hidrolavadora di\u00e9sel Ecomax de trabajo profesional y bajo consumo de agua para m\u00faltiples aplicaciones en labores de limpieza y mantenimiento en sectores como construcci\u00f3n, agr\u00edcola y comercio.<\/p>\n<p>Pistola<br \/>\nBoquillas<br \/>\nManguera de alta presi\u00f3n<\/p>\n","protected":false},"excerpt":{"rendered":"<p>Ecomax\u00a0<strong>Potenciado por:<\/strong>\u00a0Di\u00e9sel\u00a0<strong>Potencia neta (hp):<\/strong>\u00a010\u00a0<strong>Presi\u00f3n m\u00e1xima (psi):<\/strong>\u00a03000\u00a0<strong>Caudal m\u00e1ximo (lpm):<\/strong>\u00a012.9<\/p>\n","protected":false},"featured_media":3423,"comment_status":"open","ping_status":"closed","template":"","meta":{"_joinchat":[]},"product_brand":[],"product_cat":[92,25],"product_tag":[],"class_list":{"0":"post-3419","1":"product","2":"type-product","3":"status-publish","4":"has-post-thumbnail","6":"product_cat-hidrolavadoras","7":"product_cat-motobombas","9":"first","10":"instock","11":"taxable","12":"shipping-taxable","13":"purchasable","14":"product-type-simple"},"_links":{"self":[{"href":"https:\/\/etagro.com\/index.php?rest_route=\/wp\/v2\/product\/3419","targetHints":{"allow":["GET"]}}],"collection":[{"href":"https:\/\/etagro.com\/index.php?rest_route=\/wp\/v2\/product"}],"about":[{"href":"https:\/\/etagro.com\/index.php?rest_route=\/wp\/v2\/types\/product"}],"replies":[{"embeddable":true,"href":"https:\/\/etagro.com\/index.php?rest_route=%2Fwp%2Fv2%2Fcomments&post=3419"}],"wp:featuredmedia":[{"embeddable":true,"href":"https:\/\/etagro.com\/index.php?rest_route=\/wp\/v2\/media\/3423"}],"wp:attachment":[{"href":"https:\/\/etagro.com\/index.php?rest_route=%2Fwp%2Fv2%2Fmedia&parent=3419"}],"wp:term":[{"taxonomy":"product_brand","embeddable":true,"href":"https:\/\/etagro.com\/index.php?rest_route=%2Fwp%2Fv2%2Fproduct_brand&post=3419"},{"taxonomy":"product_cat","embeddable":true,"href":"https:\/\/etagro.com\/index.php?rest_route=%2Fwp%2Fv2%2Fproduct_cat&post=3419"},{"taxonomy":"product_tag","embeddable":true,"href":"https:\/\/etagro.com\/index.php?rest_route=%2Fwp%2Fv2%2Fproduct_tag&post=3419"}],"curies":[{"name":"wp","href":"https:\/\/api.w.org\/{rel}","templated":true}]}}