{"id":3406,"date":"2025-10-07T05:07:59","date_gmt":"2025-10-07T10:07:59","guid":{"rendered":"https:\/\/etagro.com\/new\/?post_type=product&#038;p=3406"},"modified":"2025-10-07T05:07:59","modified_gmt":"2025-10-07T10:07:59","slug":"hidrolavadora-gasolina-me390e-3wz-3600a-2","status":"publish","type":"product","link":"https:\/\/etagro.com\/?product=hidrolavadora-gasolina-me390e-3wz-3600a-2","title":{"rendered":"Hidrolavadora Gasolina ME390E-3WZ-3600A"},"content":{"rendered":"<p>Motor gasolina ECOMAX que proporciona una fuente confiable, econ\u00f3mica. Kit de Hidrolavadora con \u00c9mbolo met\u00e1lico endurecido, que alcanza una presi\u00f3n m\u00e1xima de funcionamiento hasta de 3600psi, y un caudal de descarga hasta de 18.2lpm (consulte su manual<\/p>\n<p>Hidrolavadora a Gasolina Ecomax de trabajo profesional y bajo consumo de agua para m\u00faltiples aplicaciones en labores de limpieza y mantenimiento en sectores como construcci\u00f3n, agr\u00edcola y comercio.<\/p>\n<p>Pistola<br \/>\nBoquillas<br \/>\nManguera de alta presi\u00f3n<br \/>\nManual<\/p>\n","protected":false},"excerpt":{"rendered":"<p>Ecomax\u00a0<strong>Potenciado por:<\/strong>\u00a0Gasolina 4T\u00a0<strong>Potencia neta (hp):<\/strong>\u00a013\u00a0<strong>Presi\u00f3n m\u00e1xima (psi):<\/strong>\u00a03600\u00a0<strong>Caudal m\u00e1ximo (lpm):<\/strong>\u00a018.2<\/p>\n","protected":false},"featured_media":3407,"comment_status":"open","ping_status":"closed","template":"","meta":{"_joinchat":[]},"product_brand":[],"product_cat":[92,25],"product_tag":[],"class_list":{"0":"post-3406","1":"product","2":"type-product","3":"status-publish","4":"has-post-thumbnail","6":"product_cat-hidrolavadoras","7":"product_cat-motobombas","9":"first","10":"instock","11":"taxable","12":"shipping-taxable","13":"purchasable","14":"product-type-simple"},"_links":{"self":[{"href":"https:\/\/etagro.com\/index.php?rest_route=\/wp\/v2\/product\/3406","targetHints":{"allow":["GET"]}}],"collection":[{"href":"https:\/\/etagro.com\/index.php?rest_route=\/wp\/v2\/product"}],"about":[{"href":"https:\/\/etagro.com\/index.php?rest_route=\/wp\/v2\/types\/product"}],"replies":[{"embeddable":true,"href":"https:\/\/etagro.com\/index.php?rest_route=%2Fwp%2Fv2%2Fcomments&post=3406"}],"wp:featuredmedia":[{"embeddable":true,"href":"https:\/\/etagro.com\/index.php?rest_route=\/wp\/v2\/media\/3407"}],"wp:attachment":[{"href":"https:\/\/etagro.com\/index.php?rest_route=%2Fwp%2Fv2%2Fmedia&parent=3406"}],"wp:term":[{"taxonomy":"product_brand","embeddable":true,"href":"https:\/\/etagro.com\/index.php?rest_route=%2Fwp%2Fv2%2Fproduct_brand&post=3406"},{"taxonomy":"product_cat","embeddable":true,"href":"https:\/\/etagro.com\/index.php?rest_route=%2Fwp%2Fv2%2Fproduct_cat&post=3406"},{"taxonomy":"product_tag","embeddable":true,"href":"https:\/\/etagro.com\/index.php?rest_route=%2Fwp%2Fv2%2Fproduct_tag&post=3406"}],"curies":[{"name":"wp","href":"https:\/\/api.w.org\/{rel}","templated":true}]}}