{"id":3403,"date":"2025-10-07T05:01:31","date_gmt":"2025-10-07T10:01:31","guid":{"rendered":"https:\/\/etagro.com\/new\/?post_type=product&#038;p=3403"},"modified":"2025-10-07T05:01:31","modified_gmt":"2025-10-07T10:01:31","slug":"hidrolavadora-electrica-w953-5et-w","status":"publish","type":"product","link":"https:\/\/etagro.com\/?product=hidrolavadora-electrica-w953-5et-w","title":{"rendered":"Hidrolavadora El\u00e9ctrica W953-5ET-W"},"content":{"rendered":"<p>Motor el\u00e9ctrico WEG trif\u00e1sico de 5hp a 220VAC@60Hz Kit de Hidrolavadora con \u00c9mbolo cer\u00e1mico, que alcanza una presi\u00f3n m\u00e1xima de funcionamiento hasta de 2500psi, y un caudal de descarga hasta de 11.5lpm (consulte su manual para conocer que boquilla utili<\/p>\n<p>Hidrolavadora el\u00e9ctrica Enermax de trabajo profesional y bajo consumo de agua para m\u00faltiples aplicaciones en labores de limpieza y mantenimiento en sectores como construcci\u00f3n, agr\u00edcola y comercio.<\/p>\n","protected":false},"excerpt":{"rendered":"<p>Enermax\u00a0<strong>Potenciado por:<\/strong>\u00a0Motor el\u00e9ctrico\u00a0<strong>Potencia neta (hp):<\/strong>\u00a05\u00a0<strong>Presi\u00f3n m\u00e1xima (psi):<\/strong>\u00a02500\u00a0<strong>Caudal m\u00e1ximo (lpm):<\/strong>\u00a011.5<\/p>\n","protected":false},"featured_media":3404,"comment_status":"open","ping_status":"closed","template":"","meta":{"_joinchat":[]},"product_brand":[],"product_cat":[92,25],"product_tag":[],"class_list":{"0":"post-3403","1":"product","2":"type-product","3":"status-publish","4":"has-post-thumbnail","6":"product_cat-hidrolavadoras","7":"product_cat-motobombas","9":"first","10":"instock","11":"taxable","12":"shipping-taxable","13":"purchasable","14":"product-type-simple"},"_links":{"self":[{"href":"https:\/\/etagro.com\/index.php?rest_route=\/wp\/v2\/product\/3403","targetHints":{"allow":["GET"]}}],"collection":[{"href":"https:\/\/etagro.com\/index.php?rest_route=\/wp\/v2\/product"}],"about":[{"href":"https:\/\/etagro.com\/index.php?rest_route=\/wp\/v2\/types\/product"}],"replies":[{"embeddable":true,"href":"https:\/\/etagro.com\/index.php?rest_route=%2Fwp%2Fv2%2Fcomments&post=3403"}],"wp:featuredmedia":[{"embeddable":true,"href":"https:\/\/etagro.com\/index.php?rest_route=\/wp\/v2\/media\/3404"}],"wp:attachment":[{"href":"https:\/\/etagro.com\/index.php?rest_route=%2Fwp%2Fv2%2Fmedia&parent=3403"}],"wp:term":[{"taxonomy":"product_brand","embeddable":true,"href":"https:\/\/etagro.com\/index.php?rest_route=%2Fwp%2Fv2%2Fproduct_brand&post=3403"},{"taxonomy":"product_cat","embeddable":true,"href":"https:\/\/etagro.com\/index.php?rest_route=%2Fwp%2Fv2%2Fproduct_cat&post=3403"},{"taxonomy":"product_tag","embeddable":true,"href":"https:\/\/etagro.com\/index.php?rest_route=%2Fwp%2Fv2%2Fproduct_tag&post=3403"}],"curies":[{"name":"wp","href":"https:\/\/api.w.org\/{rel}","templated":true}]}}