{"id":3386,"date":"2025-10-07T04:45:00","date_gmt":"2025-10-07T09:45:00","guid":{"rendered":"https:\/\/etagro.com\/new\/?post_type=product&#038;p=3386"},"modified":"2025-10-07T04:45:26","modified_gmt":"2025-10-07T09:45:26","slug":"canon-riego-jolly-sectorial","status":"publish","type":"product","link":"https:\/\/etagro.com\/?product=canon-riego-jolly-sectorial","title":{"rendered":"Ca\u00f1\u00f3n Riego JOLLY SECTORIAL"},"content":{"rendered":"<p>Es apto para cualquier tipo de instalaci\u00f3n y es conveniente para tierras de cualquier naturaleza y extensi\u00f3n. Para informaci\u00f3n detallada de rendimiento en funci\u00f3n de los diferentes tipos de boquillas o tipo de instalaci\u00f3n contacte a su asesor comercial.<\/p>\n<p>Aspersor de media capacidad de funcionamiento por sectores a regular. Est\u00e1 provisto de toberas intercambiables y de un rompe chorro con regulaci\u00f3n de penetraci\u00f3n que asegura una precipitaci\u00f3n sutil y uniformemente distribuida<\/p>\n","protected":false},"excerpt":{"rendered":"<p>sime\u00a0<strong>Di\u00e1metro de Conexi\u00f3n::<\/strong>\u00a01-1\/4&#8243;\u00a0<strong>Presi\u00f3n m\u00e1xima (psi)::<\/strong>\u00a055\u00a0<strong>Caudal m\u00e1ximo (lpm)::<\/strong>\u00a0311\u00a0<strong>M\u00e1xima superficie irrigada (m2)::<\/strong>\u00a02640\u00a0<strong>Intensidad (mm\/h)::<\/strong>\u00a07\u00a0<strong>Chorro (m)::<\/strong>\u00a029<\/p>\n","protected":false},"featured_media":3392,"comment_status":"open","ping_status":"closed","template":"","meta":{"_joinchat":[]},"product_brand":[],"product_cat":[81,78],"product_tag":[],"class_list":{"0":"post-3386","1":"product","2":"type-product","3":"status-publish","4":"has-post-thumbnail","6":"product_cat-aspersores","7":"product_cat-riego-jardines","9":"first","10":"instock","11":"taxable","12":"shipping-taxable","13":"purchasable","14":"product-type-simple"},"_links":{"self":[{"href":"https:\/\/etagro.com\/index.php?rest_route=\/wp\/v2\/product\/3386","targetHints":{"allow":["GET"]}}],"collection":[{"href":"https:\/\/etagro.com\/index.php?rest_route=\/wp\/v2\/product"}],"about":[{"href":"https:\/\/etagro.com\/index.php?rest_route=\/wp\/v2\/types\/product"}],"replies":[{"embeddable":true,"href":"https:\/\/etagro.com\/index.php?rest_route=%2Fwp%2Fv2%2Fcomments&post=3386"}],"wp:featuredmedia":[{"embeddable":true,"href":"https:\/\/etagro.com\/index.php?rest_route=\/wp\/v2\/media\/3392"}],"wp:attachment":[{"href":"https:\/\/etagro.com\/index.php?rest_route=%2Fwp%2Fv2%2Fmedia&parent=3386"}],"wp:term":[{"taxonomy":"product_brand","embeddable":true,"href":"https:\/\/etagro.com\/index.php?rest_route=%2Fwp%2Fv2%2Fproduct_brand&post=3386"},{"taxonomy":"product_cat","embeddable":true,"href":"https:\/\/etagro.com\/index.php?rest_route=%2Fwp%2Fv2%2Fproduct_cat&post=3386"},{"taxonomy":"product_tag","embeddable":true,"href":"https:\/\/etagro.com\/index.php?rest_route=%2Fwp%2Fv2%2Fproduct_tag&post=3386"}],"curies":[{"name":"wp","href":"https:\/\/api.w.org\/{rel}","templated":true}]}}