{"id":3380,"date":"2025-10-07T04:37:05","date_gmt":"2025-10-07T09:37:05","guid":{"rendered":"https:\/\/etagro.com\/new\/?post_type=product&#038;p=3380"},"modified":"2025-10-07T04:38:05","modified_gmt":"2025-10-07T09:38:05","slug":"canon-riego-skipper","status":"publish","type":"product","link":"https:\/\/etagro.com\/?product=canon-riego-skipper","title":{"rendered":"Ca\u00f1\u00f3n Riego SKIPPER"},"content":{"rendered":"<p>La uniformidad de la lluvia a lo largo del chorro lo hace especialmente apropiado para la irrigaci\u00f3n racional de tierras con siembras j\u00f3venes, de cultivos delicados listos para germinar, de hortalizas y plantas ornamentales, por su ligereza y la completa<\/p>\n<p>Aspersor de media capacidad para medias presiones, con rotaci\u00f3n uniforme circular y con sectores de extensi\u00f3n variable. Est\u00e1 provisto de toberas intercambiables y de un rompe chorro que se puede reglar con interferencia fija o intermitente.<\/p>\n","protected":false},"excerpt":{"rendered":"<p>sime\u00a0<strong>Di\u00e1metro de Conexi\u00f3n::<\/strong>\u00a01-1\/2&#8243;\u00a0<strong>Presi\u00f3n m\u00e1xima (psi)::<\/strong>\u00a070\u00a0<strong>Caudal m\u00e1ximo (lpm)::<\/strong>\u00a0609\u00a0<strong>M\u00e1xima superficie irrigada (m2)::<\/strong>\u00a05278\u00a0<strong>Intensidad (mm\/h)::<\/strong>\u00a07\u00a0<strong>Chorro (m)::<\/strong>\u00a041<\/p>\n","protected":false},"featured_media":3381,"comment_status":"open","ping_status":"closed","template":"","meta":{"_joinchat":[]},"product_brand":[],"product_cat":[81,78],"product_tag":[],"class_list":{"0":"post-3380","1":"product","2":"type-product","3":"status-publish","4":"has-post-thumbnail","6":"product_cat-aspersores","7":"product_cat-riego-jardines","9":"first","10":"instock","11":"taxable","12":"shipping-taxable","13":"purchasable","14":"product-type-simple"},"_links":{"self":[{"href":"https:\/\/etagro.com\/index.php?rest_route=\/wp\/v2\/product\/3380","targetHints":{"allow":["GET"]}}],"collection":[{"href":"https:\/\/etagro.com\/index.php?rest_route=\/wp\/v2\/product"}],"about":[{"href":"https:\/\/etagro.com\/index.php?rest_route=\/wp\/v2\/types\/product"}],"replies":[{"embeddable":true,"href":"https:\/\/etagro.com\/index.php?rest_route=%2Fwp%2Fv2%2Fcomments&post=3380"}],"wp:featuredmedia":[{"embeddable":true,"href":"https:\/\/etagro.com\/index.php?rest_route=\/wp\/v2\/media\/3381"}],"wp:attachment":[{"href":"https:\/\/etagro.com\/index.php?rest_route=%2Fwp%2Fv2%2Fmedia&parent=3380"}],"wp:term":[{"taxonomy":"product_brand","embeddable":true,"href":"https:\/\/etagro.com\/index.php?rest_route=%2Fwp%2Fv2%2Fproduct_brand&post=3380"},{"taxonomy":"product_cat","embeddable":true,"href":"https:\/\/etagro.com\/index.php?rest_route=%2Fwp%2Fv2%2Fproduct_cat&post=3380"},{"taxonomy":"product_tag","embeddable":true,"href":"https:\/\/etagro.com\/index.php?rest_route=%2Fwp%2Fv2%2Fproduct_tag&post=3380"}],"curies":[{"name":"wp","href":"https:\/\/api.w.org\/{rel}","templated":true}]}}