{"id":3366,"date":"2025-10-07T04:23:36","date_gmt":"2025-10-07T09:23:36","guid":{"rendered":"https:\/\/etagro.com\/new\/?post_type=product&#038;p=3366"},"modified":"2025-10-07T04:24:20","modified_gmt":"2025-10-07T09:24:20","slug":"motobomba-alta-presion-mbd30h-l","status":"publish","type":"product","link":"https:\/\/etagro.com\/?product=motobomba-alta-presion-mbd30h-l","title":{"rendered":"Motobomba Alta Presi\u00f3n MBD30H-L"},"content":{"rendered":"<p>Motobomba di\u00e9sel Ecomax de excelente desempe\u00f1o para labores de transporte de agua en aplicaciones mineras, industriales o agr\u00edcolas como abastecimiento de agua, elevaci\u00f3n de l\u00edquido, riegos o drenajes.<\/p>\n<p>Motobomba di\u00e9sel Ecomax ensamblada con nuestro innovador, caracter\u00edstico y potente motor Ecomax. Motor di\u00e9sel Ecomax de inyecci\u00f3n directa, balanceado para evitar vibraciones y con sistema de inyecci\u00f3n optimizado para asegurar una mejor combusti\u00f3n.<\/p>\n","protected":false},"excerpt":{"rendered":"<p>Ecomax\u00a0<strong>Potenciado por:<\/strong>\u00a0Di\u00e9sel\u00a0<strong>Potencia neta (hp):<\/strong>\u00a010\u00a0<strong>Di\u00e1metro succi\u00f3n x descarga (in):<\/strong>\u00a03 x 3\u00a0<strong>Cabeza m\u00e1xima (m):<\/strong>\u00a075\u00a0<strong>Caudal m\u00e1ximo (lpm):<\/strong>\u00a0820<\/p>\n","protected":false},"featured_media":3367,"comment_status":"open","ping_status":"closed","template":"","meta":{"_joinchat":[]},"product_brand":[],"product_cat":[88,25],"product_tag":[],"class_list":{"0":"post-3366","1":"product","2":"type-product","3":"status-publish","4":"has-post-thumbnail","6":"product_cat-combustible","7":"product_cat-motobombas","9":"first","10":"instock","11":"taxable","12":"shipping-taxable","13":"purchasable","14":"product-type-simple"},"_links":{"self":[{"href":"https:\/\/etagro.com\/index.php?rest_route=\/wp\/v2\/product\/3366","targetHints":{"allow":["GET"]}}],"collection":[{"href":"https:\/\/etagro.com\/index.php?rest_route=\/wp\/v2\/product"}],"about":[{"href":"https:\/\/etagro.com\/index.php?rest_route=\/wp\/v2\/types\/product"}],"replies":[{"embeddable":true,"href":"https:\/\/etagro.com\/index.php?rest_route=%2Fwp%2Fv2%2Fcomments&post=3366"}],"wp:featuredmedia":[{"embeddable":true,"href":"https:\/\/etagro.com\/index.php?rest_route=\/wp\/v2\/media\/3367"}],"wp:attachment":[{"href":"https:\/\/etagro.com\/index.php?rest_route=%2Fwp%2Fv2%2Fmedia&parent=3366"}],"wp:term":[{"taxonomy":"product_brand","embeddable":true,"href":"https:\/\/etagro.com\/index.php?rest_route=%2Fwp%2Fv2%2Fproduct_brand&post=3366"},{"taxonomy":"product_cat","embeddable":true,"href":"https:\/\/etagro.com\/index.php?rest_route=%2Fwp%2Fv2%2Fproduct_cat&post=3366"},{"taxonomy":"product_tag","embeddable":true,"href":"https:\/\/etagro.com\/index.php?rest_route=%2Fwp%2Fv2%2Fproduct_tag&post=3366"}],"curies":[{"name":"wp","href":"https:\/\/api.w.org\/{rel}","templated":true}]}}