{"id":3344,"date":"2025-10-07T04:10:21","date_gmt":"2025-10-07T09:10:21","guid":{"rendered":"https:\/\/etagro.com\/new\/?post_type=product&#038;p=3344"},"modified":"2025-10-07T04:10:21","modified_gmt":"2025-10-07T09:10:21","slug":"motobomba-alta-presion-me200-1-5hy-r","status":"publish","type":"product","link":"https:\/\/etagro.com\/?product=motobomba-alta-presion-me200-1-5hy-r","title":{"rendered":"Motobomba Alta Presi\u00f3n ME200-1.5HY-R"},"content":{"rendered":"<p>Motobomba a gasolina Ecomax ensamblada con nuestro potente y eficiente motor Ecomax. Motor a gasolina Ecomax que proporciona una fuente de potencia confiable, econ\u00f3mica y segura. Kit de bomba de alta presi\u00f3n en hierro de elevada cabeza m\u00e1xima y \u00f3ptimo cau<\/p>\n<p>Motobomba de excelente desempe\u00f1o para labores de transporte de agua en aplicaciones mineras, industriales o agr\u00edcolas como abastecimiento de agua, elevaci\u00f3n de l\u00edquido, riegos o drenajes.<\/p>\n","protected":false},"excerpt":{"rendered":"<p>Ecomax\u00a0<strong>Potenciado por:<\/strong>\u00a0Gasolina 4T\u00a0<strong>Potencia neta (hp):<\/strong>\u00a06.5\u00a0<strong>Di\u00e1metro succi\u00f3n x descarga (in):<\/strong>\u00a01-1\/2 x 1-1\/2\u00a0<strong>Cabeza m\u00e1xima (m):<\/strong>\u00a070\u00a0<strong>Caudal m\u00e1ximo (lpm):<\/strong>\u00a0300<\/p>\n","protected":false},"featured_media":3349,"comment_status":"open","ping_status":"closed","template":"","meta":{"_joinchat":[]},"product_brand":[],"product_cat":[88,25],"product_tag":[],"class_list":{"0":"post-3344","1":"product","2":"type-product","3":"status-publish","4":"has-post-thumbnail","6":"product_cat-combustible","7":"product_cat-motobombas","9":"first","10":"instock","11":"taxable","12":"shipping-taxable","13":"purchasable","14":"product-type-simple"},"_links":{"self":[{"href":"https:\/\/etagro.com\/index.php?rest_route=\/wp\/v2\/product\/3344","targetHints":{"allow":["GET"]}}],"collection":[{"href":"https:\/\/etagro.com\/index.php?rest_route=\/wp\/v2\/product"}],"about":[{"href":"https:\/\/etagro.com\/index.php?rest_route=\/wp\/v2\/types\/product"}],"replies":[{"embeddable":true,"href":"https:\/\/etagro.com\/index.php?rest_route=%2Fwp%2Fv2%2Fcomments&post=3344"}],"wp:featuredmedia":[{"embeddable":true,"href":"https:\/\/etagro.com\/index.php?rest_route=\/wp\/v2\/media\/3349"}],"wp:attachment":[{"href":"https:\/\/etagro.com\/index.php?rest_route=%2Fwp%2Fv2%2Fmedia&parent=3344"}],"wp:term":[{"taxonomy":"product_brand","embeddable":true,"href":"https:\/\/etagro.com\/index.php?rest_route=%2Fwp%2Fv2%2Fproduct_brand&post=3344"},{"taxonomy":"product_cat","embeddable":true,"href":"https:\/\/etagro.com\/index.php?rest_route=%2Fwp%2Fv2%2Fproduct_cat&post=3344"},{"taxonomy":"product_tag","embeddable":true,"href":"https:\/\/etagro.com\/index.php?rest_route=%2Fwp%2Fv2%2Fproduct_tag&post=3344"}],"curies":[{"name":"wp","href":"https:\/\/api.w.org\/{rel}","templated":true}]}}