{"id":3333,"date":"2025-10-07T04:01:06","date_gmt":"2025-10-07T09:01:06","guid":{"rendered":"https:\/\/etagro.com\/new\/?post_type=product&#038;p=3333"},"modified":"2025-10-07T04:01:46","modified_gmt":"2025-10-07T09:01:46","slug":"motobomba-alta-presion-gx200-2hy-r","status":"publish","type":"product","link":"https:\/\/etagro.com\/?product=motobomba-alta-presion-gx200-2hy-r","title":{"rendered":"Motobomba Alta Presi\u00f3n GX200-2HY-R"},"content":{"rendered":"<p>El dise\u00f1o OHV mejora la eficiencia de combusti\u00f3n. La disposici\u00f3n de las v\u00e1lvulas permite una admisi\u00f3n de mezcla de combustible m\u00e1s homog\u00e9nea, adem\u00e1s de un escape m\u00e1s r\u00e1pido y completo. F\u00e1cil arranque gracias al sistema de descompresi\u00f3n autom\u00e1tico y a un p<\/p>\n<p>Motobomba de alta presi\u00f3n de excelente desempe\u00f1o para labores de transporte de agua en aplicaciones mineras, industriales o agr\u00edcolas como abastecimiento de agua, elevaci\u00f3n de l\u00edquido, riegos o drenajes.<\/p>\n","protected":false},"excerpt":{"rendered":"<p>Enermax\u00a0<strong>Potenciado por:<\/strong>\u00a0Gasolina 4T\u00a0<strong>Potencia neta (hp):<\/strong>\u00a06.5\u00a0<strong>Di\u00e1metro succi\u00f3n x descarga (in):<\/strong>\u00a02 x 2\u00a0<strong>Cabeza m\u00e1xima (m):<\/strong>\u00a070\u00a0<strong>Caudal m\u00e1ximo (lpm):<\/strong>\u00a0520<\/p>\n","protected":false},"featured_media":3334,"comment_status":"open","ping_status":"closed","template":"","meta":{"_joinchat":[]},"product_brand":[],"product_cat":[88,25],"product_tag":[],"class_list":{"0":"post-3333","1":"product","2":"type-product","3":"status-publish","4":"has-post-thumbnail","6":"product_cat-combustible","7":"product_cat-motobombas","9":"first","10":"instock","11":"taxable","12":"shipping-taxable","13":"purchasable","14":"product-type-simple"},"_links":{"self":[{"href":"https:\/\/etagro.com\/index.php?rest_route=\/wp\/v2\/product\/3333","targetHints":{"allow":["GET"]}}],"collection":[{"href":"https:\/\/etagro.com\/index.php?rest_route=\/wp\/v2\/product"}],"about":[{"href":"https:\/\/etagro.com\/index.php?rest_route=\/wp\/v2\/types\/product"}],"replies":[{"embeddable":true,"href":"https:\/\/etagro.com\/index.php?rest_route=%2Fwp%2Fv2%2Fcomments&post=3333"}],"wp:featuredmedia":[{"embeddable":true,"href":"https:\/\/etagro.com\/index.php?rest_route=\/wp\/v2\/media\/3334"}],"wp:attachment":[{"href":"https:\/\/etagro.com\/index.php?rest_route=%2Fwp%2Fv2%2Fmedia&parent=3333"}],"wp:term":[{"taxonomy":"product_brand","embeddable":true,"href":"https:\/\/etagro.com\/index.php?rest_route=%2Fwp%2Fv2%2Fproduct_brand&post=3333"},{"taxonomy":"product_cat","embeddable":true,"href":"https:\/\/etagro.com\/index.php?rest_route=%2Fwp%2Fv2%2Fproduct_cat&post=3333"},{"taxonomy":"product_tag","embeddable":true,"href":"https:\/\/etagro.com\/index.php?rest_route=%2Fwp%2Fv2%2Fproduct_tag&post=3333"}],"curies":[{"name":"wp","href":"https:\/\/api.w.org\/{rel}","templated":true}]}}