{"id":3318,"date":"2025-10-07T03:48:31","date_gmt":"2025-10-07T08:48:31","guid":{"rendered":"https:\/\/etagro.com\/new\/?post_type=product&#038;p=3318"},"modified":"2025-10-22T01:49:12","modified_gmt":"2025-10-22T06:49:12","slug":"fumigadora-sin-motor-ts22","status":"publish","type":"product","link":"https:\/\/etagro.com\/?product=fumigadora-sin-motor-ts22","title":{"rendered":"Fumigadora Sin Motor TS22"},"content":{"rendered":"<p>Fumigadora estacionaria con \u00e9mbolos endurecidos para una presi\u00f3n de trabajo de 300psi que alcanza hasta 500psi como presi\u00f3n m\u00e1xima de funcionamiento.<\/p>\n<p>Fumigadora ideal para realizar trabajos de control de plagas y enfermedades en cultivos de hortalizas, papa, frutales y caf\u00e9, entre otros, as\u00ed como tambi\u00e9n labores de fertilizaci\u00f3n foliar en los mismos cultivos.<\/p>\n<p>Manguera de succi\u00f3n<br \/>\nManguera de retorno<br \/>\nFiltro de succi\u00f3n (coladera)<br \/>\nLanza<br \/>\nManguera lanza<br \/>\nPolea fumigadora<br \/>\nManual<\/p>\n","protected":false},"excerpt":{"rendered":"<p>Diamond\u00a0<strong>Presi\u00f3n m\u00e1xima (psi):<\/strong>\u00a0500\u00a0<strong>Presi\u00f3n de trabajo (psi):<\/strong>\u00a0300\u00a0<strong>Caudal m\u00e1x. fumigaci\u00f3n (lpm):<\/strong>\u00a014<\/p>\n","protected":false},"featured_media":3319,"comment_status":"open","ping_status":"closed","template":"","meta":{"_joinchat":[]},"product_brand":[],"product_cat":[83],"product_tag":[],"class_list":{"0":"post-3318","1":"product","2":"type-product","3":"status-publish","4":"has-post-thumbnail","6":"product_cat-fumigadoras-de-espalda","8":"first","9":"instock","10":"taxable","11":"shipping-taxable","12":"purchasable","13":"product-type-simple"},"_links":{"self":[{"href":"https:\/\/etagro.com\/index.php?rest_route=\/wp\/v2\/product\/3318","targetHints":{"allow":["GET"]}}],"collection":[{"href":"https:\/\/etagro.com\/index.php?rest_route=\/wp\/v2\/product"}],"about":[{"href":"https:\/\/etagro.com\/index.php?rest_route=\/wp\/v2\/types\/product"}],"replies":[{"embeddable":true,"href":"https:\/\/etagro.com\/index.php?rest_route=%2Fwp%2Fv2%2Fcomments&post=3318"}],"wp:featuredmedia":[{"embeddable":true,"href":"https:\/\/etagro.com\/index.php?rest_route=\/wp\/v2\/media\/3319"}],"wp:attachment":[{"href":"https:\/\/etagro.com\/index.php?rest_route=%2Fwp%2Fv2%2Fmedia&parent=3318"}],"wp:term":[{"taxonomy":"product_brand","embeddable":true,"href":"https:\/\/etagro.com\/index.php?rest_route=%2Fwp%2Fv2%2Fproduct_brand&post=3318"},{"taxonomy":"product_cat","embeddable":true,"href":"https:\/\/etagro.com\/index.php?rest_route=%2Fwp%2Fv2%2Fproduct_cat&post=3318"},{"taxonomy":"product_tag","embeddable":true,"href":"https:\/\/etagro.com\/index.php?rest_route=%2Fwp%2Fv2%2Fproduct_tag&post=3318"}],"curies":[{"name":"wp","href":"https:\/\/api.w.org\/{rel}","templated":true}]}}