{"id":3301,"date":"2025-10-07T03:34:58","date_gmt":"2025-10-07T08:34:58","guid":{"rendered":"https:\/\/etagro.com\/new\/?post_type=product&#038;p=3301"},"modified":"2025-10-07T03:34:58","modified_gmt":"2025-10-07T08:34:58","slug":"fumigadora-semiestacionaria-fs262t","status":"publish","type":"product","link":"https:\/\/etagro.com\/?product=fumigadora-semiestacionaria-fs262t","title":{"rendered":"Fumigadora Semiestacionaria FS262T"},"content":{"rendered":"<p>Motor gasolina ECOMAX que proporciona una fuente confiable, econ\u00f3mica. Fumigadora de embolo, en Acero, con capacidad de aspersi\u00f3n hasta de 355psi, y 8lpm (consulte su manual para conocer cuantas boquillas y de que caudal puede usar seg\u00fan la aplicaci\u00f3n)<\/p>\n<p>La fumigadora semiestacionaria Ecomax, com\u00fanmente conocida como \u201cba\u00f1aganado\u201d, es una fumigadora port\u00e1til ideal para llevar control preventivo y correctivo de enfermedades en establos y criaderos de cerdos. Adicional a la aplicaci\u00f3n anterior, con este mism<\/p>\n<p>Rollo de manguera<br \/>\nManguera de succi\u00f3n<br \/>\nFiltro de succi\u00f3n (coladera)<br \/>\nPistola<br \/>\nTarro mezclador<br \/>\nHerramienta b\u00e1sica<br \/>\nManual<\/p>\n","protected":false},"excerpt":{"rendered":"<p>Ecomax\u00a0<strong>Potenciado por:<\/strong>\u00a0Gasolina 2T\u00a0<strong>Tipo:<\/strong>\u00a02T\u00a0<strong>Capacidad tanque combustible (l):<\/strong>\u00a00.8\u00a0<strong>Presi\u00f3n m\u00e1xima (psi):<\/strong>\u00a0355\u00a0<strong>Caudal m\u00e1ximo (lpm):<\/strong>\u00a08<\/p>\n","protected":false},"featured_media":3302,"comment_status":"open","ping_status":"closed","template":"","meta":{"_joinchat":[]},"product_brand":[],"product_cat":[84],"product_tag":[],"class_list":{"0":"post-3301","1":"product","2":"type-product","3":"status-publish","4":"has-post-thumbnail","6":"product_cat-fumigadoras-estacionarias","8":"first","9":"instock","10":"taxable","11":"shipping-taxable","12":"purchasable","13":"product-type-simple"},"_links":{"self":[{"href":"https:\/\/etagro.com\/index.php?rest_route=\/wp\/v2\/product\/3301","targetHints":{"allow":["GET"]}}],"collection":[{"href":"https:\/\/etagro.com\/index.php?rest_route=\/wp\/v2\/product"}],"about":[{"href":"https:\/\/etagro.com\/index.php?rest_route=\/wp\/v2\/types\/product"}],"replies":[{"embeddable":true,"href":"https:\/\/etagro.com\/index.php?rest_route=%2Fwp%2Fv2%2Fcomments&post=3301"}],"wp:featuredmedia":[{"embeddable":true,"href":"https:\/\/etagro.com\/index.php?rest_route=\/wp\/v2\/media\/3302"}],"wp:attachment":[{"href":"https:\/\/etagro.com\/index.php?rest_route=%2Fwp%2Fv2%2Fmedia&parent=3301"}],"wp:term":[{"taxonomy":"product_brand","embeddable":true,"href":"https:\/\/etagro.com\/index.php?rest_route=%2Fwp%2Fv2%2Fproduct_brand&post=3301"},{"taxonomy":"product_cat","embeddable":true,"href":"https:\/\/etagro.com\/index.php?rest_route=%2Fwp%2Fv2%2Fproduct_cat&post=3301"},{"taxonomy":"product_tag","embeddable":true,"href":"https:\/\/etagro.com\/index.php?rest_route=%2Fwp%2Fv2%2Fproduct_tag&post=3301"}],"curies":[{"name":"wp","href":"https:\/\/api.w.org\/{rel}","templated":true}]}}