{"id":3289,"date":"2025-10-07T03:14:56","date_gmt":"2025-10-07T08:14:56","guid":{"rendered":"https:\/\/etagro.com\/new\/?post_type=product&#038;p=3289"},"modified":"2025-10-07T03:14:56","modified_gmt":"2025-10-07T08:14:56","slug":"fumigadora-estacionaria-me200-es22a","status":"publish","type":"product","link":"https:\/\/etagro.com\/?product=fumigadora-estacionaria-me200-es22a","title":{"rendered":"Fumigadora Estacionaria ME200-ES22A"},"content":{"rendered":"<p>Motor gasolina ECOMAX que proporciona una fuente confiable y econ\u00f3mica. Fumigadora de embolo, en Acero, con capacidad de aspersi\u00f3n hasta de 500psi, y 14lpm (consulte su manual para conocer cuantas boquillas y de que caudal puede usar seg\u00fan la aplicaci\u00f3n<\/p>\n<p>Fumigadora ideal para realizar trabajos de control de plagas y enfermedades en cultivos de hortalizas, papa, frutales y caf\u00e9, entre otros, as\u00ed como tambi\u00e9n para realizar trabajos de fertilizaci\u00f3n foliar.<\/p>\n","protected":false},"excerpt":{"rendered":"<p>Ecomax\u00a0<strong>Potenciado por:<\/strong>\u00a0Gasolina 4T\u00a0<strong>Potencia neta (hp):<\/strong>\u00a06.5\u00a0<strong>Presi\u00f3n m\u00e1xima (psi):<\/strong>\u00a0500\u00a0<strong>Caudal m\u00e1ximo fumigaci\u00f3n (lpm):<\/strong>\u00a014\u00a0<strong>Tipo de Camisa de Cilindro:<\/strong>\u00a0Camisa de acero<\/p>\n","protected":false},"featured_media":3292,"comment_status":"open","ping_status":"closed","template":"","meta":{"_joinchat":[]},"product_brand":[],"product_cat":[84],"product_tag":[],"class_list":{"0":"post-3289","1":"product","2":"type-product","3":"status-publish","4":"has-post-thumbnail","6":"product_cat-fumigadoras-estacionarias","8":"first","9":"instock","10":"taxable","11":"shipping-taxable","12":"purchasable","13":"product-type-simple"},"_links":{"self":[{"href":"https:\/\/etagro.com\/index.php?rest_route=\/wp\/v2\/product\/3289","targetHints":{"allow":["GET"]}}],"collection":[{"href":"https:\/\/etagro.com\/index.php?rest_route=\/wp\/v2\/product"}],"about":[{"href":"https:\/\/etagro.com\/index.php?rest_route=\/wp\/v2\/types\/product"}],"replies":[{"embeddable":true,"href":"https:\/\/etagro.com\/index.php?rest_route=%2Fwp%2Fv2%2Fcomments&post=3289"}],"wp:featuredmedia":[{"embeddable":true,"href":"https:\/\/etagro.com\/index.php?rest_route=\/wp\/v2\/media\/3292"}],"wp:attachment":[{"href":"https:\/\/etagro.com\/index.php?rest_route=%2Fwp%2Fv2%2Fmedia&parent=3289"}],"wp:term":[{"taxonomy":"product_brand","embeddable":true,"href":"https:\/\/etagro.com\/index.php?rest_route=%2Fwp%2Fv2%2Fproduct_brand&post=3289"},{"taxonomy":"product_cat","embeddable":true,"href":"https:\/\/etagro.com\/index.php?rest_route=%2Fwp%2Fv2%2Fproduct_cat&post=3289"},{"taxonomy":"product_tag","embeddable":true,"href":"https:\/\/etagro.com\/index.php?rest_route=%2Fwp%2Fv2%2Fproduct_tag&post=3289"}],"curies":[{"name":"wp","href":"https:\/\/api.w.org\/{rel}","templated":true}]}}