{"id":3281,"date":"2025-10-07T02:38:05","date_gmt":"2025-10-07T07:38:05","guid":{"rendered":"https:\/\/etagro.com\/new\/?post_type=product&#038;p=3281"},"modified":"2025-10-23T13:52:56","modified_gmt":"2025-10-23T18:52:56","slug":"picapasto-pp-7m-2","status":"publish","type":"product","link":"https:\/\/etagro.com\/?product=picapasto-pp-7m-2","title":{"rendered":"Picapasto PENAGOS PP-7M 2CP"},"content":{"rendered":"<p>Ideal para fincas donde las necesidades de pasto picado son bajas. Su bastidor en l\u00e1mina de acero permite unos mejores lineamientos entre los ejes y los pi\u00f1ones, traduci\u00e9ndose en suavidad en el funcionamiento.<\/p>\n<p>Cuenta con un protector de cuchillas que brinda seguridad para el operario y para un material final direccionado. El eje principal montado en rodamientos, pi\u00f1oner\u00eda y sinf\u00edn en ba\u00f1o de aceite garantizan una gran durabilidad.<\/p>\n<p>\u2013 Ideal para raci\u00f3n diaria, gracias a su picado en rodajas completas<br \/>\n\u2013 Ideal para racionar hasta 20 novillos de 180 kilos de peso.<br \/>\n\u2013 Ideal para alimentar equinos, caprinos y ovinos<br \/>\n\u2013 Opci\u00f3n de operaci\u00f3n manual<\/p>\n<table dir=\"ltr\" border=\"1\" cellspacing=\"0\" cellpadding=\"0\">\n<tbody>\n<tr>\n<td data-sheets-value=\"{&quot;1&quot;:2,&quot;2&quot;:&quot;Modelo**&quot;}\">Modelo**<\/td>\n<td data-sheets-value=\"{&quot;1&quot;:2,&quot;2&quot;:&quot;PP-7M 2C&quot;}\">PP-7M 2C<\/td>\n<td data-sheets-value=\"{&quot;1&quot;:2,&quot;2&quot;:&quot;PP-7M 3C&quot;}\">PP-7M 3C<\/td>\n<\/tr>\n<tr>\n<td data-sheets-value=\"{&quot;1&quot;:2,&quot;2&quot;:&quot;Producci\u00f3n*&quot;}\">Producci\u00f3n*<\/td>\n<td data-sheets-value=\"{&quot;1&quot;:2,&quot;2&quot;:&quot;600 a 900 kg\/h*&quot;}\">600 a 900 kg\/h*<\/td>\n<td data-sheets-value=\"{&quot;1&quot;:2,&quot;2&quot;:&quot;600 a 900 kg\/h*&quot;}\">600 a 900 kg\/h*<\/td>\n<\/tr>\n<tr>\n<td data-sheets-value=\"{&quot;1&quot;:2,&quot;2&quot;:&quot;Boca de alimentaci\u00f3n en\u00a0 pulgadas&quot;}\">Boca de alimentaci\u00f3n en\u00a0 pulgadas<\/td>\n<td data-sheets-value=\"{&quot;1&quot;:2,&quot;2&quot;:&quot;7\\&quot;&quot;}\">7\u2033<\/td>\n<td data-sheets-value=\"{&quot;1&quot;:2,&quot;2&quot;:&quot;7\\&quot;&quot;}\">7\u2033<\/td>\n<\/tr>\n<tr>\n<td data-sheets-value=\"{&quot;1&quot;:2,&quot;2&quot;:&quot;Longitud de corte&quot;}\">Longitud de corte<\/td>\n<td data-sheets-value=\"{&quot;1&quot;:2,&quot;2&quot;:&quot;9 mm&quot;}\">9 mm<\/td>\n<td data-sheets-value=\"{&quot;1&quot;:2,&quot;2&quot;:&quot;7 mm&quot;}\">7 mm<\/td>\n<\/tr>\n<tr>\n<td data-sheets-value=\"{&quot;1&quot;:2,&quot;2&quot;:&quot;Velocidad del volante&quot;}\">Velocidad del volante<\/td>\n<td data-sheets-value=\"{&quot;1&quot;:2,&quot;2&quot;:&quot;200 - 220 RPM&quot;}\">200 \u2013 220 RPM<\/td>\n<td data-sheets-value=\"{&quot;1&quot;:2,&quot;2&quot;:&quot;200 - 220 RPM&quot;}\">200 \u2013 220 RPM<\/td>\n<\/tr>\n<tr>\n<td data-sheets-value=\"{&quot;1&quot;:2,&quot;2&quot;:&quot;Potencia motor el\u00e9ctrico&quot;}\">Potencia motor el\u00e9ctrico<\/td>\n<td data-sheets-value=\"{&quot;1&quot;:2,&quot;2&quot;:&quot;1.5 HP a 1800 RPM&quot;}\">1.5 HP a 1800 RPM<\/td>\n<td data-sheets-value=\"{&quot;1&quot;:2,&quot;2&quot;:&quot;2 HP a 1800 RPM&quot;}\">2 HP a 1800 RPM<\/td>\n<\/tr>\n<tr>\n<td data-sheets-value=\"{&quot;1&quot;:2,&quot;2&quot;:&quot;Motor di\u00e9sel o gasolina a 1800 RPM***&quot;}\">Motor di\u00e9sel o gasolina a 1800 RPM***<\/td>\n<td data-sheets-value=\"{&quot;1&quot;:2,&quot;2&quot;:&quot;6.5 HP&quot;}\">6.5 HP<\/td>\n<td data-sheets-value=\"{&quot;1&quot;:2,&quot;2&quot;:&quot;6.5 HP&quot;}\">6.5 HP<\/td>\n<\/tr>\n<tr>\n<td data-sheets-value=\"{&quot;1&quot;:2,&quot;2&quot;:&quot;Di\u00e1metro\u00a0 del\u00a0 volante\u00a0 en\u00a0 pulgadas&quot;}\">Di\u00e1metro\u00a0 del\u00a0 volante\u00a0 en\u00a0 pulgadas<\/td>\n<td data-sheets-value=\"{&quot;1&quot;:2,&quot;2&quot;:&quot;24\u201d&quot;}\">24\u201d<\/td>\n<td data-sheets-value=\"{&quot;1&quot;:2,&quot;2&quot;:&quot;24\u201d&quot;}\">24\u201d<\/td>\n<\/tr>\n<tr>\n<td data-sheets-value=\"{&quot;1&quot;:2,&quot;2&quot;:&quot;Di\u00e1metro polea motor a\u00a0 1850 rpm - pulgadas&quot;}\">Di\u00e1metro polea motor a\u00a0 1850 rpm \u2013 pulgadas<\/td>\n<td data-sheets-value=\"{&quot;1&quot;:2,&quot;2&quot;:&quot;3.0 TIPO A&quot;}\">3.0 TIPO A<\/td>\n<td data-sheets-value=\"{&quot;1&quot;:2,&quot;2&quot;:&quot;3.0 TIPO A&quot;}\">3.0 TIPO A<\/td>\n<\/tr>\n<tr>\n<td data-sheets-value=\"{&quot;1&quot;:2,&quot;2&quot;:&quot;Peso aproximado&quot;}\">Peso aproximado<\/td>\n<td data-sheets-value=\"{&quot;1&quot;:2,&quot;2&quot;:&quot;60 kg&quot;}\">60 kg<\/td>\n<td data-sheets-value=\"{&quot;1&quot;:2,&quot;2&quot;:&quot;60 kg&quot;}\">60 kg<\/td>\n<\/tr>\n<\/tbody>\n<\/table>\n","protected":false},"excerpt":{"rendered":"<p>Esta capacidad var\u00eda seg\u00fan la humedad, peso espec\u00edfico del material picado y la agilidad del operador al alimentar la m\u00e1quina. ** La m\u00e1quina se puede entregar con volante de dos o tres cuchillas, el cual influye directamente sobre la longitud del tama\u00f1o de corte y no en la capacidad. *** El motor a combusti\u00f3n requiere una base adicional<\/p>\n","protected":false},"featured_media":3282,"comment_status":"open","ping_status":"closed","template":"","meta":{"_joinchat":[]},"product_brand":[],"product_cat":[60],"product_tag":[],"class_list":{"0":"post-3281","1":"product","2":"type-product","3":"status-publish","4":"has-post-thumbnail","6":"product_cat-cortacesped","8":"first","9":"instock","10":"taxable","11":"shipping-taxable","12":"purchasable","13":"product-type-simple"},"_links":{"self":[{"href":"https:\/\/etagro.com\/index.php?rest_route=\/wp\/v2\/product\/3281","targetHints":{"allow":["GET"]}}],"collection":[{"href":"https:\/\/etagro.com\/index.php?rest_route=\/wp\/v2\/product"}],"about":[{"href":"https:\/\/etagro.com\/index.php?rest_route=\/wp\/v2\/types\/product"}],"replies":[{"embeddable":true,"href":"https:\/\/etagro.com\/index.php?rest_route=%2Fwp%2Fv2%2Fcomments&post=3281"}],"wp:featuredmedia":[{"embeddable":true,"href":"https:\/\/etagro.com\/index.php?rest_route=\/wp\/v2\/media\/3282"}],"wp:attachment":[{"href":"https:\/\/etagro.com\/index.php?rest_route=%2Fwp%2Fv2%2Fmedia&parent=3281"}],"wp:term":[{"taxonomy":"product_brand","embeddable":true,"href":"https:\/\/etagro.com\/index.php?rest_route=%2Fwp%2Fv2%2Fproduct_brand&post=3281"},{"taxonomy":"product_cat","embeddable":true,"href":"https:\/\/etagro.com\/index.php?rest_route=%2Fwp%2Fv2%2Fproduct_cat&post=3281"},{"taxonomy":"product_tag","embeddable":true,"href":"https:\/\/etagro.com\/index.php?rest_route=%2Fwp%2Fv2%2Fproduct_tag&post=3281"}],"curies":[{"name":"wp","href":"https:\/\/api.w.org\/{rel}","templated":true}]}}