{"id":3123,"date":"2025-09-23T04:01:14","date_gmt":"2025-09-23T09:01:14","guid":{"rendered":"https:\/\/etagro.com\/new\/?post_type=product&#038;p=3123"},"modified":"2025-09-23T04:05:50","modified_gmt":"2025-09-23T09:05:50","slug":"fumigadora-estacionaria-160-tcs28","status":"publish","type":"product","link":"https:\/\/etagro.com\/?product=fumigadora-estacionaria-160-tcs28","title":{"rendered":"Fumigadora Estacionaria 160-TCS28"},"content":{"rendered":"<p>El dise\u00f1o OHV mejora la eficiencia de combusti\u00f3n. La disposici\u00f3n de las v\u00e1lvulas permite una admisi\u00f3n de mezcla de combustible m\u00e1s homog\u00e9nea, adem\u00e1s de un escape m\u00e1s r\u00e1pido y completo. F\u00e1cil arranque gracias al sistema de descompresi\u00f3n autom\u00e1tico y a un p<\/p>\n<p>Fumigadora ideal para realizar trabajos de control de plagas y enfermedades en cultivos de hortalizas, papa, frutales y caf\u00e9, entre otros, as\u00ed como tambi\u00e9n para realizar trabajos de fertilizaci\u00f3n foliar.<\/p>\n","protected":false},"excerpt":{"rendered":"<p>MARCA: Enermax Potenciado por: Gasolina 4T Potencia neta (hp): 5.5 Presi\u00f3n m\u00e1xima (psi): 500 Caudal m\u00e1ximo fumigaci\u00f3n (lpm): 28 Tipo de Camisa de Cilindro: Camisa de acero<\/p>\n","protected":false},"featured_media":3124,"comment_status":"open","ping_status":"closed","template":"","meta":{"_joinchat":[]},"product_brand":[],"product_cat":[24,84],"product_tag":[],"class_list":{"0":"post-3123","1":"product","2":"type-product","3":"status-publish","4":"has-post-thumbnail","6":"product_cat-fumigadoras","7":"product_cat-fumigadoras-estacionarias","9":"first","10":"instock","11":"taxable","12":"shipping-taxable","13":"purchasable","14":"product-type-simple"},"_links":{"self":[{"href":"https:\/\/etagro.com\/index.php?rest_route=\/wp\/v2\/product\/3123","targetHints":{"allow":["GET"]}}],"collection":[{"href":"https:\/\/etagro.com\/index.php?rest_route=\/wp\/v2\/product"}],"about":[{"href":"https:\/\/etagro.com\/index.php?rest_route=\/wp\/v2\/types\/product"}],"replies":[{"embeddable":true,"href":"https:\/\/etagro.com\/index.php?rest_route=%2Fwp%2Fv2%2Fcomments&post=3123"}],"wp:featuredmedia":[{"embeddable":true,"href":"https:\/\/etagro.com\/index.php?rest_route=\/wp\/v2\/media\/3124"}],"wp:attachment":[{"href":"https:\/\/etagro.com\/index.php?rest_route=%2Fwp%2Fv2%2Fmedia&parent=3123"}],"wp:term":[{"taxonomy":"product_brand","embeddable":true,"href":"https:\/\/etagro.com\/index.php?rest_route=%2Fwp%2Fv2%2Fproduct_brand&post=3123"},{"taxonomy":"product_cat","embeddable":true,"href":"https:\/\/etagro.com\/index.php?rest_route=%2Fwp%2Fv2%2Fproduct_cat&post=3123"},{"taxonomy":"product_tag","embeddable":true,"href":"https:\/\/etagro.com\/index.php?rest_route=%2Fwp%2Fv2%2Fproduct_tag&post=3123"}],"curies":[{"name":"wp","href":"https:\/\/api.w.org\/{rel}","templated":true}]}}