{"id":3099,"date":"2025-09-23T02:07:59","date_gmt":"2025-09-23T07:07:59","guid":{"rendered":"https:\/\/etagro.com\/new\/?post_type=product&#038;p=3099"},"modified":"2025-10-23T14:21:41","modified_gmt":"2025-10-23T19:21:41","slug":"motor-diesel-km186fapk","status":"publish","type":"product","link":"https:\/\/etagro.com\/?product=motor-diesel-km186fapk","title":{"rendered":"Motor Di\u00e9sel KM186FAPK de 10 hp"},"content":{"rendered":"<p>Motor multiprop\u00f3sito para aplicaciones como bombas de agua, fumigadoras, equipos de construcci\u00f3n y agr\u00edcolas entre muchas otras posibles. Garant\u00eda de 12 meses por desperfectos de calidad o ensamble<\/p>\n<p>Motor di\u00e9sel KAMA de inyecci\u00f3n directa. Motor monocil\u00edndrico refrigerado por aire y de lubricaci\u00f3n forzada por bomba. Bajo nivel de consumo de combustible.<\/p>\n","protected":false},"excerpt":{"rendered":"<p>MARCA: Kama Potenciado por: Di\u00e9sel Potencia (hp): 10 Potencia neta (hp): 10hp@3600rpm Tipo de arranque: Manual (retr\u00e1ctil) Tipo de Eje\/Di\u00e1metro: Cu\u00f1a-Rosca 1&#8243;<\/p>\n","protected":false},"featured_media":3100,"comment_status":"open","ping_status":"closed","template":"","meta":{"_joinchat":[]},"product_brand":[],"product_cat":[26],"product_tag":[],"class_list":{"0":"post-3099","1":"product","2":"type-product","3":"status-publish","4":"has-post-thumbnail","6":"product_cat-potencia-y-energia","8":"first","9":"instock","10":"taxable","11":"shipping-taxable","12":"purchasable","13":"product-type-simple"},"_links":{"self":[{"href":"https:\/\/etagro.com\/index.php?rest_route=\/wp\/v2\/product\/3099","targetHints":{"allow":["GET"]}}],"collection":[{"href":"https:\/\/etagro.com\/index.php?rest_route=\/wp\/v2\/product"}],"about":[{"href":"https:\/\/etagro.com\/index.php?rest_route=\/wp\/v2\/types\/product"}],"replies":[{"embeddable":true,"href":"https:\/\/etagro.com\/index.php?rest_route=%2Fwp%2Fv2%2Fcomments&post=3099"}],"wp:featuredmedia":[{"embeddable":true,"href":"https:\/\/etagro.com\/index.php?rest_route=\/wp\/v2\/media\/3100"}],"wp:attachment":[{"href":"https:\/\/etagro.com\/index.php?rest_route=%2Fwp%2Fv2%2Fmedia&parent=3099"}],"wp:term":[{"taxonomy":"product_brand","embeddable":true,"href":"https:\/\/etagro.com\/index.php?rest_route=%2Fwp%2Fv2%2Fproduct_brand&post=3099"},{"taxonomy":"product_cat","embeddable":true,"href":"https:\/\/etagro.com\/index.php?rest_route=%2Fwp%2Fv2%2Fproduct_cat&post=3099"},{"taxonomy":"product_tag","embeddable":true,"href":"https:\/\/etagro.com\/index.php?rest_route=%2Fwp%2Fv2%2Fproduct_tag&post=3099"}],"curies":[{"name":"wp","href":"https:\/\/api.w.org\/{rel}","templated":true}]}}