{"id":3075,"date":"2025-09-23T01:49:49","date_gmt":"2025-09-23T06:49:49","guid":{"rendered":"https:\/\/etagro.com\/new\/?post_type=product&#038;p=3075"},"modified":"2025-10-23T14:27:37","modified_gmt":"2025-10-23T19:27:37","slug":"motor-diesel-md418sao-l","status":"publish","type":"product","link":"https:\/\/etagro.com\/?product=motor-diesel-md418sao-l","title":{"rendered":"Motor Di\u00e9sel MD418SAO-L de 10 hp"},"content":{"rendered":"<p>Motor di\u00e9sel Ecomax de inyecci\u00f3n directa. Balanceado para evitar vibraciones y con sistema de inyecci\u00f3n optimizado para asegurar una mejor combusti\u00f3n y un bajo nivel de consumo de combustible.<\/p>\n<p>Motor multiprop\u00f3sito para aplicaciones como bombas de agua, fumigadoras, equipos de construcci\u00f3n y agr\u00edcolas entre muchas otras posibles.<\/p>\n","protected":false},"excerpt":{"rendered":"<p>MARCA: Ecomax Potenciado por: Di\u00e9sel Potencia (hp): 10 Potencia neta (hp): 10hp@1800rpm Tipo de arranque: Manual (retr\u00e1ctil) Tipo de Eje\/Di\u00e1metro: Cu\u00f1a 30mm<\/p>\n","protected":false},"featured_media":3071,"comment_status":"open","ping_status":"closed","template":"","meta":{"_joinchat":[]},"product_brand":[],"product_cat":[26],"product_tag":[],"class_list":{"0":"post-3075","1":"product","2":"type-product","3":"status-publish","4":"has-post-thumbnail","6":"product_cat-potencia-y-energia","8":"first","9":"instock","10":"featured","11":"taxable","12":"shipping-taxable","13":"purchasable","14":"product-type-simple"},"_links":{"self":[{"href":"https:\/\/etagro.com\/index.php?rest_route=\/wp\/v2\/product\/3075","targetHints":{"allow":["GET"]}}],"collection":[{"href":"https:\/\/etagro.com\/index.php?rest_route=\/wp\/v2\/product"}],"about":[{"href":"https:\/\/etagro.com\/index.php?rest_route=\/wp\/v2\/types\/product"}],"replies":[{"embeddable":true,"href":"https:\/\/etagro.com\/index.php?rest_route=%2Fwp%2Fv2%2Fcomments&post=3075"}],"wp:featuredmedia":[{"embeddable":true,"href":"https:\/\/etagro.com\/index.php?rest_route=\/wp\/v2\/media\/3071"}],"wp:attachment":[{"href":"https:\/\/etagro.com\/index.php?rest_route=%2Fwp%2Fv2%2Fmedia&parent=3075"}],"wp:term":[{"taxonomy":"product_brand","embeddable":true,"href":"https:\/\/etagro.com\/index.php?rest_route=%2Fwp%2Fv2%2Fproduct_brand&post=3075"},{"taxonomy":"product_cat","embeddable":true,"href":"https:\/\/etagro.com\/index.php?rest_route=%2Fwp%2Fv2%2Fproduct_cat&post=3075"},{"taxonomy":"product_tag","embeddable":true,"href":"https:\/\/etagro.com\/index.php?rest_route=%2Fwp%2Fv2%2Fproduct_tag&post=3075"}],"curies":[{"name":"wp","href":"https:\/\/api.w.org\/{rel}","templated":true}]}}