{"id":3070,"date":"2025-09-23T01:40:59","date_gmt":"2025-09-23T06:40:59","guid":{"rendered":"https:\/\/etagro.com\/new\/?post_type=product&#038;p=3070"},"modified":"2025-10-23T14:27:46","modified_gmt":"2025-10-23T19:27:46","slug":"motor-diesel-md418o-l","status":"publish","type":"product","link":"https:\/\/etagro.com\/?product=motor-diesel-md418o-l","title":{"rendered":"Motor Di\u00e9sel MD418O-L de 10 hp"},"content":{"rendered":"<div class=\"col-lg-6 mb-5\">\n<div class=\"information\">\n<div class=\"options\">Motor di\u00e9sel Ecomax de inyecci\u00f3n directa. Balanceado para evitar vibraciones y con sistema de inyecci\u00f3n optimizado para asegurar una mejor combusti\u00f3n y un bajo nivel de consumo de combustible.<\/div>\n<\/div>\n<\/div>\n","protected":false},"excerpt":{"rendered":"<p>Motor multiprop\u00f3sito para aplicaciones como bombas de agua, fumigadoras, equipos de construcci\u00f3n y agr\u00edcolas entre muchas otras posibles.<\/p>\n","protected":false},"featured_media":3071,"comment_status":"open","ping_status":"closed","template":"","meta":{"_joinchat":[]},"product_brand":[],"product_cat":[26],"product_tag":[],"class_list":{"0":"post-3070","1":"product","2":"type-product","3":"status-publish","4":"has-post-thumbnail","6":"product_cat-potencia-y-energia","8":"first","9":"instock","10":"taxable","11":"shipping-taxable","12":"purchasable","13":"product-type-simple"},"_links":{"self":[{"href":"https:\/\/etagro.com\/index.php?rest_route=\/wp\/v2\/product\/3070","targetHints":{"allow":["GET"]}}],"collection":[{"href":"https:\/\/etagro.com\/index.php?rest_route=\/wp\/v2\/product"}],"about":[{"href":"https:\/\/etagro.com\/index.php?rest_route=\/wp\/v2\/types\/product"}],"replies":[{"embeddable":true,"href":"https:\/\/etagro.com\/index.php?rest_route=%2Fwp%2Fv2%2Fcomments&post=3070"}],"wp:featuredmedia":[{"embeddable":true,"href":"https:\/\/etagro.com\/index.php?rest_route=\/wp\/v2\/media\/3071"}],"wp:attachment":[{"href":"https:\/\/etagro.com\/index.php?rest_route=%2Fwp%2Fv2%2Fmedia&parent=3070"}],"wp:term":[{"taxonomy":"product_brand","embeddable":true,"href":"https:\/\/etagro.com\/index.php?rest_route=%2Fwp%2Fv2%2Fproduct_brand&post=3070"},{"taxonomy":"product_cat","embeddable":true,"href":"https:\/\/etagro.com\/index.php?rest_route=%2Fwp%2Fv2%2Fproduct_cat&post=3070"},{"taxonomy":"product_tag","embeddable":true,"href":"https:\/\/etagro.com\/index.php?rest_route=%2Fwp%2Fv2%2Fproduct_tag&post=3070"}],"curies":[{"name":"wp","href":"https:\/\/api.w.org\/{rel}","templated":true}]}}