{"id":3066,"date":"2025-09-23T01:37:09","date_gmt":"2025-09-23T06:37:09","guid":{"rendered":"https:\/\/etagro.com\/new\/?post_type=product&#038;p=3066"},"modified":"2025-10-21T17:26:56","modified_gmt":"2025-10-21T22:26:56","slug":"motor-diesel-md418e-g","status":"publish","type":"product","link":"https:\/\/etagro.com\/?product=motor-diesel-md418e-g","title":{"rendered":"Motor Di\u00e9sel MD418E-L"},"content":{"rendered":"<p>Motor di\u00e9sel Ecomax de inyecci\u00f3n directa. Balanceado para evitar vibraciones y con sistema de inyecci\u00f3n optimizado para asegurar una mejor combusti\u00f3n y un bajo nivel de consumo de combustible.<\/p>\n","protected":false},"excerpt":{"rendered":"<p>Motor multiprop\u00f3sito para aplicaciones como bombas de agua, fumigadoras, equipos de construcci\u00f3n y agr\u00edcolas entre muchas otras posibles.<\/p>\n","protected":false},"featured_media":3067,"comment_status":"open","ping_status":"closed","template":"","meta":{"_joinchat":[]},"product_brand":[],"product_cat":[26],"product_tag":[],"class_list":{"0":"post-3066","1":"product","2":"type-product","3":"status-publish","4":"has-post-thumbnail","6":"product_cat-potencia-y-energia","8":"first","9":"instock","10":"taxable","11":"shipping-taxable","12":"purchasable","13":"product-type-simple"},"_links":{"self":[{"href":"https:\/\/etagro.com\/index.php?rest_route=\/wp\/v2\/product\/3066","targetHints":{"allow":["GET"]}}],"collection":[{"href":"https:\/\/etagro.com\/index.php?rest_route=\/wp\/v2\/product"}],"about":[{"href":"https:\/\/etagro.com\/index.php?rest_route=\/wp\/v2\/types\/product"}],"replies":[{"embeddable":true,"href":"https:\/\/etagro.com\/index.php?rest_route=%2Fwp%2Fv2%2Fcomments&post=3066"}],"wp:featuredmedia":[{"embeddable":true,"href":"https:\/\/etagro.com\/index.php?rest_route=\/wp\/v2\/media\/3067"}],"wp:attachment":[{"href":"https:\/\/etagro.com\/index.php?rest_route=%2Fwp%2Fv2%2Fmedia&parent=3066"}],"wp:term":[{"taxonomy":"product_brand","embeddable":true,"href":"https:\/\/etagro.com\/index.php?rest_route=%2Fwp%2Fv2%2Fproduct_brand&post=3066"},{"taxonomy":"product_cat","embeddable":true,"href":"https:\/\/etagro.com\/index.php?rest_route=%2Fwp%2Fv2%2Fproduct_cat&post=3066"},{"taxonomy":"product_tag","embeddable":true,"href":"https:\/\/etagro.com\/index.php?rest_route=%2Fwp%2Fv2%2Fproduct_tag&post=3066"}],"curies":[{"name":"wp","href":"https:\/\/api.w.org\/{rel}","templated":true}]}}