{"id":3061,"date":"2025-09-23T01:34:45","date_gmt":"2025-09-23T06:34:45","guid":{"rendered":"https:\/\/etagro.com\/new\/?post_type=product&#038;p=3061"},"modified":"2025-10-21T17:26:48","modified_gmt":"2025-10-21T22:26:48","slug":"motor-gasolina-me200h-pq","status":"publish","type":"product","link":"https:\/\/etagro.com\/?product=motor-gasolina-me200h-pq","title":{"rendered":"Motor Gasolina ME200H PQ"},"content":{"rendered":"<p>Motor 4T a gasolina marca Ecomax, respaldado por Energ\u00eda &amp; Potencia. Desarrollado para ofrecer una fuente confiable y econ\u00f3mica de potencia para m\u00faltiples aplicaciones en los sectores agr\u00edcola, minero, de construcci\u00f3n e industrial, donde se requiera motor.<\/p>\n","protected":false},"excerpt":{"rendered":"<p>Fabricado con materiales que aseguran un periodo de vida \u00f3ptimo de acuerdo a las aplicaciones y condiciones de uso. Estructura compacta. Dise\u00f1o optimizado del mofle y del sistema de salida de gases de escape para asegurar bajo nivel de ruido.<\/p>\n","protected":false},"featured_media":3062,"comment_status":"open","ping_status":"closed","template":"","meta":{"_joinchat":[]},"product_brand":[],"product_cat":[26],"product_tag":[],"class_list":{"0":"post-3061","1":"product","2":"type-product","3":"status-publish","4":"has-post-thumbnail","6":"product_cat-potencia-y-energia","8":"first","9":"instock","10":"taxable","11":"shipping-taxable","12":"purchasable","13":"product-type-simple"},"_links":{"self":[{"href":"https:\/\/etagro.com\/index.php?rest_route=\/wp\/v2\/product\/3061","targetHints":{"allow":["GET"]}}],"collection":[{"href":"https:\/\/etagro.com\/index.php?rest_route=\/wp\/v2\/product"}],"about":[{"href":"https:\/\/etagro.com\/index.php?rest_route=\/wp\/v2\/types\/product"}],"replies":[{"embeddable":true,"href":"https:\/\/etagro.com\/index.php?rest_route=%2Fwp%2Fv2%2Fcomments&post=3061"}],"wp:featuredmedia":[{"embeddable":true,"href":"https:\/\/etagro.com\/index.php?rest_route=\/wp\/v2\/media\/3062"}],"wp:attachment":[{"href":"https:\/\/etagro.com\/index.php?rest_route=%2Fwp%2Fv2%2Fmedia&parent=3061"}],"wp:term":[{"taxonomy":"product_brand","embeddable":true,"href":"https:\/\/etagro.com\/index.php?rest_route=%2Fwp%2Fv2%2Fproduct_brand&post=3061"},{"taxonomy":"product_cat","embeddable":true,"href":"https:\/\/etagro.com\/index.php?rest_route=%2Fwp%2Fv2%2Fproduct_cat&post=3061"},{"taxonomy":"product_tag","embeddable":true,"href":"https:\/\/etagro.com\/index.php?rest_route=%2Fwp%2Fv2%2Fproduct_tag&post=3061"}],"curies":[{"name":"wp","href":"https:\/\/api.w.org\/{rel}","templated":true}]}}