{"id":3035,"date":"2025-09-23T01:01:45","date_gmt":"2025-09-23T06:01:45","guid":{"rendered":"https:\/\/etagro.com\/new\/?post_type=product&#038;p=3035"},"modified":"2025-09-23T01:01:45","modified_gmt":"2025-09-23T06:01:45","slug":"motor-gasolina-me200-l","status":"publish","type":"product","link":"https:\/\/etagro.com\/?product=motor-gasolina-me200-l","title":{"rendered":"Motor Gasolina ME200 L"},"content":{"rendered":"<p>Motor 4T a gasolina marca Ecomax, respaldado por Energ\u00eda &amp; Potencia. Desarrollado para ofrecer una fuente confiable y econ\u00f3mica de potencia para m\u00faltiples aplicaciones en los sectores agr\u00edcola, minero, de construcci\u00f3n e industrial, donde se requiera motor<\/p>\n<p>Fabricado con materiales que aseguran un periodo de vida \u00f3ptimo de acuerdo a las aplicaciones y condiciones de uso. Estructura compacta. Dise\u00f1o optimizado del mofle y del sistema de salida de gases de escape para asegurar bajo nivel de ruido.<\/p>\n","protected":false},"excerpt":{"rendered":"<p>MARCA: Ecomax Potenciado por: Gasolina 4T Potencia (hp): 6.5 Potencia neta (hp): 6.5hp@1800rpm Tipo de arranque: Manual (retr\u00e1ctil) Tipo de Eje\/Di\u00e1metro: Cu\u00f1a 20mm<\/p>\n","protected":false},"featured_media":3036,"comment_status":"open","ping_status":"closed","template":"","meta":{"_joinchat":[]},"product_brand":[],"product_cat":[26],"product_tag":[],"class_list":{"0":"post-3035","1":"product","2":"type-product","3":"status-publish","4":"has-post-thumbnail","6":"product_cat-potencia-y-energia","8":"first","9":"instock","10":"taxable","11":"shipping-taxable","12":"purchasable","13":"product-type-simple"},"_links":{"self":[{"href":"https:\/\/etagro.com\/index.php?rest_route=\/wp\/v2\/product\/3035","targetHints":{"allow":["GET"]}}],"collection":[{"href":"https:\/\/etagro.com\/index.php?rest_route=\/wp\/v2\/product"}],"about":[{"href":"https:\/\/etagro.com\/index.php?rest_route=\/wp\/v2\/types\/product"}],"replies":[{"embeddable":true,"href":"https:\/\/etagro.com\/index.php?rest_route=%2Fwp%2Fv2%2Fcomments&post=3035"}],"wp:featuredmedia":[{"embeddable":true,"href":"https:\/\/etagro.com\/index.php?rest_route=\/wp\/v2\/media\/3036"}],"wp:attachment":[{"href":"https:\/\/etagro.com\/index.php?rest_route=%2Fwp%2Fv2%2Fmedia&parent=3035"}],"wp:term":[{"taxonomy":"product_brand","embeddable":true,"href":"https:\/\/etagro.com\/index.php?rest_route=%2Fwp%2Fv2%2Fproduct_brand&post=3035"},{"taxonomy":"product_cat","embeddable":true,"href":"https:\/\/etagro.com\/index.php?rest_route=%2Fwp%2Fv2%2Fproduct_cat&post=3035"},{"taxonomy":"product_tag","embeddable":true,"href":"https:\/\/etagro.com\/index.php?rest_route=%2Fwp%2Fv2%2Fproduct_tag&post=3035"}],"curies":[{"name":"wp","href":"https:\/\/api.w.org\/{rel}","templated":true}]}}