{"id":2981,"date":"2025-09-22T23:52:26","date_gmt":"2025-09-23T04:52:26","guid":{"rendered":"https:\/\/etagro.com\/new\/?post_type=product&#038;p=2981"},"modified":"2025-09-22T23:52:26","modified_gmt":"2025-09-23T04:52:26","slug":"motor-gasolina-gx200h2-lhb2","status":"publish","type":"product","link":"https:\/\/etagro.com\/?product=motor-gasolina-gx200h2-lhb2","title":{"rendered":"Motor Gasolina GX200H2 LHB2"},"content":{"rendered":"<p>El dise\u00f1o OHV mejora la eficiencia de combusti\u00f3n. La disposici\u00f3n de las v\u00e1lvulas permite una admisi\u00f3n de mezcla de combustible m\u00e1s homog\u00e9nea, adem\u00e1s de un escape m\u00e1s r\u00e1pido y completo. F\u00e1cil arranque gracias al sistema de descompresi\u00f3n autom\u00e1tico y a una<\/p>\n<p>Los motores de la serie GX de Honda son legendarios por su fiabilidad y rendimiento superior. Tienen m\u00faltiples aplicaciones en equipos de construcci\u00f3n, cultivadores, generadores y motobombas, entre otros.<\/p>\n","protected":false},"excerpt":{"rendered":"<p><strong>MARCA:<\/strong>\u00a0Honda\u00a0<strong>Potenciado por:<\/strong>\u00a0Gasolina 4T\u00a0<strong>Potencia (hp):<\/strong>\u00a06.5\u00a0<strong>Potencia neta (hp):<\/strong>\u00a06.5hp@1800rpm\u00a0<strong>Tipo de arranque:<\/strong>\u00a0Manual (retr\u00e1ctil)\u00a0<strong>Tipo de Eje\/Di\u00e1metro:<\/strong>\u00a0Cu\u00f1a 20mm<\/p>\n","protected":false},"featured_media":2982,"comment_status":"open","ping_status":"closed","template":"","meta":{"_joinchat":[]},"product_brand":[],"product_cat":[26],"product_tag":[],"class_list":{"0":"post-2981","1":"product","2":"type-product","3":"status-publish","4":"has-post-thumbnail","6":"product_cat-potencia-y-energia","8":"first","9":"instock","10":"taxable","11":"shipping-taxable","12":"purchasable","13":"product-type-simple"},"_links":{"self":[{"href":"https:\/\/etagro.com\/index.php?rest_route=\/wp\/v2\/product\/2981","targetHints":{"allow":["GET"]}}],"collection":[{"href":"https:\/\/etagro.com\/index.php?rest_route=\/wp\/v2\/product"}],"about":[{"href":"https:\/\/etagro.com\/index.php?rest_route=\/wp\/v2\/types\/product"}],"replies":[{"embeddable":true,"href":"https:\/\/etagro.com\/index.php?rest_route=%2Fwp%2Fv2%2Fcomments&post=2981"}],"wp:featuredmedia":[{"embeddable":true,"href":"https:\/\/etagro.com\/index.php?rest_route=\/wp\/v2\/media\/2982"}],"wp:attachment":[{"href":"https:\/\/etagro.com\/index.php?rest_route=%2Fwp%2Fv2%2Fmedia&parent=2981"}],"wp:term":[{"taxonomy":"product_brand","embeddable":true,"href":"https:\/\/etagro.com\/index.php?rest_route=%2Fwp%2Fv2%2Fproduct_brand&post=2981"},{"taxonomy":"product_cat","embeddable":true,"href":"https:\/\/etagro.com\/index.php?rest_route=%2Fwp%2Fv2%2Fproduct_cat&post=2981"},{"taxonomy":"product_tag","embeddable":true,"href":"https:\/\/etagro.com\/index.php?rest_route=%2Fwp%2Fv2%2Fproduct_tag&post=2981"}],"curies":[{"name":"wp","href":"https:\/\/api.w.org\/{rel}","templated":true}]}}