{"id":2955,"date":"2025-09-22T23:36:13","date_gmt":"2025-09-23T04:36:13","guid":{"rendered":"https:\/\/etagro.com\/new\/?post_type=product&#038;p=2955"},"modified":"2025-09-22T23:36:13","modified_gmt":"2025-09-23T04:36:13","slug":"motor-gasolina-gx100rt-kra2","status":"publish","type":"product","link":"https:\/\/etagro.com\/?product=motor-gasolina-gx100rt-kra2","title":{"rendered":"Motor Gasolina GX100RT KRA2"},"content":{"rendered":"<p>El dise\u00f1o OHC con correa de distribuci\u00f3n silenciosa, hace este motor ligero, compacto y con muy poco mantenimiento. El dise\u00f1o OHC combinado con un escape de gran capacidad reducen el ruido a un nivel bajo. Un simple pero novedoso sistema de lubricaci\u00f3n ga<\/p>\n<p>Los motores de la serie GX de Honda son legendarios por su fiabilidad y rendimiento superior. Tienen m\u00faltiples aplicaciones en equipos de construcci\u00f3n, cultivadores, generadores y motobombas, entre otros.<\/p>\n","protected":false},"excerpt":{"rendered":"<p><strong>MARCA:<\/strong>\u00a0Honda\u00a0<strong>Potenciado por:<\/strong>\u00a0Gasolina 4T\u00a0<strong>Potencia (hp):<\/strong>\u00a03\u00a0<strong>Potencia neta (hp):<\/strong>\u00a03hp@3600rpm\u00a0<strong>Tipo de arranque:<\/strong>\u00a0Manual (retr\u00e1ctil)\u00a0<strong>Tipo de Eje\/Di\u00e1metro:<\/strong>\u00a0Embrague centrifugo 78mm<\/p>\n","protected":false},"featured_media":2956,"comment_status":"open","ping_status":"closed","template":"","meta":{"_joinchat":[]},"product_brand":[],"product_cat":[26],"product_tag":[],"class_list":{"0":"post-2955","1":"product","2":"type-product","3":"status-publish","4":"has-post-thumbnail","6":"product_cat-potencia-y-energia","8":"first","9":"instock","10":"taxable","11":"shipping-taxable","12":"purchasable","13":"product-type-simple"},"_links":{"self":[{"href":"https:\/\/etagro.com\/index.php?rest_route=\/wp\/v2\/product\/2955","targetHints":{"allow":["GET"]}}],"collection":[{"href":"https:\/\/etagro.com\/index.php?rest_route=\/wp\/v2\/product"}],"about":[{"href":"https:\/\/etagro.com\/index.php?rest_route=\/wp\/v2\/types\/product"}],"replies":[{"embeddable":true,"href":"https:\/\/etagro.com\/index.php?rest_route=%2Fwp%2Fv2%2Fcomments&post=2955"}],"wp:featuredmedia":[{"embeddable":true,"href":"https:\/\/etagro.com\/index.php?rest_route=\/wp\/v2\/media\/2956"}],"wp:attachment":[{"href":"https:\/\/etagro.com\/index.php?rest_route=%2Fwp%2Fv2%2Fmedia&parent=2955"}],"wp:term":[{"taxonomy":"product_brand","embeddable":true,"href":"https:\/\/etagro.com\/index.php?rest_route=%2Fwp%2Fv2%2Fproduct_brand&post=2955"},{"taxonomy":"product_cat","embeddable":true,"href":"https:\/\/etagro.com\/index.php?rest_route=%2Fwp%2Fv2%2Fproduct_cat&post=2955"},{"taxonomy":"product_tag","embeddable":true,"href":"https:\/\/etagro.com\/index.php?rest_route=%2Fwp%2Fv2%2Fproduct_tag&post=2955"}],"curies":[{"name":"wp","href":"https:\/\/api.w.org\/{rel}","templated":true}]}}