{"id":2567,"date":"2025-01-31T16:41:52","date_gmt":"2025-01-31T21:41:52","guid":{"rendered":"https:\/\/etagro.com\/?post_type=product&#038;p=2567"},"modified":"2025-10-23T13:14:16","modified_gmt":"2025-10-23T18:14:16","slug":"bfd-150-biotrituradora-forte-diesel-arranque-electrico","status":"publish","type":"product","link":"https:\/\/etagro.com\/?product=bfd-150-biotrituradora-forte-diesel-arranque-electrico","title":{"rendered":"BFD-150 Biotrituradora FORTE DI\u00c9SEL arranque el\u00e9ctrico."},"content":{"rendered":"<p>Especialmente dise\u00f1ada para procesar, picar o triturar desechos org\u00e1nicos tales como restos de podas, hojas, ramas, material vegetal como tub\u00e9rculos, ca\u00f1as y dem\u00e1s que son convertidos en trozos peque\u00f1os para facilitar la biodegradaci\u00f3n.<\/p>\n","protected":false},"excerpt":{"rendered":"<p>Especialmente dise\u00f1ada para procesar, picar o triturar desechos org\u00e1nicos tales como restos de podas, hojas, ramas, material vegetal como tub\u00e9rculos, ca\u00f1as y dem\u00e1s que son convertidos en trozos peque\u00f1os para facilitar la biodegradaci\u00f3n.<\/p>\n","protected":false},"featured_media":2921,"comment_status":"open","ping_status":"closed","template":"","meta":{"_joinchat":[]},"product_brand":[],"product_cat":[76],"product_tag":[],"class_list":{"0":"post-2567","1":"product","2":"type-product","3":"status-publish","4":"has-post-thumbnail","6":"product_cat-picadoras-residuos-poda","8":"first","9":"instock","10":"taxable","11":"shipping-taxable","12":"purchasable","13":"product-type-simple"},"_links":{"self":[{"href":"https:\/\/etagro.com\/index.php?rest_route=\/wp\/v2\/product\/2567","targetHints":{"allow":["GET"]}}],"collection":[{"href":"https:\/\/etagro.com\/index.php?rest_route=\/wp\/v2\/product"}],"about":[{"href":"https:\/\/etagro.com\/index.php?rest_route=\/wp\/v2\/types\/product"}],"replies":[{"embeddable":true,"href":"https:\/\/etagro.com\/index.php?rest_route=%2Fwp%2Fv2%2Fcomments&post=2567"}],"wp:featuredmedia":[{"embeddable":true,"href":"https:\/\/etagro.com\/index.php?rest_route=\/wp\/v2\/media\/2921"}],"wp:attachment":[{"href":"https:\/\/etagro.com\/index.php?rest_route=%2Fwp%2Fv2%2Fmedia&parent=2567"}],"wp:term":[{"taxonomy":"product_brand","embeddable":true,"href":"https:\/\/etagro.com\/index.php?rest_route=%2Fwp%2Fv2%2Fproduct_brand&post=2567"},{"taxonomy":"product_cat","embeddable":true,"href":"https:\/\/etagro.com\/index.php?rest_route=%2Fwp%2Fv2%2Fproduct_cat&post=2567"},{"taxonomy":"product_tag","embeddable":true,"href":"https:\/\/etagro.com\/index.php?rest_route=%2Fwp%2Fv2%2Fproduct_tag&post=2567"}],"curies":[{"name":"wp","href":"https:\/\/api.w.org\/{rel}","templated":true}]}}