{"id":247,"date":"2021-02-25T22:20:01","date_gmt":"2021-02-26T03:20:01","guid":{"rendered":"http:\/\/etagro.com\/new\/?post_type=product&#038;p=247"},"modified":"2025-11-12T10:45:05","modified_gmt":"2025-11-12T15:45:05","slug":"termonebulizador-6hyc-25d","status":"publish","type":"product","link":"https:\/\/etagro.com\/?product=termonebulizador-6hyc-25d","title":{"rendered":"Termonebulizador SAETA 6HYC-25D"},"content":{"rendered":"<p>Encendido Electr\u00f3nico y manual<\/p>\n<p><strong>Caracter\u00edsticas t\u00e9cnicas:<\/strong><\/p>\n<p>Alimentaci\u00f3n: Gasolina de 1.2 Litros<br \/>\nTanque de l\u00edquidos: 6 Litros<br \/>\nConsumo: 1 litro\/h<br \/>\nDescarga:25 Litros\/h<br \/>\nPotencia: 500 a 800 kcal\/ Litro de mezcla<br \/>\nBater\u00eda recargable<br \/>\nAlcance: 30mts zona abierta, 100mts zona cerrada<br \/>\nTemperatura combusti\u00f3n:1.200 grados centigrados<br \/>\nTemperatura Nebulizable: 110 grados cent\u00edgrados<br \/>\nMaterial: Acero Inoxidable<br \/>\nPeso: 8.5kls<br \/>\nMedidas: 109.5 x 35.5 x 36.5<\/p>\n","protected":false},"excerpt":{"rendered":"<p>Equipo ideal para el control de plagas de vectores, ya sea en interior o al aire libre. Ideal para usarse en \u00e1reas abiertas y cerradas, como mercados, escuelas, hoteles, trenes, barcos y bodegas, sobre todo cuando las \u00e1reas a tratar son de dif\u00edcil acceso. Aplicar\u00e1 el ingrediente activo a base de agua o aceite en forma de neblina fina.<\/p>\n","protected":false},"featured_media":1749,"comment_status":"open","ping_status":"closed","template":"","meta":{"_joinchat":[]},"product_brand":[],"product_cat":[85,136,29],"product_tag":[],"class_list":{"0":"post-247","1":"product","2":"type-product","3":"status-publish","4":"has-post-thumbnail","6":"product_cat-nebulizadores","7":"product_cat-nebulizadores-saeta","8":"product_cat-saeta","10":"first","11":"outofstock","12":"taxable","13":"shipping-taxable","14":"purchasable","15":"product-type-simple"},"_links":{"self":[{"href":"https:\/\/etagro.com\/index.php?rest_route=\/wp\/v2\/product\/247","targetHints":{"allow":["GET"]}}],"collection":[{"href":"https:\/\/etagro.com\/index.php?rest_route=\/wp\/v2\/product"}],"about":[{"href":"https:\/\/etagro.com\/index.php?rest_route=\/wp\/v2\/types\/product"}],"replies":[{"embeddable":true,"href":"https:\/\/etagro.com\/index.php?rest_route=%2Fwp%2Fv2%2Fcomments&post=247"}],"wp:featuredmedia":[{"embeddable":true,"href":"https:\/\/etagro.com\/index.php?rest_route=\/wp\/v2\/media\/1749"}],"wp:attachment":[{"href":"https:\/\/etagro.com\/index.php?rest_route=%2Fwp%2Fv2%2Fmedia&parent=247"}],"wp:term":[{"taxonomy":"product_brand","embeddable":true,"href":"https:\/\/etagro.com\/index.php?rest_route=%2Fwp%2Fv2%2Fproduct_brand&post=247"},{"taxonomy":"product_cat","embeddable":true,"href":"https:\/\/etagro.com\/index.php?rest_route=%2Fwp%2Fv2%2Fproduct_cat&post=247"},{"taxonomy":"product_tag","embeddable":true,"href":"https:\/\/etagro.com\/index.php?rest_route=%2Fwp%2Fv2%2Fproduct_tag&post=247"}],"curies":[{"name":"wp","href":"https:\/\/api.w.org\/{rel}","templated":true}]}}