{"id":2272,"date":"2024-11-13T14:27:40","date_gmt":"2024-11-13T19:27:40","guid":{"rendered":"https:\/\/etagro.com\/?post_type=product&#038;p=2272"},"modified":"2024-11-25T23:23:21","modified_gmt":"2024-11-26T04:23:21","slug":"bomba-barnes-e0941","status":"publish","type":"product","link":"https:\/\/etagro.com\/?product=bomba-barnes-e0941","title":{"rendered":"Bomba BARNES E0941"},"content":{"rendered":"<p>Descripci\u00f3n<br \/>\nCuerpo: Noryl<br \/>\nMotor: El\u00e9ctrico 110, 1F, 60Hz, 1Hp<br \/>\nBomba: Centr\u00edfuga Monobloque<br \/>\n(H) Altura M\u00e1x (mca)*: 11 mca<br \/>\n(Q) Caudal M\u00e1x (gpm)**: 89 gpm<br \/>\n\u00d8 de Succi\u00f3n: 1\u00bd\u00bb<br \/>\n\u00d8 de Descarga: 1\u00bd\u00bb<br \/>\nTemperatura m\u00e1x: 140\u00b0F (60\u00b0 C) Continua<br \/>\nPeso: 10 Kg<br \/>\n* mca = metros columna de agua, H con la v\u00e1lvula total cerrada<br \/>\n** gpm= galones por minuto, Q con la v\u00e1lvula total abierta<\/p>\n","protected":false},"excerpt":{"rendered":"<p><strong>Electrobomba Jacuzzi Barnes 1\u00bd x 1\u00bd, 1Hp 110V 1F<\/strong><br \/>\nElectrobomba Barnes Jacuzzi 1\u00bd x 1\u00bd, 1 Hp, E0941, de estructura Pl\u00e1stica Noryl y Motor el\u00e9ctrico de 1.0 Hp, monoetapa compacta, dise\u00f1ada para la recirculaci\u00f3n de agua en sistemas de hidromasaje (jacuzzi). La bomba succiona el agua de la misma tina y la inyecta a presi\u00f3n, ayudando a producir los poderosos chorros de agua.<\/p>\n","protected":false},"featured_media":2273,"comment_status":"open","ping_status":"closed","template":"","meta":{"_joinchat":[]},"product_brand":[],"product_cat":[91],"product_tag":[],"class_list":{"0":"post-2272","1":"product","2":"type-product","3":"status-publish","4":"has-post-thumbnail","6":"product_cat-bombas-para-piscina","8":"first","9":"instock","10":"taxable","11":"shipping-taxable","12":"purchasable","13":"product-type-simple"},"_links":{"self":[{"href":"https:\/\/etagro.com\/index.php?rest_route=\/wp\/v2\/product\/2272","targetHints":{"allow":["GET"]}}],"collection":[{"href":"https:\/\/etagro.com\/index.php?rest_route=\/wp\/v2\/product"}],"about":[{"href":"https:\/\/etagro.com\/index.php?rest_route=\/wp\/v2\/types\/product"}],"replies":[{"embeddable":true,"href":"https:\/\/etagro.com\/index.php?rest_route=%2Fwp%2Fv2%2Fcomments&post=2272"}],"wp:featuredmedia":[{"embeddable":true,"href":"https:\/\/etagro.com\/index.php?rest_route=\/wp\/v2\/media\/2273"}],"wp:attachment":[{"href":"https:\/\/etagro.com\/index.php?rest_route=%2Fwp%2Fv2%2Fmedia&parent=2272"}],"wp:term":[{"taxonomy":"product_brand","embeddable":true,"href":"https:\/\/etagro.com\/index.php?rest_route=%2Fwp%2Fv2%2Fproduct_brand&post=2272"},{"taxonomy":"product_cat","embeddable":true,"href":"https:\/\/etagro.com\/index.php?rest_route=%2Fwp%2Fv2%2Fproduct_cat&post=2272"},{"taxonomy":"product_tag","embeddable":true,"href":"https:\/\/etagro.com\/index.php?rest_route=%2Fwp%2Fv2%2Fproduct_tag&post=2272"}],"curies":[{"name":"wp","href":"https:\/\/api.w.org\/{rel}","templated":true}]}}