{"id":2256,"date":"2024-11-13T12:37:50","date_gmt":"2024-11-13T17:37:50","guid":{"rendered":"https:\/\/etagro.com\/?post_type=product&#038;p=2256"},"modified":"2025-01-30T17:48:42","modified_gmt":"2025-01-30T22:48:42","slug":"motobomba-myers-whr-10h-21","status":"publish","type":"product","link":"https:\/\/etagro.com\/?product=motobomba-myers-whr-10h-21","title":{"rendered":"Motobomba MYERS WHR-10H-21"},"content":{"rendered":"<p>Aplicaciones t\u00edpicas de la bomba de aguas residuales de alta presi\u00f3n serie WHRH de Myers<br \/>\nAlcantarillado residencial y comercial<br \/>\nC\u00e1rter de alta capacidad<br \/>\nEfluente<br \/>\nAguas residuales dom\u00e9sticas<br \/>\nAplicaciones de bombeo s\u00e9ptico<br \/>\nCaracter\u00edsticas de la bomba de aguas residuales de alta presi\u00f3n serie WHRH de Myers<br \/>\nResistente a la corrosi\u00f3n. Construcci\u00f3n totalmente de hierro fundido que resiste los entornos corrosivos m\u00e1s extremos.<br \/>\nFunciona con un motor lleno de aceite m\u00e1s fr\u00edo para lubricar los cojinetes y lograr la m\u00e1xima disipaci\u00f3n del calor.<br \/>\nFlujo para satisfacer la demanda Mayor rendimiento de carga para aplicaciones exigentes de aguas residuales y efluentes.<br \/>\nArranques potentes , motor con capacitor dividido permanente (PSC) de alto torque; sin interruptores de arranque ni rel\u00e9s que se desgasten.<br \/>\nLos motores monof\u00e1sicos con protecci\u00f3n t\u00e9rmica tienen protecci\u00f3n contra sobrecarga del sensor de calor con reinicio autom\u00e1tico cuando el motor se enfr\u00eda a una temperatura de funcionamiento segura.<\/p>\n","protected":false},"excerpt":{"rendered":"<p><strong>Electrobomba Myers | Drenaje Aguas Negras | Hierro | 230Vac | 0.4 Hp | D 3\u2033 | Monof\u00e1sica | 14MCA\/67GPM | WHR10H-21<\/strong><br \/>\nMarca : Myers<br \/>\nEnerg\u00eda : El\u00e9ctrica Monof\u00e1sica<br \/>\nPotencia (HP) : Hasta 2Hp<br \/>\nPresi\u00f3n (MCA) : 11-20 mca<br \/>\nCaudal (GPM) : 51-100 gpm<br \/>\nMaterial de Fabricaci\u00f3n : Hierro<br \/>\nLiquido Fluido : Agua residual<\/p>\n","protected":false},"featured_media":2257,"comment_status":"open","ping_status":"closed","template":"","meta":{"_joinchat":[]},"product_brand":[],"product_cat":[89],"product_tag":[],"class_list":{"0":"post-2256","1":"product","2":"type-product","3":"status-publish","4":"has-post-thumbnail","6":"product_cat-electricas","8":"first","9":"instock","10":"taxable","11":"shipping-taxable","12":"purchasable","13":"product-type-simple"},"_links":{"self":[{"href":"https:\/\/etagro.com\/index.php?rest_route=\/wp\/v2\/product\/2256","targetHints":{"allow":["GET"]}}],"collection":[{"href":"https:\/\/etagro.com\/index.php?rest_route=\/wp\/v2\/product"}],"about":[{"href":"https:\/\/etagro.com\/index.php?rest_route=\/wp\/v2\/types\/product"}],"replies":[{"embeddable":true,"href":"https:\/\/etagro.com\/index.php?rest_route=%2Fwp%2Fv2%2Fcomments&post=2256"}],"wp:featuredmedia":[{"embeddable":true,"href":"https:\/\/etagro.com\/index.php?rest_route=\/wp\/v2\/media\/2257"}],"wp:attachment":[{"href":"https:\/\/etagro.com\/index.php?rest_route=%2Fwp%2Fv2%2Fmedia&parent=2256"}],"wp:term":[{"taxonomy":"product_brand","embeddable":true,"href":"https:\/\/etagro.com\/index.php?rest_route=%2Fwp%2Fv2%2Fproduct_brand&post=2256"},{"taxonomy":"product_cat","embeddable":true,"href":"https:\/\/etagro.com\/index.php?rest_route=%2Fwp%2Fv2%2Fproduct_cat&post=2256"},{"taxonomy":"product_tag","embeddable":true,"href":"https:\/\/etagro.com\/index.php?rest_route=%2Fwp%2Fv2%2Fproduct_tag&post=2256"}],"curies":[{"name":"wp","href":"https:\/\/api.w.org\/{rel}","templated":true}]}}