{"id":2252,"date":"2024-11-13T12:34:19","date_gmt":"2024-11-13T17:34:19","guid":{"rendered":"https:\/\/etagro.com\/?post_type=product&#038;p=2252"},"modified":"2025-01-30T17:31:44","modified_gmt":"2025-01-30T22:31:44","slug":"motobomba-pearl-slp-05a16a","status":"publish","type":"product","link":"https:\/\/etagro.com\/?product=motobomba-pearl-slp-05a16a","title":{"rendered":"Motobomba PEARL SLP-05A16A"},"content":{"rendered":"<p>Bomba sumergible agua limpia<br \/>\nPEARL SLP 05A16A agua limpia 1.1\/4\u2033 0,5hp 110V caudal Max: 120L\/min, altura Max: 9mts.<\/p>\n<p>Pueden ser usadas para bombear agua limpia u otros l\u00edquidos similares al agua en propiedades f\u00edsicas y qu\u00edmicas.<br \/>\nRecomendada para suministro de agua en hogares y peque\u00f1as aplicaciones residenciales, transferencia de agua de un tanque a otro y peque\u00f1as fuentes.<\/p>\n","protected":false},"excerpt":{"rendered":"<p><strong>Bomba Sumergible PEARL SLP 05A16A Agua Limpia 1.1\/4\u2033 0,5hp 110V Caudal Max: 120L\/min, Altura Max: 9mts<\/strong><br \/>\nBomba de agua sumergible<br \/>\nReferencia SLP 05A16A<br \/>\n1.1\/4\u2033 0,5hp 110V<br \/>\nCaudal Max: 120L\/min<br \/>\nAltura Max: 9mts<br \/>\nDise\u00f1adas para drenar s\u00f3tanos, botes, tanques, dep\u00f3sitos de aguas lluvia, pozos, estanques, entre otros.<br \/>\nPuede utilizarse para sistemas de recirculaci\u00f3n.<\/p>\n","protected":false},"featured_media":2253,"comment_status":"open","ping_status":"closed","template":"","meta":{"_joinchat":[]},"product_brand":[],"product_cat":[89],"product_tag":[],"class_list":{"0":"post-2252","1":"product","2":"type-product","3":"status-publish","4":"has-post-thumbnail","6":"product_cat-electricas","8":"first","9":"instock","10":"taxable","11":"shipping-taxable","12":"purchasable","13":"product-type-simple"},"_links":{"self":[{"href":"https:\/\/etagro.com\/index.php?rest_route=\/wp\/v2\/product\/2252","targetHints":{"allow":["GET"]}}],"collection":[{"href":"https:\/\/etagro.com\/index.php?rest_route=\/wp\/v2\/product"}],"about":[{"href":"https:\/\/etagro.com\/index.php?rest_route=\/wp\/v2\/types\/product"}],"replies":[{"embeddable":true,"href":"https:\/\/etagro.com\/index.php?rest_route=%2Fwp%2Fv2%2Fcomments&post=2252"}],"wp:featuredmedia":[{"embeddable":true,"href":"https:\/\/etagro.com\/index.php?rest_route=\/wp\/v2\/media\/2253"}],"wp:attachment":[{"href":"https:\/\/etagro.com\/index.php?rest_route=%2Fwp%2Fv2%2Fmedia&parent=2252"}],"wp:term":[{"taxonomy":"product_brand","embeddable":true,"href":"https:\/\/etagro.com\/index.php?rest_route=%2Fwp%2Fv2%2Fproduct_brand&post=2252"},{"taxonomy":"product_cat","embeddable":true,"href":"https:\/\/etagro.com\/index.php?rest_route=%2Fwp%2Fv2%2Fproduct_cat&post=2252"},{"taxonomy":"product_tag","embeddable":true,"href":"https:\/\/etagro.com\/index.php?rest_route=%2Fwp%2Fv2%2Fproduct_tag&post=2252"}],"curies":[{"name":"wp","href":"https:\/\/api.w.org\/{rel}","templated":true}]}}