{"id":2250,"date":"2024-11-13T12:25:48","date_gmt":"2024-11-13T17:25:48","guid":{"rendered":"https:\/\/etagro.com\/?post_type=product&#038;p=2250"},"modified":"2025-11-18T13:02:05","modified_gmt":"2025-11-18T18:02:05","slug":"motobomba-pearl-vpc1-17-20c16s","status":"publish","type":"product","link":"https:\/\/etagro.com\/?product=motobomba-pearl-vpc1-17-20c16s","title":{"rendered":"Electrobomba Multietapas Pearl VPC1-17-20C16S"},"content":{"rendered":"<p>Perfectas para edificios altos y redes de distribuci\u00f3n municipal, donde se necesita una presi\u00f3n constante y elevada. Esenciales en sistemas de riego agr\u00edcola, asegurando un suministro constante y eficiente de agua para optimizar el crecimiento de los cultivos.<\/p>\n<table width=\"547\">\n<tbody>\n<tr>\n<td id=\"\" colspan=\"\" rowspan=\"\">\n<h4><b>Caracter\u00edsticas<\/b><\/h4>\n<\/td>\n<td id=\"\" colspan=\"\" rowspan=\"\">\n<h4>VPC1-17 20C16s<\/h4>\n<\/td>\n<\/tr>\n<tr>\n<td id=\"\" colspan=\"\" rowspan=\"\">Tipo de motor<\/td>\n<td id=\"\" colspan=\"\" rowspan=\"\">El\u00e9ctrico<\/td>\n<\/tr>\n<tr>\n<td id=\"\" colspan=\"\" rowspan=\"\">Material de fabricaci\u00f3n<\/td>\n<td id=\"\" colspan=\"\" rowspan=\"\">Acero inoxidable<\/td>\n<\/tr>\n<tr>\n<td id=\"\" colspan=\"\" rowspan=\"\">Fase<\/td>\n<td id=\"\" colspan=\"\" rowspan=\"\">1 (Monof\u00e1sica)<\/td>\n<\/tr>\n<tr>\n<td id=\"\" colspan=\"\" rowspan=\"\">Potencia<\/td>\n<td id=\"\" colspan=\"\" rowspan=\"\">2 Hp<\/td>\n<\/tr>\n<tr>\n<td id=\"\" colspan=\"\" rowspan=\"\">Acople<\/td>\n<td id=\"\" colspan=\"\" rowspan=\"\">56C<\/td>\n<\/tr>\n<tr>\n<td id=\"\" colspan=\"\" rowspan=\"\">Motor ODP<\/td>\n<td id=\"\" colspan=\"\" rowspan=\"\">MVB 20F16O<\/td>\n<\/tr>\n<tr>\n<td id=\"\" colspan=\"\" rowspan=\"\">Motor TEFC<\/td>\n<td id=\"\" colspan=\"\" rowspan=\"\">MVB 20F16T<\/td>\n<\/tr>\n<tr>\n<td id=\"\" colspan=\"\" rowspan=\"\">Peso ODP (Kg)<\/td>\n<td id=\"\" colspan=\"\" rowspan=\"\">52<\/td>\n<\/tr>\n<tr>\n<td id=\"\" colspan=\"\" rowspan=\"\">Peso TEFC (Kg)<\/td>\n<td id=\"\" colspan=\"\" rowspan=\"\">44<\/td>\n<\/tr>\n<tr>\n<td id=\"\" colspan=\"\" rowspan=\"\">Peso NETO (Kg)<\/td>\n<td id=\"\" colspan=\"\" rowspan=\"\">96<\/td>\n<\/tr>\n<\/tbody>\n<\/table>\n","protected":false},"excerpt":{"rendered":"<p><strong>Electrobomba Multietapas 2Hp 17 Etapas 220V Pearl VPC1-17 20C16S<\/strong><br \/>\nElectrobomba Multietapas 2Hp 17 Etapas, fabricadas con materiales de alta resistencia, estas bombas garantizan durabilidad y una larga vida \u00fatil, reduciendo la necesidad de mantenimiento frecuente. Utilizadas en procesos de manufactura, sistemas de enfriamiento industrial y tratamiento de aguas, ofreciendo un rendimiento fiable y continuo.<\/p>\n","protected":false},"featured_media":2251,"comment_status":"open","ping_status":"closed","template":"","meta":{"_joinchat":[]},"product_brand":[],"product_cat":[89],"product_tag":[],"class_list":{"0":"post-2250","1":"product","2":"type-product","3":"status-publish","4":"has-post-thumbnail","6":"product_cat-electricas","8":"first","9":"instock","10":"taxable","11":"shipping-taxable","12":"purchasable","13":"product-type-simple"},"_links":{"self":[{"href":"https:\/\/etagro.com\/index.php?rest_route=\/wp\/v2\/product\/2250","targetHints":{"allow":["GET"]}}],"collection":[{"href":"https:\/\/etagro.com\/index.php?rest_route=\/wp\/v2\/product"}],"about":[{"href":"https:\/\/etagro.com\/index.php?rest_route=\/wp\/v2\/types\/product"}],"replies":[{"embeddable":true,"href":"https:\/\/etagro.com\/index.php?rest_route=%2Fwp%2Fv2%2Fcomments&post=2250"}],"wp:featuredmedia":[{"embeddable":true,"href":"https:\/\/etagro.com\/index.php?rest_route=\/wp\/v2\/media\/2251"}],"wp:attachment":[{"href":"https:\/\/etagro.com\/index.php?rest_route=%2Fwp%2Fv2%2Fmedia&parent=2250"}],"wp:term":[{"taxonomy":"product_brand","embeddable":true,"href":"https:\/\/etagro.com\/index.php?rest_route=%2Fwp%2Fv2%2Fproduct_brand&post=2250"},{"taxonomy":"product_cat","embeddable":true,"href":"https:\/\/etagro.com\/index.php?rest_route=%2Fwp%2Fv2%2Fproduct_cat&post=2250"},{"taxonomy":"product_tag","embeddable":true,"href":"https:\/\/etagro.com\/index.php?rest_route=%2Fwp%2Fv2%2Fproduct_tag&post=2250"}],"curies":[{"name":"wp","href":"https:\/\/api.w.org\/{rel}","templated":true}]}}