{"id":2248,"date":"2024-11-13T12:22:40","date_gmt":"2024-11-13T17:22:40","guid":{"rendered":"https:\/\/etagro.com\/?post_type=product&#038;p=2248"},"modified":"2025-01-30T17:35:35","modified_gmt":"2025-01-30T22:35:35","slug":"motobomba-pearl-csps-15f-16s","status":"publish","type":"product","link":"https:\/\/etagro.com\/?product=motobomba-pearl-csps-15f-16s","title":{"rendered":"Motobomba PEARL CSPS-15F-16S"},"content":{"rendered":"<p>Aprovecha la tecnolog\u00eda de bombeo m\u00e1s avanzada del mercado. Cont\u00e1ctanos hoy mismo para descubrir c\u00f3mo nuestra electrobomba centr\u00edfuga en acero inoxidable puede transformar tus operaciones y llevar tu negocio al siguiente nivel.<\/p>\n<table width=\"507\">\n<tbody>\n<tr>\n<td id=\"\" colspan=\"\" rowspan=\"\">\n<h4><b>Caracter\u00edsticas<\/b><\/h4>\n<\/td>\n<td id=\"\" colspan=\"\" rowspan=\"\">\n<h4>CSPS 15F16S<\/h4>\n<\/td>\n<\/tr>\n<tr>\n<td id=\"\" colspan=\"\" rowspan=\"\">Tipo de motor<\/td>\n<td id=\"\" colspan=\"\" rowspan=\"\">El\u00e9ctrico<\/td>\n<\/tr>\n<tr>\n<td id=\"\" colspan=\"\" rowspan=\"\">Potencia<\/td>\n<td id=\"\" colspan=\"\" rowspan=\"\">1.5Hp \u2013 1.1kW<\/td>\n<\/tr>\n<tr>\n<td id=\"\" colspan=\"\" rowspan=\"\">Succi\u00f3n<\/td>\n<td id=\"\" colspan=\"\" rowspan=\"\">1-1\/4\u2033<\/td>\n<\/tr>\n<tr>\n<td id=\"\" colspan=\"\" rowspan=\"\">Descarga<\/td>\n<td id=\"\" colspan=\"\" rowspan=\"\">1\u2033<\/td>\n<\/tr>\n<tr>\n<td id=\"\" colspan=\"\" rowspan=\"\">RPM<\/td>\n<td id=\"\" colspan=\"\" rowspan=\"\">3450 r.p.m.<\/td>\n<\/tr>\n<tr>\n<td id=\"\" colspan=\"\" rowspan=\"\">Cuerpo de Bomba<\/td>\n<td id=\"\" colspan=\"\" rowspan=\"\">Acero Inoxidable<\/td>\n<\/tr>\n<tr>\n<td id=\"\" colspan=\"\" rowspan=\"\">Sello<\/td>\n<td id=\"\" colspan=\"\" rowspan=\"\">Mec\u00e1nico<\/td>\n<\/tr>\n<tr>\n<td id=\"\" colspan=\"\" rowspan=\"\">Material del sello<\/td>\n<td id=\"\" colspan=\"\" rowspan=\"\">Cer\u00e1mica \u2013 Grafito<\/td>\n<\/tr>\n<tr>\n<td id=\"\" colspan=\"\" rowspan=\"\">Dimenciones (mm)<\/td>\n<td id=\"\" colspan=\"\" rowspan=\"\">410x240x270<\/td>\n<\/tr>\n<tr>\n<td id=\"\" colspan=\"\" rowspan=\"\">Peso (Kg)<\/td>\n<td id=\"\" colspan=\"\" rowspan=\"\">15<\/td>\n<\/tr>\n<\/tbody>\n<\/table>\n","protected":false},"excerpt":{"rendered":"<p><strong>Electrobomba Centr\u00edfuga 1.5hp Acero Inoxidable 110\/220V 1-1\/4\u2033x1\u2033 Pearl CSPS15F16S<\/strong><br \/>\nElectrobomba Centr\u00edfuga 1.5hp Acero Inoxidable no solo ofrece un rendimiento excepcional y una durabilidad incomparable, sino que tambi\u00e9n cuenta con el respaldo de un equipo de soporte t\u00e9cnico altamente capacitado y un servicio al cliente de primer nivel. Nos comprometemos a proporcionar soluciones personalizadas que se ajusten perfectamente a tus necesidades y superen tus expectativas.<\/p>\n","protected":false},"featured_media":2249,"comment_status":"open","ping_status":"closed","template":"","meta":{"_joinchat":[]},"product_brand":[],"product_cat":[89],"product_tag":[],"class_list":{"0":"post-2248","1":"product","2":"type-product","3":"status-publish","4":"has-post-thumbnail","6":"product_cat-electricas","8":"first","9":"instock","10":"taxable","11":"shipping-taxable","12":"purchasable","13":"product-type-simple"},"_links":{"self":[{"href":"https:\/\/etagro.com\/index.php?rest_route=\/wp\/v2\/product\/2248","targetHints":{"allow":["GET"]}}],"collection":[{"href":"https:\/\/etagro.com\/index.php?rest_route=\/wp\/v2\/product"}],"about":[{"href":"https:\/\/etagro.com\/index.php?rest_route=\/wp\/v2\/types\/product"}],"replies":[{"embeddable":true,"href":"https:\/\/etagro.com\/index.php?rest_route=%2Fwp%2Fv2%2Fcomments&post=2248"}],"wp:featuredmedia":[{"embeddable":true,"href":"https:\/\/etagro.com\/index.php?rest_route=\/wp\/v2\/media\/2249"}],"wp:attachment":[{"href":"https:\/\/etagro.com\/index.php?rest_route=%2Fwp%2Fv2%2Fmedia&parent=2248"}],"wp:term":[{"taxonomy":"product_brand","embeddable":true,"href":"https:\/\/etagro.com\/index.php?rest_route=%2Fwp%2Fv2%2Fproduct_brand&post=2248"},{"taxonomy":"product_cat","embeddable":true,"href":"https:\/\/etagro.com\/index.php?rest_route=%2Fwp%2Fv2%2Fproduct_cat&post=2248"},{"taxonomy":"product_tag","embeddable":true,"href":"https:\/\/etagro.com\/index.php?rest_route=%2Fwp%2Fv2%2Fproduct_tag&post=2248"}],"curies":[{"name":"wp","href":"https:\/\/api.w.org\/{rel}","templated":true}]}}