{"id":2245,"date":"2024-11-13T12:18:43","date_gmt":"2024-11-13T17:18:43","guid":{"rendered":"https:\/\/etagro.com\/?post_type=product&#038;p=2245"},"modified":"2025-08-27T04:16:28","modified_gmt":"2025-08-27T09:16:28","slug":"motobomba-pearl-cqpl-20f-16s","status":"publish","type":"product","link":"https:\/\/etagro.com\/?product=motobomba-pearl-cqpl-20f-16s","title":{"rendered":"Motobomba PEARL CQPL-20F-16S"},"content":{"rendered":"<p>CARACTERISTICAS DE LA BOMBA:<\/p>\n<p>Cuerpo de bomba en hierro fundido<br \/>\nSoporte de bomba en aluminio<br \/>\nImpulsor centr\u00edfugo cerrado en ACERO INOXIDABLE<br \/>\nProtecci\u00f3n t\u00e9rmica incorporada para motores monof\u00e1sicos hasta 2 hp.<br \/>\nEje en acero inoxidable AISI 304<br \/>\nM\u00e1xima temperatura del l\u00edquido: 60 \u00b0C<br \/>\nCapacidad de succi\u00f3n a nivel del mar: 8 m<br \/>\nSello mec\u00e1nico en cer\u00e1mica y grafito, con elast\u00f3mero en NBR<br \/>\nCARACTERISTICAS DEL MOTOR:<\/p>\n<p>Motor de Inducci\u00f3n cerrado con bobinado en cobre<br \/>\nAislamiento clase F<br \/>\nProtecci\u00f3n IPX4<br \/>\nTemperatura M\u00e1xima de Ambiente: 40 \u00b0C<br \/>\nMonof\u00e1sico 110 V \u2013 110\/220 V \u2013 220 V seg\u00fan requisici\u00f3n. 60 Hz, 3450 rpm. Incluye protector t\u00e9rmico interno en el devanado<br \/>\nTrif\u00e1sico 220 V \u2013 220\/440 V, 60 Hz, 3450 rpm<br \/>\nDisponibles en versiones a 50 Hz<\/p>\n<table width=\"441\">\n<tbody>\n<tr>\n<td width=\"88\">MODELO<\/td>\n<td width=\"39\">HP<\/td>\n<td width=\"54\">VOLT<\/td>\n<td width=\"45\">FASES<\/td>\n<td width=\"54\">AMP<\/td>\n<td width=\"61\">S X D [PULG)<\/td>\n<td width=\"50\">Hmax (m)<\/td>\n<td width=\"50\">Qmax (LPM)<\/td>\n<\/tr>\n<tr>\n<td>\n<p class=\"p1\">CQPL 20F16S<\/p>\n<\/td>\n<td>2<\/td>\n<td>\n<p class=\"p1\">110\/220<\/p>\n<\/td>\n<td>1<\/td>\n<td>\n<p class=\"p1\">20\/10<\/p>\n<\/td>\n<td>\n<p class=\"p1\">2\u2033 x 2\u2033<\/p>\n<\/td>\n<td>22<\/td>\n<td>450<\/td>\n<\/tr>\n<\/tbody>\n<\/table>\n","protected":false},"excerpt":{"rendered":"<p><strong>Bomba Alto Caudal Pearl 2 HP 110\/ 220V-1F-CQPL20F16S<\/strong><br \/>\nLas electrobombas CQPL pueden ser utilizadas para bombear agua limpia u otros l\u00edquidos de propiedades fisicoqu\u00edmicas similares a las del agua. Son adecuadas para aplicaciones en procesos industriales y cualquier aplicaci\u00f3n que requiera el manejo de agua en alto volumen, sistema de calefacci\u00f3n y enfriamiento, y cualquier trasvase de alto volumen de agua.<\/p>\n","protected":false},"featured_media":2895,"comment_status":"open","ping_status":"closed","template":"","meta":{"_joinchat":[]},"product_brand":[],"product_cat":[89],"product_tag":[],"class_list":{"0":"post-2245","1":"product","2":"type-product","3":"status-publish","4":"has-post-thumbnail","6":"product_cat-electricas","8":"first","9":"instock","10":"taxable","11":"shipping-taxable","12":"purchasable","13":"product-type-simple"},"_links":{"self":[{"href":"https:\/\/etagro.com\/index.php?rest_route=\/wp\/v2\/product\/2245","targetHints":{"allow":["GET"]}}],"collection":[{"href":"https:\/\/etagro.com\/index.php?rest_route=\/wp\/v2\/product"}],"about":[{"href":"https:\/\/etagro.com\/index.php?rest_route=\/wp\/v2\/types\/product"}],"replies":[{"embeddable":true,"href":"https:\/\/etagro.com\/index.php?rest_route=%2Fwp%2Fv2%2Fcomments&post=2245"}],"wp:featuredmedia":[{"embeddable":true,"href":"https:\/\/etagro.com\/index.php?rest_route=\/wp\/v2\/media\/2895"}],"wp:attachment":[{"href":"https:\/\/etagro.com\/index.php?rest_route=%2Fwp%2Fv2%2Fmedia&parent=2245"}],"wp:term":[{"taxonomy":"product_brand","embeddable":true,"href":"https:\/\/etagro.com\/index.php?rest_route=%2Fwp%2Fv2%2Fproduct_brand&post=2245"},{"taxonomy":"product_cat","embeddable":true,"href":"https:\/\/etagro.com\/index.php?rest_route=%2Fwp%2Fv2%2Fproduct_cat&post=2245"},{"taxonomy":"product_tag","embeddable":true,"href":"https:\/\/etagro.com\/index.php?rest_route=%2Fwp%2Fv2%2Fproduct_tag&post=2245"}],"curies":[{"name":"wp","href":"https:\/\/api.w.org\/{rel}","templated":true}]}}