{"id":2235,"date":"2024-11-13T11:52:55","date_gmt":"2024-11-13T16:52:55","guid":{"rendered":"https:\/\/etagro.com\/?post_type=product&#038;p=2235"},"modified":"2025-01-30T17:42:53","modified_gmt":"2025-01-30T22:42:53","slug":"motobomba-pearl-cep-10f-16s","status":"publish","type":"product","link":"https:\/\/etagro.com\/?product=motobomba-pearl-cep-10f-16s","title":{"rendered":"Motobomba PEARL CEP-10F-16S"},"content":{"rendered":"<p>PEARL CEP10F16S, 1\u2033x1\u2033, 1hp 110\/220v Presi\u00f3n m\u00e1x: 36metros Caudal Max: 100litros\/min<\/p>\n<p>Recomendada para suministro de agua en hogares, edificios y la industria, en sistemas hidroneum\u00e1ticos, en sistemas de riego para jardines.<br \/>\nTrasiego de agua, sistemas de aire acondicionado, recirculaci\u00f3n de agua.<br \/>\nCARACTERISTICAS DE LA BOMBA<\/p>\n<p>Cuerpo de bomba en hierro fundido<br \/>\nSoporte de bomba en aluminio<br \/>\nImpulsor centr\u00edfugo cerrado en ACERO INOXIDABLE<br \/>\nEje en acero inoxidable AISI 304<br \/>\nM\u00e1xima temperatura del l\u00edquido: 60 \u00b0C<br \/>\nCapacidad de succi\u00f3n a nivel del mar: 8 m<br \/>\nSello mec\u00e1nico en cer\u00e1mica y grafito, con elast\u00f3mero en NBR<\/p>\n","protected":false},"excerpt":{"rendered":"<p><strong>Bomba El\u00e9ctrica Centrifuga PEARL CEP10F16S, 1\u2033x1\u2033, 1hp 110\/220v Presi\u00f3n m\u00e1x: 36metros Caudal Max: 100litros\/min<\/strong><br \/>\nBomba de agua el\u00e9ctrica<br \/>\nPresi\u00f3n max: 36metros<br \/>\nCaudal Max: 100litros\/min, 110\/220v<br \/>\nMonofasica 110\/220V, 60 Hz, 3450 rpm<br \/>\nEje en acero inoxidable para mayor duracion<br \/>\nSelector de Voltaje<br \/>\nRodamiento NSK: menos ruido y mas duracion<br \/>\nImpulsor en acero inoxidable o bronce: mejor eficiencia.<\/p>\n","protected":false},"featured_media":2236,"comment_status":"open","ping_status":"closed","template":"","meta":{"_joinchat":[]},"product_brand":[],"product_cat":[89],"product_tag":[],"class_list":{"0":"post-2235","1":"product","2":"type-product","3":"status-publish","4":"has-post-thumbnail","6":"product_cat-electricas","8":"first","9":"instock","10":"taxable","11":"shipping-taxable","12":"purchasable","13":"product-type-simple"},"_links":{"self":[{"href":"https:\/\/etagro.com\/index.php?rest_route=\/wp\/v2\/product\/2235","targetHints":{"allow":["GET"]}}],"collection":[{"href":"https:\/\/etagro.com\/index.php?rest_route=\/wp\/v2\/product"}],"about":[{"href":"https:\/\/etagro.com\/index.php?rest_route=\/wp\/v2\/types\/product"}],"replies":[{"embeddable":true,"href":"https:\/\/etagro.com\/index.php?rest_route=%2Fwp%2Fv2%2Fcomments&post=2235"}],"wp:featuredmedia":[{"embeddable":true,"href":"https:\/\/etagro.com\/index.php?rest_route=\/wp\/v2\/media\/2236"}],"wp:attachment":[{"href":"https:\/\/etagro.com\/index.php?rest_route=%2Fwp%2Fv2%2Fmedia&parent=2235"}],"wp:term":[{"taxonomy":"product_brand","embeddable":true,"href":"https:\/\/etagro.com\/index.php?rest_route=%2Fwp%2Fv2%2Fproduct_brand&post=2235"},{"taxonomy":"product_cat","embeddable":true,"href":"https:\/\/etagro.com\/index.php?rest_route=%2Fwp%2Fv2%2Fproduct_cat&post=2235"},{"taxonomy":"product_tag","embeddable":true,"href":"https:\/\/etagro.com\/index.php?rest_route=%2Fwp%2Fv2%2Fproduct_tag&post=2235"}],"curies":[{"name":"wp","href":"https:\/\/api.w.org\/{rel}","templated":true}]}}