{"id":2233,"date":"2024-11-13T11:44:55","date_gmt":"2024-11-13T16:44:55","guid":{"rendered":"https:\/\/etagro.com\/?post_type=product&#038;p=2233"},"modified":"2025-01-30T17:43:57","modified_gmt":"2025-01-30T22:43:57","slug":"motobomba-pearl-pep-05a-16l","status":"publish","type":"product","link":"https:\/\/etagro.com\/?product=motobomba-pearl-pep-05a-16l","title":{"rendered":"Motobomba PEARL PEP-05A-16L"},"content":{"rendered":"<p>Caracter\u00edsticas de la bomba<br \/>\nCuerpo de bomba en hierro fundido<br \/>\nSoporte motor con sistema antibloqueo, que evita que la bomba se bloquee despu\u00e9s de largos per\u00edodos de no funcionamiento<br \/>\nImpulsor en BRONCE de alabes radiales<br \/>\nEje en acero inoxidable AISI 304<br \/>\nM\u00e1xima temperatura del l\u00edquido: 60 \u00b0C<br \/>\nCapacidad de succi\u00f3n a nivel del mar: 8 m.<br \/>\nSello mec\u00e1nico en cer\u00e1mica y grafito, con elast\u00f3mero en NBR<br \/>\nCaracter\u00edsticas del motor<br \/>\nMotor de inducci\u00f3n cerrado con bobinado en cobre (Disponible con bobinado de aluminio)<br \/>\nPotencia 0.5 Hp<br \/>\nAislamiento clase F<br \/>\nProtecci\u00f3n IP 44<br \/>\nTemperatura m\u00e1xima de ambiente: 40 \u00b0C<br \/>\nProtecci\u00f3n t\u00e9rmica incorporada para motores monof\u00e1sicos hasta 2 hp.<br \/>\nTrif\u00e1sico 60 Hz, 3450 rpm. 220\/440 V.<br \/>\nDisponibles en versiones a 50 Hz.<br \/>\nSelector de voltaje para bombas monof\u00e1sicas hasta 2 hp.<br \/>\nAplicaciones<br \/>\nSe usan en el mercado residencial, industrial y agricultura.<br \/>\nPerfectas para aplicaciones en las cuales se necesita incrementar la presion, sistemas de riego y transferencia de agua.<br \/>\nAguas limpias.<br \/>\nPunto de mejor eficiencia<br \/>\nLa bomba trabaja eficientemente en ambos lados de la curva, pero el mejor punto de eficiencia es 20 MCA \/ 5 GPM<\/p>\n","protected":false},"excerpt":{"rendered":"<p><strong>Bomba Pearl Perif\u00e9rica | 0.5 Hp | 110 vac | Hierro | Monof\u00e1sico | 20 MCA \/ 5 GPM | S\/D 1\u2033 | PEP 05A16L<\/strong><br \/>\nLa  bomba perif\u00e9rica Pearl PEP 05A16L, dise\u00f1ada para impulsar agua limpia a presi\u00f3n moderada en aplicaciones dom\u00e9sticas como riego o abastecimiento de viviendas unifamiliares con pozos o tanques poco profundos.<\/p>\n","protected":false},"featured_media":2234,"comment_status":"open","ping_status":"closed","template":"","meta":{"_joinchat":[]},"product_brand":[],"product_cat":[89],"product_tag":[],"class_list":{"0":"post-2233","1":"product","2":"type-product","3":"status-publish","4":"has-post-thumbnail","6":"product_cat-electricas","8":"first","9":"instock","10":"taxable","11":"shipping-taxable","12":"purchasable","13":"product-type-simple"},"_links":{"self":[{"href":"https:\/\/etagro.com\/index.php?rest_route=\/wp\/v2\/product\/2233","targetHints":{"allow":["GET"]}}],"collection":[{"href":"https:\/\/etagro.com\/index.php?rest_route=\/wp\/v2\/product"}],"about":[{"href":"https:\/\/etagro.com\/index.php?rest_route=\/wp\/v2\/types\/product"}],"replies":[{"embeddable":true,"href":"https:\/\/etagro.com\/index.php?rest_route=%2Fwp%2Fv2%2Fcomments&post=2233"}],"wp:featuredmedia":[{"embeddable":true,"href":"https:\/\/etagro.com\/index.php?rest_route=\/wp\/v2\/media\/2234"}],"wp:attachment":[{"href":"https:\/\/etagro.com\/index.php?rest_route=%2Fwp%2Fv2%2Fmedia&parent=2233"}],"wp:term":[{"taxonomy":"product_brand","embeddable":true,"href":"https:\/\/etagro.com\/index.php?rest_route=%2Fwp%2Fv2%2Fproduct_brand&post=2233"},{"taxonomy":"product_cat","embeddable":true,"href":"https:\/\/etagro.com\/index.php?rest_route=%2Fwp%2Fv2%2Fproduct_cat&post=2233"},{"taxonomy":"product_tag","embeddable":true,"href":"https:\/\/etagro.com\/index.php?rest_route=%2Fwp%2Fv2%2Fproduct_tag&post=2233"}],"curies":[{"name":"wp","href":"https:\/\/api.w.org\/{rel}","templated":true}]}}