{"id":2202,"date":"2024-11-06T19:41:32","date_gmt":"2024-11-07T00:41:32","guid":{"rendered":"https:\/\/etagro.com\/?post_type=product&#038;p=2202"},"modified":"2024-11-26T03:41:21","modified_gmt":"2024-11-26T08:41:21","slug":"rotavitor-madeco-12","status":"publish","type":"product","link":"https:\/\/etagro.com\/?product=rotavitor-madeco-12","title":{"rendered":"ROTAVITOR MADECO-12"},"content":{"rendered":"<p>CARACTER\u00cdSTICAS T\u00c9CNICAS<\/p>\n<p>Nombre:             ROTAVITOR MADECO12<br \/>\naplicaci\u00f3n en:    Motoazada<br \/>\nAcople                 Directo<br \/>\nTipo de embrague:         Controlador por la motoazada<br \/>\nAncho de trabajo (cm): 65<br \/>\nProfundidad de trabajo (cm):     15<br \/>\nVelocidad m\u00e1xima (rpm):             1600<br \/>\nPosici\u00f3n velocidad:         Baja (L)<br \/>\nCantidad de Cuchillas:    20<br \/>\nCapacidad aceite (l):   1.5<br \/>\nPeso (kg):  50<br \/>\nGarant\u00eda:  1 a\u00f1o<br \/>\nDimensiones: Largo x Ancho x Alto (cm):  73 X 57 X 62<br \/>\nNOTA: La informaci\u00f3n contenida en esta publicaci\u00f3n est\u00e1 basada en el modelo m\u00e1s reciente y contiene la informaci\u00f3n disponible al momento de la impresi\u00f3n de la ficha.<\/p>\n","protected":false},"excerpt":{"rendered":"<p>Cultivador con cuchillas rotativas utilizado principalmente para el repique posterior a la labranza del terreno con las cuchillas tradicionales de la motoazada y para el arado de suelos blandos y tierras finas para mejorar su preparaci\u00f3n previa a la etapa de cultivo productos agr\u00edcolas como hortalizas y tub\u00e9rculos<\/p>\n","protected":false},"featured_media":2203,"comment_status":"open","ping_status":"closed","template":"","meta":{"_joinchat":[]},"product_brand":[],"product_cat":[33],"product_tag":[],"class_list":{"0":"post-2202","1":"product","2":"type-product","3":"status-publish","4":"has-post-thumbnail","6":"product_cat-motoazadas","8":"first","9":"instock","10":"taxable","11":"shipping-taxable","12":"purchasable","13":"product-type-simple"},"_links":{"self":[{"href":"https:\/\/etagro.com\/index.php?rest_route=\/wp\/v2\/product\/2202","targetHints":{"allow":["GET"]}}],"collection":[{"href":"https:\/\/etagro.com\/index.php?rest_route=\/wp\/v2\/product"}],"about":[{"href":"https:\/\/etagro.com\/index.php?rest_route=\/wp\/v2\/types\/product"}],"replies":[{"embeddable":true,"href":"https:\/\/etagro.com\/index.php?rest_route=%2Fwp%2Fv2%2Fcomments&post=2202"}],"wp:featuredmedia":[{"embeddable":true,"href":"https:\/\/etagro.com\/index.php?rest_route=\/wp\/v2\/media\/2203"}],"wp:attachment":[{"href":"https:\/\/etagro.com\/index.php?rest_route=%2Fwp%2Fv2%2Fmedia&parent=2202"}],"wp:term":[{"taxonomy":"product_brand","embeddable":true,"href":"https:\/\/etagro.com\/index.php?rest_route=%2Fwp%2Fv2%2Fproduct_brand&post=2202"},{"taxonomy":"product_cat","embeddable":true,"href":"https:\/\/etagro.com\/index.php?rest_route=%2Fwp%2Fv2%2Fproduct_cat&post=2202"},{"taxonomy":"product_tag","embeddable":true,"href":"https:\/\/etagro.com\/index.php?rest_route=%2Fwp%2Fv2%2Fproduct_tag&post=2202"}],"curies":[{"name":"wp","href":"https:\/\/api.w.org\/{rel}","templated":true}]}}