{"id":2200,"date":"2024-11-06T19:34:48","date_gmt":"2024-11-07T00:34:48","guid":{"rendered":"https:\/\/etagro.com\/?post_type=product&#038;p=2200"},"modified":"2025-10-08T01:26:04","modified_gmt":"2025-10-08T06:26:04","slug":"motoazada-ecomax-diesel-12hp-t-madeco-12","status":"publish","type":"product","link":"https:\/\/etagro.com\/?product=motoazada-ecomax-diesel-12hp-t-madeco-12","title":{"rendered":"Motoazada Ecomax Di\u00e9sel 12Hp T MADECO-12"},"content":{"rendered":"<p>Motoazada Ecomax Di\u00e9sel 12Hp T MADECO12, Ideal en las labores del campo para producci\u00f3n y mantenimiento de cultivos, con el accesorio indicado su equipo podra labrar, cosechar, cortar y mucho mas, es una herramienta insdispensable en peque\u00f1as y medianas areas de trabajo, con la fuerza suficiente para trabajar la tierra y apoyar cada proceso.<\/p>\n","protected":false},"excerpt":{"rendered":"<p>Descripci\u00f3n<br \/>\nMotor: Ecomax ME200<br \/>\nPotencia: 6,5Hp<br \/>\nArranque tipo: Manual Rectr\u00e1ctil<br \/>\nCapacidad tanque combustible: 3,6 lt<br \/>\nConsumo combustible : 1,9 l\/h<br \/>\nModelo kit:WM500<br \/>\nAncho de trabajo:50 \u2013 100 cm<br \/>\nProfundidad de trabajo:15 \u2013 25 cm<\/p>\n","protected":false},"featured_media":2201,"comment_status":"open","ping_status":"closed","template":"","meta":{"_joinchat":[]},"product_brand":[],"product_cat":[33],"product_tag":[],"class_list":{"0":"post-2200","1":"product","2":"type-product","3":"status-publish","4":"has-post-thumbnail","6":"product_cat-motoazadas","8":"first","9":"instock","10":"taxable","11":"shipping-taxable","12":"purchasable","13":"product-type-simple"},"_links":{"self":[{"href":"https:\/\/etagro.com\/index.php?rest_route=\/wp\/v2\/product\/2200","targetHints":{"allow":["GET"]}}],"collection":[{"href":"https:\/\/etagro.com\/index.php?rest_route=\/wp\/v2\/product"}],"about":[{"href":"https:\/\/etagro.com\/index.php?rest_route=\/wp\/v2\/types\/product"}],"replies":[{"embeddable":true,"href":"https:\/\/etagro.com\/index.php?rest_route=%2Fwp%2Fv2%2Fcomments&post=2200"}],"wp:featuredmedia":[{"embeddable":true,"href":"https:\/\/etagro.com\/index.php?rest_route=\/wp\/v2\/media\/2201"}],"wp:attachment":[{"href":"https:\/\/etagro.com\/index.php?rest_route=%2Fwp%2Fv2%2Fmedia&parent=2200"}],"wp:term":[{"taxonomy":"product_brand","embeddable":true,"href":"https:\/\/etagro.com\/index.php?rest_route=%2Fwp%2Fv2%2Fproduct_brand&post=2200"},{"taxonomy":"product_cat","embeddable":true,"href":"https:\/\/etagro.com\/index.php?rest_route=%2Fwp%2Fv2%2Fproduct_cat&post=2200"},{"taxonomy":"product_tag","embeddable":true,"href":"https:\/\/etagro.com\/index.php?rest_route=%2Fwp%2Fv2%2Fproduct_tag&post=2200"}],"curies":[{"name":"wp","href":"https:\/\/api.w.org\/{rel}","templated":true}]}}