{"id":2196,"date":"2024-11-06T19:30:59","date_gmt":"2024-11-07T00:30:59","guid":{"rendered":"https:\/\/etagro.com\/?post_type=product&#038;p=2196"},"modified":"2025-10-08T01:25:49","modified_gmt":"2025-10-08T06:25:49","slug":"motoazada-ecomax-diesel-10hp-t-madeco-10","status":"publish","type":"product","link":"https:\/\/etagro.com\/?product=motoazada-ecomax-diesel-10hp-t-madeco-10","title":{"rendered":"Motoazada Ecomax Di\u00e9sel 10Hp T MADECO-10"},"content":{"rendered":"<p>Motoazada Ecomax Di\u00e9sel 10Hp T MADECO10, Ideal en las labores del campo para producci\u00f3n y mantenimiento de cultivos, con el accesorio indicado su equipo podra labrar, cosechar, cortar y mucho mas, es una herramienta insdispensable en peque\u00f1as y medianas areas de trabajo, con la fuerza suficiente para trabajar la tierra y apoyar cada proceso.<\/p>\n","protected":false},"excerpt":{"rendered":"<p>Descripci\u00f3n<br \/>\nMotor: Ecomax MD4180-G<br \/>\nPotencia: 10Hp<br \/>\nArranque tipo: Manual rectr\u00e1ctil<br \/>\nCapacidad tanque combustible: 5,5 lt<br \/>\nConsumo combustible : 2,1 l\/h<br \/>\nRendimiento:550 \u2013 1200 m2\/h<br \/>\nAncho de trabajo:140 cm<br \/>\nProfundidad de trabajo:15 \u2013 30 cm<\/p>\n","protected":false},"featured_media":2199,"comment_status":"open","ping_status":"closed","template":"","meta":{"_joinchat":[]},"product_brand":[],"product_cat":[33],"product_tag":[],"class_list":{"0":"post-2196","1":"product","2":"type-product","3":"status-publish","4":"has-post-thumbnail","6":"product_cat-motoazadas","8":"first","9":"instock","10":"taxable","11":"shipping-taxable","12":"purchasable","13":"product-type-simple"},"_links":{"self":[{"href":"https:\/\/etagro.com\/index.php?rest_route=\/wp\/v2\/product\/2196","targetHints":{"allow":["GET"]}}],"collection":[{"href":"https:\/\/etagro.com\/index.php?rest_route=\/wp\/v2\/product"}],"about":[{"href":"https:\/\/etagro.com\/index.php?rest_route=\/wp\/v2\/types\/product"}],"replies":[{"embeddable":true,"href":"https:\/\/etagro.com\/index.php?rest_route=%2Fwp%2Fv2%2Fcomments&post=2196"}],"wp:featuredmedia":[{"embeddable":true,"href":"https:\/\/etagro.com\/index.php?rest_route=\/wp\/v2\/media\/2199"}],"wp:attachment":[{"href":"https:\/\/etagro.com\/index.php?rest_route=%2Fwp%2Fv2%2Fmedia&parent=2196"}],"wp:term":[{"taxonomy":"product_brand","embeddable":true,"href":"https:\/\/etagro.com\/index.php?rest_route=%2Fwp%2Fv2%2Fproduct_brand&post=2196"},{"taxonomy":"product_cat","embeddable":true,"href":"https:\/\/etagro.com\/index.php?rest_route=%2Fwp%2Fv2%2Fproduct_cat&post=2196"},{"taxonomy":"product_tag","embeddable":true,"href":"https:\/\/etagro.com\/index.php?rest_route=%2Fwp%2Fv2%2Fproduct_tag&post=2196"}],"curies":[{"name":"wp","href":"https:\/\/api.w.org\/{rel}","templated":true}]}}