{"id":2172,"date":"2024-11-06T19:05:21","date_gmt":"2024-11-07T00:05:21","guid":{"rendered":"https:\/\/etagro.com\/?post_type=product&#038;p=2172"},"modified":"2025-10-23T13:03:48","modified_gmt":"2025-10-23T18:03:48","slug":"triturador-picador-tp-24","status":"publish","type":"product","link":"https:\/\/etagro.com\/?product=triturador-picador-tp-24","title":{"rendered":"Triturador Picador PENAGOS TP-24"},"content":{"rendered":"<p>-Tritura: tub\u00e9rculos, ramas de productos vegetales, entre otros.<br \/>\n-Muele: granos de ma\u00edz, sorgo, soya, arroz, trigo, cebada, frijol, cereales secos o hueso de pescado, produciendo harinas gruesas o finas seg\u00fan la criba utilizada.<br \/>\n-Pica todo tipo de pastos, ca\u00f1as, leguminosas y especies forrajeras.<br \/>\n-Dise\u00f1ada para motor el\u00e9ctrico, contando como accesorio adicional con una base para motores gasolina o di\u00e9sel.<br \/>\n-Posee una tolva para granos con puerta de dosificaci\u00f3n, que facilita ajustar la alimentaci\u00f3n seg\u00fan la potencia usada en el equipo.<\/p>\n<p>No es recomendable para utilizar solo como picadora de pasto.<\/p>\n","protected":false},"excerpt":{"rendered":"<p>El TP \u2013 24 es una combinaci\u00f3n de triturador y picapastos ideal para hacer ensilaje. Est\u00e1 dise\u00f1ado para triturar granos y forrajes (pastos verdes y secos, ca\u00f1a dulce, mazorca de ma\u00edz, tusas etc.). Al trabajar como picapastos brinda la mezcla ideal de forraje, grano concentrado, y ca\u00f1a de az\u00facar que garantiza la completa ingesti\u00f3n por el ganado.<\/p>\n","protected":false},"featured_media":2173,"comment_status":"open","ping_status":"closed","template":"","meta":{"_joinchat":[]},"product_brand":[],"product_cat":[111],"product_tag":[],"class_list":{"0":"post-2172","1":"product","2":"type-product","3":"status-publish","4":"has-post-thumbnail","6":"product_cat-picapasto","8":"first","9":"instock","10":"taxable","11":"shipping-taxable","12":"purchasable","13":"product-type-simple"},"_links":{"self":[{"href":"https:\/\/etagro.com\/index.php?rest_route=\/wp\/v2\/product\/2172","targetHints":{"allow":["GET"]}}],"collection":[{"href":"https:\/\/etagro.com\/index.php?rest_route=\/wp\/v2\/product"}],"about":[{"href":"https:\/\/etagro.com\/index.php?rest_route=\/wp\/v2\/types\/product"}],"replies":[{"embeddable":true,"href":"https:\/\/etagro.com\/index.php?rest_route=%2Fwp%2Fv2%2Fcomments&post=2172"}],"wp:featuredmedia":[{"embeddable":true,"href":"https:\/\/etagro.com\/index.php?rest_route=\/wp\/v2\/media\/2173"}],"wp:attachment":[{"href":"https:\/\/etagro.com\/index.php?rest_route=%2Fwp%2Fv2%2Fmedia&parent=2172"}],"wp:term":[{"taxonomy":"product_brand","embeddable":true,"href":"https:\/\/etagro.com\/index.php?rest_route=%2Fwp%2Fv2%2Fproduct_brand&post=2172"},{"taxonomy":"product_cat","embeddable":true,"href":"https:\/\/etagro.com\/index.php?rest_route=%2Fwp%2Fv2%2Fproduct_cat&post=2172"},{"taxonomy":"product_tag","embeddable":true,"href":"https:\/\/etagro.com\/index.php?rest_route=%2Fwp%2Fv2%2Fproduct_tag&post=2172"}],"curies":[{"name":"wp","href":"https:\/\/api.w.org\/{rel}","templated":true}]}}