{"id":2167,"date":"2024-11-06T19:03:56","date_gmt":"2024-11-07T00:03:56","guid":{"rendered":"https:\/\/etagro.com\/?post_type=product&#038;p=2167"},"modified":"2025-10-23T13:04:02","modified_gmt":"2025-10-23T18:04:02","slug":"triturador-picador-tp-15","status":"publish","type":"product","link":"https:\/\/etagro.com\/?product=triturador-picador-tp-15","title":{"rendered":"Triturador Picador PENAGOS TP-15"},"content":{"rendered":"<p>Al trabajar como picapastos brinda la mezcla ideal de forraje, grano concentrado, y ca\u00f1a de az\u00facar que garantiza la completa ingesti\u00f3n por el ganado. \u2013 Eficiente para moler, picar y triturar variedad de productos. \u2013 Pica todo tipo de pastos, ca\u00f1as, leguminosas y especies forrajeras. \u2013 Muele: granos de ma\u00edz, sorgo, soya, arroz, trigo, cebada, frijol y cereales secos en general, produciendo harinas gruesas o finas seg\u00fan la criba utilizada. \u2013 Tritura: tub\u00e9rculos, ramas de productos vegetales, entre otros. \u2013 Los productos procesados podr\u00e1n ser utilizados para hacer concentrados y como ingredientes de bloques multi-nutricionales<\/p>\n","protected":false},"excerpt":{"rendered":"<p>El TP \u2013 15 es una combinaci\u00f3n de triturador y picapastos ideal para hacer ensilaje. Est\u00e1 dise\u00f1ado para triturar granos y forrajes (pastos verdes y secos, ca\u00f1a dulce, mazorca de ma\u00edz, tusas etc.).<\/p>\n","protected":false},"featured_media":2168,"comment_status":"open","ping_status":"closed","template":"","meta":{"_joinchat":[]},"product_brand":[],"product_cat":[111],"product_tag":[],"class_list":{"0":"post-2167","1":"product","2":"type-product","3":"status-publish","4":"has-post-thumbnail","6":"product_cat-picapasto","8":"first","9":"instock","10":"taxable","11":"shipping-taxable","12":"purchasable","13":"product-type-simple"},"_links":{"self":[{"href":"https:\/\/etagro.com\/index.php?rest_route=\/wp\/v2\/product\/2167","targetHints":{"allow":["GET"]}}],"collection":[{"href":"https:\/\/etagro.com\/index.php?rest_route=\/wp\/v2\/product"}],"about":[{"href":"https:\/\/etagro.com\/index.php?rest_route=\/wp\/v2\/types\/product"}],"replies":[{"embeddable":true,"href":"https:\/\/etagro.com\/index.php?rest_route=%2Fwp%2Fv2%2Fcomments&post=2167"}],"wp:featuredmedia":[{"embeddable":true,"href":"https:\/\/etagro.com\/index.php?rest_route=\/wp\/v2\/media\/2168"}],"wp:attachment":[{"href":"https:\/\/etagro.com\/index.php?rest_route=%2Fwp%2Fv2%2Fmedia&parent=2167"}],"wp:term":[{"taxonomy":"product_brand","embeddable":true,"href":"https:\/\/etagro.com\/index.php?rest_route=%2Fwp%2Fv2%2Fproduct_brand&post=2167"},{"taxonomy":"product_cat","embeddable":true,"href":"https:\/\/etagro.com\/index.php?rest_route=%2Fwp%2Fv2%2Fproduct_cat&post=2167"},{"taxonomy":"product_tag","embeddable":true,"href":"https:\/\/etagro.com\/index.php?rest_route=%2Fwp%2Fv2%2Fproduct_tag&post=2167"}],"curies":[{"name":"wp","href":"https:\/\/api.w.org\/{rel}","templated":true}]}}