{"id":2157,"date":"2024-11-06T18:27:17","date_gmt":"2024-11-06T23:27:17","guid":{"rendered":"https:\/\/etagro.com\/?post_type=product&#038;p=2157"},"modified":"2025-10-07T17:10:23","modified_gmt":"2025-10-07T22:10:23","slug":"molino-de-discos-mdp-60","status":"publish","type":"product","link":"https:\/\/etagro.com\/?product=molino-de-discos-mdp-60","title":{"rendered":"Molino de Discos MDP-60"},"content":{"rendered":"<p>Ideal para moler: Productos secos y h\u00famedos, condimentos y arom\u00e1ticos, caf\u00e9 y cacao tostados, ma\u00edz duro y blando para harinas gruesas, ma\u00edz cocinado para industria de arepas, productos de estructura cristalina y resistente a la temperatura.<\/p>\n<p>\u2013 Este molino incluye dos juegos de discos.<br \/>\n\u2013 Equipo simple y robusto.<br \/>\n\u2013 Vers\u00e1til.<br \/>\n\u2013 Larga vida \u00fatil.<br \/>\n\u2013 Tolva en l\u00e1mina inoxidable.<br \/>\n\u2013 Compuerta de graduaci\u00f3n.<br \/>\n\u2013 F\u00e1cil operaci\u00f3n y mantenimiento<\/p>\n<p>*No se recomienda el uso de motores a combusti\u00f3n ya que pueden contaminar el producto procesado.<\/p>\n<p>Nota: La base se vende por separado.<\/p>\n","protected":false},"excerpt":{"rendered":"<p>Nuevo sistema de calibraci\u00f3n de discos.<br \/>\nM\u00e1s r\u00e1pido, pr\u00e1ctico y sencillo.<\/p>\n<p>El molino para granos es de gran utilidad en las industrias grandes o peque\u00f1as, tiene gran aceptaci\u00f3n para moler caf\u00e9 tostado. Con \u00e9l se obtienen diferentes granulometr\u00edas, mediante el ajuste apropiado de los discos y colocando la fuerza (HP) necesaria.<\/p>\n","protected":false},"featured_media":2158,"comment_status":"open","ping_status":"closed","template":"","meta":{"_joinchat":[]},"product_brand":[],"product_cat":[111,37,15],"product_tag":[],"class_list":{"0":"post-2157","1":"product","2":"type-product","3":"status-publish","4":"has-post-thumbnail","6":"product_cat-picapasto","7":"product_cat-ensiladoras-y-molinos","8":"product_cat-tienda","10":"first","11":"instock","12":"taxable","13":"shipping-taxable","14":"purchasable","15":"product-type-simple"},"_links":{"self":[{"href":"https:\/\/etagro.com\/index.php?rest_route=\/wp\/v2\/product\/2157","targetHints":{"allow":["GET"]}}],"collection":[{"href":"https:\/\/etagro.com\/index.php?rest_route=\/wp\/v2\/product"}],"about":[{"href":"https:\/\/etagro.com\/index.php?rest_route=\/wp\/v2\/types\/product"}],"replies":[{"embeddable":true,"href":"https:\/\/etagro.com\/index.php?rest_route=%2Fwp%2Fv2%2Fcomments&post=2157"}],"wp:featuredmedia":[{"embeddable":true,"href":"https:\/\/etagro.com\/index.php?rest_route=\/wp\/v2\/media\/2158"}],"wp:attachment":[{"href":"https:\/\/etagro.com\/index.php?rest_route=%2Fwp%2Fv2%2Fmedia&parent=2157"}],"wp:term":[{"taxonomy":"product_brand","embeddable":true,"href":"https:\/\/etagro.com\/index.php?rest_route=%2Fwp%2Fv2%2Fproduct_brand&post=2157"},{"taxonomy":"product_cat","embeddable":true,"href":"https:\/\/etagro.com\/index.php?rest_route=%2Fwp%2Fv2%2Fproduct_cat&post=2157"},{"taxonomy":"product_tag","embeddable":true,"href":"https:\/\/etagro.com\/index.php?rest_route=%2Fwp%2Fv2%2Fproduct_tag&post=2157"}],"curies":[{"name":"wp","href":"https:\/\/api.w.org\/{rel}","templated":true}]}}