{"id":2131,"date":"2024-07-28T00:17:10","date_gmt":"2024-07-28T05:17:10","guid":{"rendered":"https:\/\/etagro.com\/?post_type=product&#038;p=2131"},"modified":"2025-10-16T10:28:02","modified_gmt":"2025-10-16T15:28:02","slug":"cortacesped-a-gasolina-stiga-combi-753","status":"publish","type":"product","link":"https:\/\/etagro.com\/?product=cortacesped-a-gasolina-stiga-combi-753","title":{"rendered":"Cortac\u00e9sped Combi 753 s"},"content":{"rendered":"<ul class=\"list_check\">\n<li>El sistema de corte 4 en 1 le permite elegir el m\u00e9todo de corte perfecto para las necesidades del c\u00e9sped<\/li>\n<li>El variador de velocidad hace que controlar la velocidad sea f\u00e1cil y c\u00f3modo<\/li>\n<li>Regulaci\u00f3n centralizada de la altura de corte con una \u00fanica palanca<\/li>\n<li>Equipado con un motor Honda GCVx170; fiable y de gran rendimiento<\/li>\n<li>Recogedor de gran volumen (60\u00a0l)<\/li>\n<li>cubierta de acero galvanizado<\/li>\n<\/ul>\n","protected":false},"excerpt":{"rendered":"<p>Este cortac\u00e9sped autopropulsado est\u00e1 equipado con un motor de gasolina Honda GCVx170 de alto rendimiento. El sistema de corte 4 en 1 le permite elegir el m\u00e9todo de corte m\u00e1s adecuado en funci\u00f3n de las necesidades del c\u00e9sped: recogida, mulching, descarga lateral y descarga trasera. El recogedor de 60 litros incluido le permite cortar continuamente, sin tener que parar para vaciar el saco. Adecuado para jardines de hasta 1800\u00a0m2.<\/p>\n","protected":false},"featured_media":2304,"comment_status":"open","ping_status":"closed","template":"","meta":{"_joinchat":[]},"product_brand":[],"product_cat":[60,121],"product_tag":[],"class_list":{"0":"post-2131","1":"product","2":"type-product","3":"status-publish","4":"has-post-thumbnail","6":"product_cat-cortacesped","7":"product_cat-stiga","9":"first","10":"instock","11":"taxable","12":"shipping-taxable","13":"purchasable","14":"product-type-simple"},"_links":{"self":[{"href":"https:\/\/etagro.com\/index.php?rest_route=\/wp\/v2\/product\/2131","targetHints":{"allow":["GET"]}}],"collection":[{"href":"https:\/\/etagro.com\/index.php?rest_route=\/wp\/v2\/product"}],"about":[{"href":"https:\/\/etagro.com\/index.php?rest_route=\/wp\/v2\/types\/product"}],"replies":[{"embeddable":true,"href":"https:\/\/etagro.com\/index.php?rest_route=%2Fwp%2Fv2%2Fcomments&post=2131"}],"wp:featuredmedia":[{"embeddable":true,"href":"https:\/\/etagro.com\/index.php?rest_route=\/wp\/v2\/media\/2304"}],"wp:attachment":[{"href":"https:\/\/etagro.com\/index.php?rest_route=%2Fwp%2Fv2%2Fmedia&parent=2131"}],"wp:term":[{"taxonomy":"product_brand","embeddable":true,"href":"https:\/\/etagro.com\/index.php?rest_route=%2Fwp%2Fv2%2Fproduct_brand&post=2131"},{"taxonomy":"product_cat","embeddable":true,"href":"https:\/\/etagro.com\/index.php?rest_route=%2Fwp%2Fv2%2Fproduct_cat&post=2131"},{"taxonomy":"product_tag","embeddable":true,"href":"https:\/\/etagro.com\/index.php?rest_route=%2Fwp%2Fv2%2Fproduct_tag&post=2131"}],"curies":[{"name":"wp","href":"https:\/\/api.w.org\/{rel}","templated":true}]}}