{"id":2061,"date":"2023-07-05T16:29:38","date_gmt":"2023-07-05T21:29:38","guid":{"rendered":"https:\/\/etagro.com\/?post_type=product&#038;p=2061"},"modified":"2025-10-23T13:02:35","modified_gmt":"2025-10-23T18:02:35","slug":"picadora-para-ensilaje-pe-800","status":"publish","type":"product","link":"https:\/\/etagro.com\/?product=picadora-para-ensilaje-pe-800","title":{"rendered":"Picadora para Ensilaje PENAGOS PE-800"},"content":{"rendered":"<p>Especificaciones:<\/p>\n<table style=\"height: 352px;\" width=\"285\">\n<tbody>\n<tr>\n<td>Capacidad picando verdes (Ca\u00f1a)* : 2.000 a 4.500 kg\/h<\/td>\n<\/tr>\n<tr>\n<td>Capacidad picando verdes (Hojas)* : 1.500 a 2.500 kg\/h<\/td>\n<\/tr>\n<tr>\n<td>N\u00famero de cuchillas : 3 m\u00f3viles \/ 1 fija<\/td>\n<\/tr>\n<tr>\n<td>Tama\u00f1os de corte : 5,6.5 y 9 mm<\/td>\n<\/tr>\n<tr>\n<td>Motor el\u00e9ctrico** : 5.0 a 7.5 HP<\/td>\n<\/tr>\n<tr>\n<td>Motor gasolina** : 10 a 13 HP<\/td>\n<\/tr>\n<tr>\n<td>Peso de la m\u00e1quina : 118 Kg<\/td>\n<\/tr>\n<\/tbody>\n<\/table>\n<p>&nbsp;<\/p>\n<p>*Esta capacidad puede variar seg\u00fan la humedad, el peso espec\u00edfico del material picado y la agilidad del operador en alimentar la m\u00e1quina.<\/p>\n<p>**Para motor a gasolina o di\u00e9sel la base debe ir anclada al piso.<\/p>\n<p>Nota: Se recomienda que al momento de alimentar la maquina con mata de ma\u00edz y la mazorca, se dosifique de forma moderada para evitar atascamiento de las pi\u00f1as<\/p>\n","protected":false},"excerpt":{"rendered":"<ul>\n<li>Pica pasto, ca\u00f1a, ma\u00edz, sorgo, leguminosas y otras especies forrajeras<\/li>\n<li>Ideal para hacer ensilaje y almacenar el silo en \u00e9pocas de sequ\u00eda<\/li>\n<li>Posee una caja de engranajes para obtener diferentes tama\u00f1os de corte<\/li>\n<li>Con base para adaptar moto el\u00e9ctrico, di\u00e9sel o gasolina<\/li>\n<\/ul>\n<p>&nbsp;<\/p>\n","protected":false},"featured_media":2062,"comment_status":"open","ping_status":"closed","template":"","meta":{"_joinchat":[]},"product_brand":[],"product_cat":[111],"product_tag":[],"class_list":{"0":"post-2061","1":"product","2":"type-product","3":"status-publish","4":"has-post-thumbnail","6":"product_cat-picapasto","8":"first","9":"instock","10":"taxable","11":"shipping-taxable","12":"purchasable","13":"product-type-simple"},"_links":{"self":[{"href":"https:\/\/etagro.com\/index.php?rest_route=\/wp\/v2\/product\/2061","targetHints":{"allow":["GET"]}}],"collection":[{"href":"https:\/\/etagro.com\/index.php?rest_route=\/wp\/v2\/product"}],"about":[{"href":"https:\/\/etagro.com\/index.php?rest_route=\/wp\/v2\/types\/product"}],"replies":[{"embeddable":true,"href":"https:\/\/etagro.com\/index.php?rest_route=%2Fwp%2Fv2%2Fcomments&post=2061"}],"wp:featuredmedia":[{"embeddable":true,"href":"https:\/\/etagro.com\/index.php?rest_route=\/wp\/v2\/media\/2062"}],"wp:attachment":[{"href":"https:\/\/etagro.com\/index.php?rest_route=%2Fwp%2Fv2%2Fmedia&parent=2061"}],"wp:term":[{"taxonomy":"product_brand","embeddable":true,"href":"https:\/\/etagro.com\/index.php?rest_route=%2Fwp%2Fv2%2Fproduct_brand&post=2061"},{"taxonomy":"product_cat","embeddable":true,"href":"https:\/\/etagro.com\/index.php?rest_route=%2Fwp%2Fv2%2Fproduct_cat&post=2061"},{"taxonomy":"product_tag","embeddable":true,"href":"https:\/\/etagro.com\/index.php?rest_route=%2Fwp%2Fv2%2Fproduct_tag&post=2061"}],"curies":[{"name":"wp","href":"https:\/\/api.w.org\/{rel}","templated":true}]}}